{"id":1010856,"date":"2024-09-05T09:51:54","date_gmt":"2024-09-05T09:51:54","guid":{"rendered":"https:\/\/store.todsystem.com\/prodotto\/robotis-dream%e2%85%b1-level-1-kit-en\/"},"modified":"2025-06-11T08:38:50","modified_gmt":"2025-06-11T08:38:50","slug":"robotis-dream\u2171-kit-nivel-1-es","status":"publish","type":"product","link":"https:\/\/store.todsystem.com\/es\/producto\/robotis-dream\u2171-kit-nivel-1-es\/","title":{"rendered":"ROBOTIS DREAM\u2161 Kit Nivel 1 [ES]."},"content":{"rendered":"<div class=\"vgblk-rw-wrapper limit-wrapper\">\n<p data-sourcepos=\"12:1-12:261\">\u00a1La serie ROBOTIS Dream II es la elecci\u00f3n ideal! Dise\u00f1ada para ni\u00f1os peque\u00f1os, esta l\u00ednea de kits educativos ofrece un enfoque l\u00fadico y estructurado para aprender los fundamentos de la rob\u00f3tica.<\/p>\n<p data-sourcepos=\"14:1-14:286\">Con manuales ilustrados y detallados, los ni\u00f1os aprender\u00e1n a construir robots cada vez m\u00e1s complejos, experimentando con la electricidad, los sensores y los distintos modos de movimiento.<\/p>\n<p data-sourcepos=\"14:1-14:286\">Cada kit es un paso hacia una comprensi\u00f3n m\u00e1s profunda de los principios cient\u00edficos que rigen la rob\u00f3tica.<\/p>\n<p data-sourcepos=\"16:1-16:38\"><strong>\u00bfPor qu\u00e9 elegir ROBOTIS Dream II?<\/strong><\/p>\n<ul data-sourcepos=\"18:1-22:0\">\n<li data-sourcepos=\"18:1-18:167\"><strong>Aprendizaje gradual:<\/strong> Los kits est\u00e1n estructurados para seguir una progresi\u00f3n de dificultad, lo que permite a los ni\u00f1os adquirir nuevas habilidades paso a paso.<\/li>\n<li data-sourcepos=\"19:1-19:170\"><strong>Manuales intuitivos:<\/strong> Instrucciones claras e ilustradas gu\u00edan a los ni\u00f1os en la construcci\u00f3n y programaci\u00f3n de sus robots, fomentando la autonom\u00eda y el descubrimiento.<\/li>\n<li data-sourcepos=\"20:1-20:157\"><strong>Estimular la creatividad:<\/strong> Adem\u00e1s de los modelos que se ofrecen, se anima a los ni\u00f1os a crear sus propios robots, dando rienda suelta a su imaginaci\u00f3n.<\/li>\n<li data-sourcepos=\"21:1-22:0\"><strong>Calidad y seguridad:<\/strong> Los materiales utilizados son de alta calidad y los kits est\u00e1n dise\u00f1ados para garantizar la m\u00e1xima seguridad durante su uso.<\/li>\n<\/ul>\n<p data-sourcepos=\"23:1-23:31\"><strong>\u00bfQu\u00e9 aprender\u00e1n los ni\u00f1os?<\/strong><\/p>\n<ul data-sourcepos=\"25:1-29:0\">\n<li data-sourcepos=\"25:1-25:78\"><strong>Conceptos b\u00e1sicos de rob\u00f3tica:<\/strong> Mec\u00e1nica, electr\u00f3nica, programaci\u00f3n.<\/li>\n<li data-sourcepos=\"26:1-26:107\"><strong>Soluci\u00f3n de problemas:<\/strong> Afrontar y resolver retos durante la construcci\u00f3n y la programaci\u00f3n.<\/li>\n<li data-sourcepos=\"27:1-27:95\"><strong>Trabajar en equipo:<\/strong> Colaborar con otros ni\u00f1os para realizar proyectos m\u00e1s complejos.<\/li>\n<li data-sourcepos=\"28:1-29:0\"><strong>Pensar cr\u00edticamente:<\/strong> Analizar los resultados de los experimentos y mejorar las propias creaciones.<\/li>\n<\/ul>\n<\/div>\n<p><!-- .vgblk-rw-wrapper --><\/p>","protected":false},"excerpt":{"rendered":"<p>ROBOTIS Dream II: la serie perfecta para estimular la creatividad y la curiosidad de los ni\u00f1os.<\/p>\n<p>Construye, experimenta y aprende los fundamentos de la rob\u00f3tica.<\/p>","protected":false},"featured_media":1013078,"template":"","meta":[],"pwb-brand":[],"product_brand":[],"product_cat":[651],"product_tag":[],"class_list":{"0":"post-1010856","1":"product","2":"type-product","3":"status-publish","4":"has-post-thumbnail","6":"product_cat-kit-robotici-educativi","8":"first","9":"instock","10":"shipping-taxable","11":"product-type-simple"},"brands":[],"_links":{"self":[{"href":"https:\/\/store.todsystem.com\/es\/wp-json\/wp\/v2\/product\/1010856","targetHints":{"allow":["GET"]}}],"collection":[{"href":"https:\/\/store.todsystem.com\/es\/wp-json\/wp\/v2\/product"}],"about":[{"href":"https:\/\/store.todsystem.com\/es\/wp-json\/wp\/v2\/types\/product"}],"version-history":[{"count":5,"href":"https:\/\/store.todsystem.com\/es\/wp-json\/wp\/v2\/product\/1010856\/revisions"}],"predecessor-version":[{"id":1013271,"href":"https:\/\/store.todsystem.com\/es\/wp-json\/wp\/v2\/product\/1010856\/revisions\/1013271"}],"wp:featuredmedia":[{"embeddable":true,"href":"https:\/\/store.todsystem.com\/es\/wp-json\/wp\/v2\/media\/1013078"}],"wp:attachment":[{"href":"https:\/\/store.todsystem.com\/es\/wp-json\/wp\/v2\/media?parent=1010856"}],"wp:term":[{"taxonomy":"pwb-brand","embeddable":true,"href":"https:\/\/store.todsystem.com\/es\/wp-json\/wp\/v2\/pwb-brand?post=1010856"},{"taxonomy":"product_brand","embeddable":true,"href":"https:\/\/store.todsystem.com\/es\/wp-json\/wp\/v2\/product_brand?post=1010856"},{"taxonomy":"product_cat","embeddable":true,"href":"https:\/\/store.todsystem.com\/es\/wp-json\/wp\/v2\/product_cat?post=1010856"},{"taxonomy":"product_tag","embeddable":true,"href":"https:\/\/store.todsystem.com\/es\/wp-json\/wp\/v2\/product_tag?post=1010856"}],"curies":[{"name":"wp","href":"https:\/\/api.w.org\/{rel}","templated":true}]}}