{"id":1010855,"date":"2024-09-05T09:51:54","date_gmt":"2024-09-05T09:51:54","guid":{"rendered":"https:\/\/store.todsystem.com\/prodotto\/robotis-stem-level-2-en\/"},"modified":"2025-06-11T08:38:50","modified_gmt":"2025-06-11T08:38:50","slug":"robotis-stem-level-2-en","status":"publish","type":"product","link":"https:\/\/store.todsystem.com\/es\/producto\/robotis-stem-level-2-en\/","title":{"rendered":"ROBOTIS STEM Nivel 2 [EN]."},"content":{"rendered":"<div class=\"vgblk-rw-wrapper limit-wrapper\">\n<p data-sourcepos=\"7:1-7:90\"><strong>Robotis Bioloid STEM Kit - Expansi\u00f3n Nivel 2: Su laboratorio de rob\u00f3tica avanzada<\/strong><\/p>\n<p data-sourcepos=\"9:1-9:361\">\u00a1Ampl\u00eda tus horizontes en rob\u00f3tica con el kit de expansi\u00f3n Robotis Bioloid STEM Nivel 2!<\/p>\n<p data-sourcepos=\"9:1-9:361\">Dise\u00f1ado para profundizar en los conceptos STEM ya introducidos en el Nivel 1, este kit te permitir\u00e1 construir <strong>hasta 9 modelos de robot diferentes<\/strong> y experimentar con <strong>principios cient\u00edficos avanzados<\/strong> como la din\u00e1mica de cuerpos r\u00edgidos, la cinem\u00e1tica y la biom\u00edmesis.<\/p>\n<p data-sourcepos=\"11:1-11:19\"><strong>Lo que aprender\u00e1:<\/strong><\/p>\n<ul data-sourcepos=\"13:1-16:0\">\n<li data-sourcepos=\"13:1-13:127\"><strong>Mec\u00e1nica y control:<\/strong> Ensamble y programe robots complejos utilizando servomotores Dynamixel AX-12A de alto rendimiento.<\/li>\n<li data-sourcepos=\"14:1-14:119\"><strong>Inteligencia artificial:<\/strong> Implemente algoritmos de control para conseguir un comportamiento aut\u00f3nomo en sus robots.<\/li>\n<li data-sourcepos=\"15:1-16:0\"><strong>Soluci\u00f3n de problemas:<\/strong> Aborda los retos de la ingenier\u00eda y desarrolla un enfoque sistem\u00e1tico de la resoluci\u00f3n de problemas.<\/li>\n<\/ul>\n<p data-sourcepos=\"17:1-17:22\"><strong>Contenido del kit:<\/strong><\/p>\n<ul data-sourcepos=\"19:1-23:0\">\n<li data-sourcepos=\"19:1-19:32\">4 servomotores Dynamixel AX-12A<\/li>\n<li data-sourcepos=\"20:1-20:12\">Controlador<\/li>\n<li data-sourcepos=\"21:1-21:24\">Piezas mec\u00e1nicas diversas<\/li>\n<li data-sourcepos=\"22:1-23:0\">Manual de usuario detallado<\/li>\n<\/ul>\n<p data-sourcepos=\"24:1-24:15\"><strong>Ideal para:<\/strong><\/p>\n<ul data-sourcepos=\"26:1-29:0\">\n<li data-sourcepos=\"26:1-26:87\"><strong>Estudiantes<\/strong> que deseen ampliar sus conocimientos en rob\u00f3tica e ingenier\u00eda.<\/li>\n<li data-sourcepos=\"27:1-27:75\"><strong>Entusiastas<\/strong> de rob\u00f3tica que quieran crear proyectos personalizados.<\/li>\n<li data-sourcepos=\"28:1-29:0\"><strong>Educadores<\/strong> que buscan un kit vers\u00e1til para actividades educativas atractivas.<\/li>\n<\/ul>\n<p data-sourcepos=\"30:1-30:79\"><strong>\u00a1Descubre un mundo de posibilidades con Robotis Bioloid STEM Level 2 Expansion!<\/strong><\/p>\n<\/div>\n<p><!-- .vgblk-rw-wrapper --><\/p>","protected":false},"excerpt":{"rendered":"<p>El kit de ampliaci\u00f3n Robotis STEM Nivel 1 es la soluci\u00f3n ideal.<\/p>\n<p>Con este set, podr\u00e1s construir 9 nuevos robots m\u00e1s complejos e interactivos.<\/p>\n<p>Una oportunidad \u00fanica para desarrollar tus habilidades en electr\u00f3nica, programaci\u00f3n y mec\u00e1nica.<\/p>","protected":false},"featured_media":1013088,"template":"","meta":[],"pwb-brand":[],"product_brand":[],"product_cat":[651],"product_tag":[],"class_list":{"0":"post-1010855","1":"product","2":"type-product","3":"status-publish","4":"has-post-thumbnail","6":"product_cat-kit-robotici-educativi","8":"first","9":"instock","10":"shipping-taxable","11":"product-type-simple"},"brands":[],"_links":{"self":[{"href":"https:\/\/store.todsystem.com\/es\/wp-json\/wp\/v2\/product\/1010855","targetHints":{"allow":["GET"]}}],"collection":[{"href":"https:\/\/store.todsystem.com\/es\/wp-json\/wp\/v2\/product"}],"about":[{"href":"https:\/\/store.todsystem.com\/es\/wp-json\/wp\/v2\/types\/product"}],"version-history":[{"count":3,"href":"https:\/\/store.todsystem.com\/es\/wp-json\/wp\/v2\/product\/1010855\/revisions"}],"predecessor-version":[{"id":1013279,"href":"https:\/\/store.todsystem.com\/es\/wp-json\/wp\/v2\/product\/1010855\/revisions\/1013279"}],"wp:featuredmedia":[{"embeddable":true,"href":"https:\/\/store.todsystem.com\/es\/wp-json\/wp\/v2\/media\/1013088"}],"wp:attachment":[{"href":"https:\/\/store.todsystem.com\/es\/wp-json\/wp\/v2\/media?parent=1010855"}],"wp:term":[{"taxonomy":"pwb-brand","embeddable":true,"href":"https:\/\/store.todsystem.com\/es\/wp-json\/wp\/v2\/pwb-brand?post=1010855"},{"taxonomy":"product_brand","embeddable":true,"href":"https:\/\/store.todsystem.com\/es\/wp-json\/wp\/v2\/product_brand?post=1010855"},{"taxonomy":"product_cat","embeddable":true,"href":"https:\/\/store.todsystem.com\/es\/wp-json\/wp\/v2\/product_cat?post=1010855"},{"taxonomy":"product_tag","embeddable":true,"href":"https:\/\/store.todsystem.com\/es\/wp-json\/wp\/v2\/product_tag?post=1010855"}],"curies":[{"name":"wp","href":"https:\/\/api.w.org\/{rel}","templated":true}]}}