{"id":1010854,"date":"2024-09-05T09:51:54","date_gmt":"2024-09-05T09:51:54","guid":{"rendered":"https:\/\/store.todsystem.com\/prodotto\/robotis-stem-level-1-en\/"},"modified":"2025-06-11T12:02:29","modified_gmt":"2025-06-11T12:02:29","slug":"robotis-stem-level-1-en","status":"publish","type":"product","link":"https:\/\/store.todsystem.com\/es\/producto\/robotis-stem-level-1-en\/","title":{"rendered":"ROBOTIS STEM Nivel 1 [EN]."},"content":{"rendered":"<div class=\"vgblk-rw-wrapper limit-wrapper\">Kit STEM Bioloid de Robotis<\/p>\n<p>- El Est\u00e1ndar de Nivel 1 aborda las materias STEM de forma detallada y no repetitiva, empezando por el\u00a0<strong>fundamentos de programaci\u00f3n<\/strong>\u00a0hasta\u00a0<strong>principios cient\u00edficos avanzados<\/strong>\u00a0explicados en detalle, como el mecanismo de 4 barras, la fuerza centr\u00edfuga y centr\u00edpeta, las caracter\u00edsticas del sonido, los engranajes diferenciales, el mecanismo de transmisi\u00f3n y mucho m\u00e1s.<\/p>\n<p>El kit le permite seguir un\u00a0<strong>programa educativo<\/strong>\u00a0de la duraci\u00f3n aproximada de\u00a0<strong>21 lecciones<\/strong>\u00a0y permite\u00a0<strong>hasta 7 tipos de robots diferentes<\/strong>\u00a0adecuado para realizar diversas misiones incluso en\u00a0<strong>competiciones de rob\u00f3tica<\/strong>. Los robots que se pueden hacer con este kit son:<\/p>\n<ul>\n<li>Robot de mando secuencial<\/li>\n<li>Robot cazabichos<\/li>\n<li>Robot Vaso<\/li>\n<li>Seguidor de l\u00ednea<\/li>\n<li>Piano digital<\/li>\n<li>Moto<\/li>\n<li>Avoider<\/li>\n<\/ul>\n<p>&nbsp;<\/p>\n<p>El Robotis Bioloid STEM Kit - Nivel 1 - Est\u00e1ndar se basa en el\u00a0<strong>Microcontrolador CM-530 (ARM Cortex)<\/strong>\u00a0y hace uso de determinados componentes electr\u00f3nicos como un\u00a0<strong>sensor de infrarrojos<\/strong>\u00a0y dos\u00a0<strong>Servomotores AX-12W<\/strong>Tambi\u00e9n admite programaci\u00f3n con\u00a0<strong>RoboPlus<\/strong>un potente software para gestionar y controlar el robot.<\/p>\n<p>Esto permite que cada estudiante o usuario del kit aprenda a\u00a0<strong>pensamiento cient\u00edfico\u00a0<\/strong>y abordar la resoluci\u00f3n de problemas de forma aut\u00f3noma, ayudados tambi\u00e9n por la detallada\u00a0<a href=\"http:\/\/support.robotis.com\/en\/\" target=\"_blank\" rel=\"noopener nofollow\">manual de usuario en ingl\u00e9s<\/a>\u00a0incluido en el paquete.<\/p>\n<h2>ESPECIFICACIONES<\/h2>\n<ul>\n<li>Tipos de robots: hasta 7<\/li>\n<li>Programa pedag\u00f3gico: hasta 21 lecciones<\/li>\n<li>Contenido cient\u00edfico:\n<ul>\n<li>Mecanismos de 4 barras<\/li>\n<li>fuerza centr\u00edfuga y centr\u00edpeta<\/li>\n<li>caracter\u00edsticas sonoras<\/li>\n<li>engranajes diferenciales<\/li>\n<li>mecanismo de direcci\u00f3n, etc.<\/li>\n<\/ul>\n<\/li>\n<li>Componentes principales:\n<ul>\n<li>Microcontrolador CM-530 (ARM Cortex)<\/li>\n<li>sensor de infrarrojos<\/li>\n<li>Servomotor AX-12W<\/li>\n<\/ul>\n<\/li>\n<\/ul>\n<\/div>\n<p><!-- .vgblk-rw-wrapper --><\/p>","protected":false},"excerpt":{"rendered":"<p data-sourcepos=\"5:1-5:365\">Este innovador kit es tu pasaporte al mundo de la rob\u00f3tica y la programaci\u00f3n.<\/p>\n<p data-sourcepos=\"5:1-5:365\">Construye hasta 7 modelos de robot \u00fanicos y personal\u00edzalos para afrontar nuevos retos.<\/p>\n<p data-sourcepos=\"5:1-5:365\">Una forma divertida y atractiva de profundizar en las materias STEM y desarrollar habilidades clave para el futuro.<\/p>\n<p data-sourcepos=\"7:1-7:78\">","protected":false},"featured_media":1013117,"template":"","meta":[],"pwb-brand":[],"product_brand":[],"product_cat":[651],"product_tag":[],"class_list":{"0":"post-1010854","1":"product","2":"type-product","3":"status-publish","4":"has-post-thumbnail","6":"product_cat-kit-robotici-educativi","8":"first","9":"instock","10":"shipping-taxable","11":"product-type-simple"},"brands":[],"_links":{"self":[{"href":"https:\/\/store.todsystem.com\/es\/wp-json\/wp\/v2\/product\/1010854","targetHints":{"allow":["GET"]}}],"collection":[{"href":"https:\/\/store.todsystem.com\/es\/wp-json\/wp\/v2\/product"}],"about":[{"href":"https:\/\/store.todsystem.com\/es\/wp-json\/wp\/v2\/types\/product"}],"version-history":[{"count":4,"href":"https:\/\/store.todsystem.com\/es\/wp-json\/wp\/v2\/product\/1010854\/revisions"}],"predecessor-version":[{"id":1017057,"href":"https:\/\/store.todsystem.com\/es\/wp-json\/wp\/v2\/product\/1010854\/revisions\/1017057"}],"wp:featuredmedia":[{"embeddable":true,"href":"https:\/\/store.todsystem.com\/es\/wp-json\/wp\/v2\/media\/1013117"}],"wp:attachment":[{"href":"https:\/\/store.todsystem.com\/es\/wp-json\/wp\/v2\/media?parent=1010854"}],"wp:term":[{"taxonomy":"pwb-brand","embeddable":true,"href":"https:\/\/store.todsystem.com\/es\/wp-json\/wp\/v2\/pwb-brand?post=1010854"},{"taxonomy":"product_brand","embeddable":true,"href":"https:\/\/store.todsystem.com\/es\/wp-json\/wp\/v2\/product_brand?post=1010854"},{"taxonomy":"product_cat","embeddable":true,"href":"https:\/\/store.todsystem.com\/es\/wp-json\/wp\/v2\/product_cat?post=1010854"},{"taxonomy":"product_tag","embeddable":true,"href":"https:\/\/store.todsystem.com\/es\/wp-json\/wp\/v2\/product_tag?post=1010854"}],"curies":[{"name":"wp","href":"https:\/\/api.w.org\/{rel}","templated":true}]}}