{"id":1010851,"date":"2024-09-05T09:51:54","date_gmt":"2024-09-05T09:51:54","guid":{"rendered":"https:\/\/store.todsystem.com\/prodotto\/robotis-play-700-ollobot\/"},"modified":"2025-06-11T08:38:50","modified_gmt":"2025-06-11T08:38:50","slug":"robotis-play-700-ollobot","status":"publish","type":"product","link":"https:\/\/store.todsystem.com\/es\/producto\/robotis-play-700-ollobot\/","title":{"rendered":"ROBOTIS PLAY 700 OLLOBOT"},"content":{"rendered":"<div class=\"vgblk-rw-wrapper limit-wrapper\"><span>ROBOTIS PLAY 700 OLLOBOT es un kit de rob\u00f3tica reconfigurable y programable que introduce a los ni\u00f1os en los conceptos STEAM. <\/span><\/p>\n<p><span>Basado en el PLAY 600 PET, el PLAY 700 hace hincapi\u00e9 en el dise\u00f1o creativo mediante el sistema de remaches patentado por ROBOTIS y a\u00f1ade dos elementos: la programaci\u00f3n y la conectividad con dispositivos inteligentes. <\/span><\/p>\n<p><span>El controlador incluido con el PLAY 700, el CM-50, es un engranaje motorizado que da vida a la creaci\u00f3n de su hijo. <\/span><\/p>\n<p><span>Tambi\u00e9n incluye sensores integrados para que los ni\u00f1os puedan aprender a programar mediante SCRATCH o ROBOTIS R+TASK.\u00a0<\/span><\/p>\n<p><span>Puedes construir hasta 6 figuras de robot diferentes con ROBOTIS PLAY 700. <\/span><\/p>\n<p><span>El perrito, el coche de carreras, el molino de viento, el escorpi\u00f3n, el p\u00e1jaro y el oso se pueden construir con el manual de montaje incluido o con la app GRATUITA R+DESIGN que proporciona instrucciones de construcci\u00f3n en 3D y se pueden controlar a trav\u00e9s de un dispositivo inteligente con nuestra app GRATUITA ROBOTIS R+PLAY700.<\/span><\/p>\n<ul>\n<li class=\"is-root\" dir=\"ltr\"><span>\u00a1Kit de robot motorizado, reconfigurable y programable!<\/span><\/li>\n<li class=\"is-root\" dir=\"ltr\"><span>Incluye un sencillo manual de instrucciones para su montaje.<\/span><\/li>\n<li class=\"is-root\" dir=\"ltr\"><span>Incluye 1 mando (CM-50) con salida bidireccional + sensor IR y sonido.\u00a0<\/span><\/li>\n<li class=\"is-root\" dir=\"ltr\"><span>Aplicaci\u00f3n R+PLAY700 GRATUITA para la aplicaci\u00f3n de sensores mediante seguimiento de l\u00edneas, funci\u00f3n de evasi\u00f3n de l\u00edneas + funci\u00f3n de control remoto mediante dispositivo inteligente.\u00a0<\/span><\/li>\n<li class=\"is-root\" dir=\"ltr\"><span>*Requiere 3 pilas AA (no incluidas)<\/span><\/li>\n<\/ul>\n<p><span>El m\u00f3dulo Bluetooth incluido en este kit es el <\/span><a href=\"https:\/\/www.robotis.us\/bt-410\/\" target=\"_blank\" rel=\"noopener nofollow\"><span>BT-410<\/span><\/a><span>\u00a0.\u00a0\u00a0<\/span><\/p>\n<p><span>Este m\u00f3dulo es compatible con dispositivos Android y Apple.\u00a0<\/span><span>Para utilizar el BT-410 con un PC, adquiera el\u00a0\u00a0<\/span><a href=\"https:\/\/www.robotis.us\/bt-410-dongle\/\" target=\"_blank\" rel=\"noopener nofollow\"><span>Dongle BT-410<\/span><\/a><span>\u00a0.<\/span><\/p>\n<p><span>Si necesita piezas de repuesto, adquiera el art\u00edculo n\u00ba 903-0195-001 para el cable BT-410 ( <\/span><a href=\"https:\/\/www.robotis.us\/robot-cable-4p-120mm-wireless-module-4-pcs\/\" rel=\"nofollow noopener\" target=\"_blank\"><span>4P 120MM (m\u00f3dulo inal\u00e1mbrico) 4 uds.)<\/span><\/a><\/div>\n<p><!-- .vgblk-rw-wrapper --><\/p>","protected":false},"excerpt":{"rendered":"<p data-sourcepos=\"17:1-17:80\">ROBOTIS PLAY 700: Construye, programa, aprende. Rob\u00f3tica educativa para todos.<\/p>\n<p data-sourcepos=\"19:1-19:84\">","protected":false},"featured_media":1013137,"template":"","meta":[],"pwb-brand":[],"product_brand":[],"product_cat":[651],"product_tag":[],"class_list":{"0":"post-1010851","1":"product","2":"type-product","3":"status-publish","4":"has-post-thumbnail","6":"product_cat-kit-robotici-educativi","8":"first","9":"instock","10":"shipping-taxable","11":"product-type-simple"},"brands":[],"_links":{"self":[{"href":"https:\/\/store.todsystem.com\/es\/wp-json\/wp\/v2\/product\/1010851","targetHints":{"allow":["GET"]}}],"collection":[{"href":"https:\/\/store.todsystem.com\/es\/wp-json\/wp\/v2\/product"}],"about":[{"href":"https:\/\/store.todsystem.com\/es\/wp-json\/wp\/v2\/types\/product"}],"version-history":[{"count":3,"href":"https:\/\/store.todsystem.com\/es\/wp-json\/wp\/v2\/product\/1010851\/revisions"}],"predecessor-version":[{"id":1013286,"href":"https:\/\/store.todsystem.com\/es\/wp-json\/wp\/v2\/product\/1010851\/revisions\/1013286"}],"wp:featuredmedia":[{"embeddable":true,"href":"https:\/\/store.todsystem.com\/es\/wp-json\/wp\/v2\/media\/1013137"}],"wp:attachment":[{"href":"https:\/\/store.todsystem.com\/es\/wp-json\/wp\/v2\/media?parent=1010851"}],"wp:term":[{"taxonomy":"pwb-brand","embeddable":true,"href":"https:\/\/store.todsystem.com\/es\/wp-json\/wp\/v2\/pwb-brand?post=1010851"},{"taxonomy":"product_brand","embeddable":true,"href":"https:\/\/store.todsystem.com\/es\/wp-json\/wp\/v2\/product_brand?post=1010851"},{"taxonomy":"product_cat","embeddable":true,"href":"https:\/\/store.todsystem.com\/es\/wp-json\/wp\/v2\/product_cat?post=1010851"},{"taxonomy":"product_tag","embeddable":true,"href":"https:\/\/store.todsystem.com\/es\/wp-json\/wp\/v2\/product_tag?post=1010851"}],"curies":[{"name":"wp","href":"https:\/\/api.w.org\/{rel}","templated":true}]}}