{"id":1010850,"date":"2024-09-05T09:51:54","date_gmt":"2024-09-05T09:51:54","guid":{"rendered":"https:\/\/store.todsystem.com\/prodotto\/robotis-dream%e2%85%b1-level-4-kit-en\/"},"modified":"2025-06-11T08:38:50","modified_gmt":"2025-06-11T08:38:50","slug":"robotis-dream\u2171-kit-nivel-4-es","status":"publish","type":"product","link":"https:\/\/store.todsystem.com\/es\/producto\/robotis-dream\u2171-kit-nivel-4-es\/","title":{"rendered":"ROBOTIS DREAM\u2161 Kit de nivel 4 [EN]."},"content":{"rendered":"<div class=\"vgblk-rw-wrapper limit-wrapper\">ROBOTIS DREAM II NIVEL 4 profundiza los conocimientos en el campo de la rob\u00f3tica. Ofrece una introducci\u00f3n a los principios de las poleas, los diferentes equipos y la programaci\u00f3n. Tambi\u00e9n proporciona instrucciones detalladas sobre c\u00f3mo hacer uso de todos los perif\u00e9ricos del robot.<\/p>\n<p>Este kit ROBOTIS DREAM II NIVEL 4 est\u00e1 estructurado en 12 cap\u00edtulos, cada uno de ellos dedicado al montaje, la aplicaci\u00f3n de los principios aprendidos y la resoluci\u00f3n de problemas pr\u00e1cticos.<\/p><\/div>\n<p><!-- .vgblk-rw-wrapper --><\/p>","protected":false},"excerpt":{"rendered":"<p>ROBOTIS DREAM II NIVEL 4 enriquece el aprendizaje de la rob\u00f3tica al proporcionar una comprensi\u00f3n en profundidad de los principios de las poleas y otros equipos mec\u00e1nicos, adem\u00e1s de introducir la programaci\u00f3n. Este kit estimula la creatividad y la capacidad de resoluci\u00f3n de problemas, permitiendo a los usuarios explorar conceptos avanzados de una forma pr\u00e1ctica y atractiva.<\/p>","protected":false},"featured_media":1013142,"template":"","meta":[],"pwb-brand":[],"product_brand":[],"product_cat":[651],"product_tag":[],"class_list":{"0":"post-1010850","1":"product","2":"type-product","3":"status-publish","4":"has-post-thumbnail","6":"product_cat-kit-robotici-educativi","8":"first","9":"instock","10":"shipping-taxable","11":"product-type-simple"},"brands":[],"_links":{"self":[{"href":"https:\/\/store.todsystem.com\/es\/wp-json\/wp\/v2\/product\/1010850","targetHints":{"allow":["GET"]}}],"collection":[{"href":"https:\/\/store.todsystem.com\/es\/wp-json\/wp\/v2\/product"}],"about":[{"href":"https:\/\/store.todsystem.com\/es\/wp-json\/wp\/v2\/types\/product"}],"version-history":[{"count":2,"href":"https:\/\/store.todsystem.com\/es\/wp-json\/wp\/v2\/product\/1010850\/revisions"}],"predecessor-version":[{"id":1013296,"href":"https:\/\/store.todsystem.com\/es\/wp-json\/wp\/v2\/product\/1010850\/revisions\/1013296"}],"wp:featuredmedia":[{"embeddable":true,"href":"https:\/\/store.todsystem.com\/es\/wp-json\/wp\/v2\/media\/1013142"}],"wp:attachment":[{"href":"https:\/\/store.todsystem.com\/es\/wp-json\/wp\/v2\/media?parent=1010850"}],"wp:term":[{"taxonomy":"pwb-brand","embeddable":true,"href":"https:\/\/store.todsystem.com\/es\/wp-json\/wp\/v2\/pwb-brand?post=1010850"},{"taxonomy":"product_brand","embeddable":true,"href":"https:\/\/store.todsystem.com\/es\/wp-json\/wp\/v2\/product_brand?post=1010850"},{"taxonomy":"product_cat","embeddable":true,"href":"https:\/\/store.todsystem.com\/es\/wp-json\/wp\/v2\/product_cat?post=1010850"},{"taxonomy":"product_tag","embeddable":true,"href":"https:\/\/store.todsystem.com\/es\/wp-json\/wp\/v2\/product_tag?post=1010850"}],"curies":[{"name":"wp","href":"https:\/\/api.w.org\/{rel}","templated":true}]}}