{"id":1010849,"date":"2024-09-05T09:51:54","date_gmt":"2024-09-05T09:51:54","guid":{"rendered":"https:\/\/store.todsystem.com\/prodotto\/robotis-play-600-pets-int\/"},"modified":"2025-06-11T08:38:50","modified_gmt":"2025-06-11T08:38:50","slug":"robotis-gioca-600-animali-domestici","status":"publish","type":"product","link":"https:\/\/store.todsystem.com\/es\/producto\/robotis-gioca-600-animali-domestici\/","title":{"rendered":"ROBOTIS PLAY 600 MASCOTAS"},"content":{"rendered":"<div class=\"vgblk-rw-wrapper limit-wrapper\">El kit incluye un innovador sistema de remaches, patentado por ROBOTIS, que ofrece a las mentes creativas la oportunidad de ampliar sus horizontes y dar rienda suelta a su imaginaci\u00f3n, creando nuevos patrones y dise\u00f1os.<\/p>\n<p>Con ROBOTIS PLAY 600, podr\u00e1s montar hasta 7 creaciones rob\u00f3ticas diferentes. Siguiendo el colorido manual de instrucciones incluido, podr\u00e1s construir un perrito, un p\u00e1jaro y un grillo. Para construir el resto de robots, como la ballena, el pez dorado, el oso polar y el tanque, puedes descargar la app GRATUITA R+ Design disponible en Google Play y Apple Store.<\/p>\n<p>Se trata de un juguete rob\u00f3tico motorizado y reconfigurable inspirado en el mundo de las mascotas. El kit incluye un claro manual de instrucciones para el montaje y un mando (CM-20) con funcionalidad bidireccional. Adem\u00e1s, gracias a nuestra aplicaci\u00f3n gratuita ROBOTIS R+ Design, tendr\u00e1s acceso a instrucciones de montaje animadas en 3D compatibles con sistemas iOS, Android y PC. Nota: el producto requiere 2 pilas AA (no incluidas).<\/p><\/div>\n<p><!-- .vgblk-rw-wrapper --><\/p>","protected":false},"excerpt":{"rendered":"<p>ROBOTIS PLAY 600 PETs es un alegre y colorido kit rob\u00f3tico inspirado en las mascotas. Incluye una unidad de control motorizada que permite animar y mover las creaciones de los ni\u00f1os.<\/p>\n<p>Este set estimula la creatividad y la imaginaci\u00f3n, convirtiendo el juego en una aventura interactiva.<\/p>","protected":false},"featured_media":1013150,"template":"","meta":[],"pwb-brand":[],"product_brand":[],"product_cat":[651],"product_tag":[],"class_list":{"0":"post-1010849","1":"product","2":"type-product","3":"status-publish","4":"has-post-thumbnail","6":"product_cat-kit-robotici-educativi","8":"first","9":"instock","10":"shipping-taxable","11":"product-type-simple"},"brands":[],"_links":{"self":[{"href":"https:\/\/store.todsystem.com\/es\/wp-json\/wp\/v2\/product\/1010849","targetHints":{"allow":["GET"]}}],"collection":[{"href":"https:\/\/store.todsystem.com\/es\/wp-json\/wp\/v2\/product"}],"about":[{"href":"https:\/\/store.todsystem.com\/es\/wp-json\/wp\/v2\/types\/product"}],"version-history":[{"count":3,"href":"https:\/\/store.todsystem.com\/es\/wp-json\/wp\/v2\/product\/1010849\/revisions"}],"predecessor-version":[{"id":1013288,"href":"https:\/\/store.todsystem.com\/es\/wp-json\/wp\/v2\/product\/1010849\/revisions\/1013288"}],"wp:featuredmedia":[{"embeddable":true,"href":"https:\/\/store.todsystem.com\/es\/wp-json\/wp\/v2\/media\/1013150"}],"wp:attachment":[{"href":"https:\/\/store.todsystem.com\/es\/wp-json\/wp\/v2\/media?parent=1010849"}],"wp:term":[{"taxonomy":"pwb-brand","embeddable":true,"href":"https:\/\/store.todsystem.com\/es\/wp-json\/wp\/v2\/pwb-brand?post=1010849"},{"taxonomy":"product_brand","embeddable":true,"href":"https:\/\/store.todsystem.com\/es\/wp-json\/wp\/v2\/product_brand?post=1010849"},{"taxonomy":"product_cat","embeddable":true,"href":"https:\/\/store.todsystem.com\/es\/wp-json\/wp\/v2\/product_cat?post=1010849"},{"taxonomy":"product_tag","embeddable":true,"href":"https:\/\/store.todsystem.com\/es\/wp-json\/wp\/v2\/product_tag?post=1010849"}],"curies":[{"name":"wp","href":"https:\/\/api.w.org\/{rel}","templated":true}]}}