{"id":1010848,"date":"2024-09-05T09:51:54","date_gmt":"2024-09-05T09:51:54","guid":{"rendered":"https:\/\/store.todsystem.com\/prodotto\/robotis-play-300-dinos-int\/"},"modified":"2025-06-11T08:38:50","modified_gmt":"2025-06-11T08:38:50","slug":"robotis-play-300-dinos-int","status":"publish","type":"product","link":"https:\/\/store.todsystem.com\/es\/producto\/robotis-play-300-dinos-int\/","title":{"rendered":"ROBOTIS JUGAN 300 DINOs [INT]."},"content":{"rendered":"<div class=\"vgblk-rw-wrapper limit-wrapper\">&nbsp;<\/p>\n<p>Este set educativo es ideal para ni\u00f1os a partir de 8 a\u00f1os, ya que les permite montar hasta 7 tipos diferentes de robots, todos ellos equipados con motores que permiten el movimiento. Este kit estimula de forma l\u00fadica la creatividad y la percepci\u00f3n espacial, proporcionando una experiencia educativa divertida y atractiva.<\/p>\n<p>Precio: 160,80 euros (IVA incluido)<br \/>\nPrecio de cat\u00e1logo: 165,90<br \/>\nAhorro: 5,10 \u20ac (3%)<br \/>\nDisponibilidad: En stock<\/p>\n<p>El Kit Robotis PLAY 300 DINOs ofrece la posibilidad de construir hasta 7 tipos diferentes de robots, todos ellos dise\u00f1ados para moverse gracias al motorreductor GM, equipado con una salida bidireccional. Este kit permite a los ni\u00f1os sumergirse en el mundo de la rob\u00f3tica, proporcion\u00e1ndoles los fundamentos b\u00e1sicos para el aprendizaje de esta fascinante disciplina. Cada robot es \u00fanico y tiene funciones espec\u00edficas que estimular\u00e1n la curiosidad y la creatividad de los ni\u00f1os. Tenga en cuenta que el kit necesita dos pilas AA para funcionar, que no est\u00e1n incluidas en el paquete.<\/p>\n<p>El montaje de los robots es un proceso sencillo e intuitivo, facilitado por el manual de instrucciones suministrado y la aplicaci\u00f3n R+ Design, disponible para los sistemas operativos Windows, Android e iOS. La tecnolog\u00eda especial de ensamblaje por remaches utilizada en el kit garantiza unas uniones seguras y permite un movimiento suave de las creaciones. Esto significa que los ni\u00f1os pueden disfrutar construyendo sus robots de forma segura, sin necesidad de soldaduras ni herramientas potencialmente peligrosas, ya que todas las piezas el\u00e9ctricas est\u00e1n protegidas.<\/p>\n<p><strong>Contenido del paquete<\/strong>\u00a0El kit incluye todo lo necesario para montar hasta 7 robots, como se muestra en las ilustraciones incluidas. En el interior tambi\u00e9n encontrar\u00e1s el manual de instrucciones, que ofrece instrucciones detalladas para construir los robots Brachio, Triceratops y Tyranno.<\/p>\n<p><strong>Especificaciones:<\/strong><\/p>\n<ul>\n<li>Microcontrolador: GM<\/li>\n<li>Alimentaci\u00f3n: 2 pilas AA (NO incluidas)<\/li>\n<li>Edad recomendada: a partir de 8 a\u00f1os<\/li>\n<\/ul>\n<p>Explora el mundo de la rob\u00f3tica con el Kit Robotis PLAY 300 DINOs, \u00a1una oportunidad divertida y educativa para los ni\u00f1os!<\/p>\n<p>&nbsp;<\/p>\n<p>&nbsp;<\/p>\n<p>&nbsp;<\/p>\n<p>&nbsp;<\/p><\/div>\n<p><!-- .vgblk-rw-wrapper --><\/p>","protected":false},"excerpt":{"rendered":"<p>Robotis PLAY 300 DINOs es un kit educativo dise\u00f1ado para ni\u00f1os a partir de 8 a\u00f1os, que les permite montar hasta 7 tipos diferentes de robots. Este kit estimula la creatividad y las habilidades de orientaci\u00f3n espacial de forma divertida, aprovechando al m\u00e1ximo este periodo crucial en el aprendizaje de los ni\u00f1os.<\/p>","protected":false},"featured_media":1013183,"template":"","meta":[],"pwb-brand":[],"product_brand":[],"product_cat":[651],"product_tag":[],"class_list":{"0":"post-1010848","1":"product","2":"type-product","3":"status-publish","4":"has-post-thumbnail","6":"product_cat-kit-robotici-educativi","8":"first","9":"instock","10":"shipping-taxable","11":"product-type-simple"},"brands":[],"_links":{"self":[{"href":"https:\/\/store.todsystem.com\/es\/wp-json\/wp\/v2\/product\/1010848","targetHints":{"allow":["GET"]}}],"collection":[{"href":"https:\/\/store.todsystem.com\/es\/wp-json\/wp\/v2\/product"}],"about":[{"href":"https:\/\/store.todsystem.com\/es\/wp-json\/wp\/v2\/types\/product"}],"version-history":[{"count":3,"href":"https:\/\/store.todsystem.com\/es\/wp-json\/wp\/v2\/product\/1010848\/revisions"}],"predecessor-version":[{"id":1013299,"href":"https:\/\/store.todsystem.com\/es\/wp-json\/wp\/v2\/product\/1010848\/revisions\/1013299"}],"wp:featuredmedia":[{"embeddable":true,"href":"https:\/\/store.todsystem.com\/es\/wp-json\/wp\/v2\/media\/1013183"}],"wp:attachment":[{"href":"https:\/\/store.todsystem.com\/es\/wp-json\/wp\/v2\/media?parent=1010848"}],"wp:term":[{"taxonomy":"pwb-brand","embeddable":true,"href":"https:\/\/store.todsystem.com\/es\/wp-json\/wp\/v2\/pwb-brand?post=1010848"},{"taxonomy":"product_brand","embeddable":true,"href":"https:\/\/store.todsystem.com\/es\/wp-json\/wp\/v2\/product_brand?post=1010848"},{"taxonomy":"product_cat","embeddable":true,"href":"https:\/\/store.todsystem.com\/es\/wp-json\/wp\/v2\/product_cat?post=1010848"},{"taxonomy":"product_tag","embeddable":true,"href":"https:\/\/store.todsystem.com\/es\/wp-json\/wp\/v2\/product_tag?post=1010848"}],"curies":[{"name":"wp","href":"https:\/\/api.w.org\/{rel}","templated":true}]}}