{"id":1010847,"date":"2024-09-05T09:51:54","date_gmt":"2024-09-05T09:51:54","guid":{"rendered":"https:\/\/store.todsystem.com\/prodotto\/robotis-dream%e2%85%b1-level-3-kit-en\/"},"modified":"2025-06-11T12:02:22","modified_gmt":"2025-06-11T12:02:22","slug":"robotis-dream\u2171-kit-nivel-3-es","status":"publish","type":"product","link":"https:\/\/store.todsystem.com\/es\/producto\/robotis-dream\u2171-kit-nivel-3-es\/","title":{"rendered":"ROBOTIS DREAM\u2161 Kit de nivel 3 [EN]."},"content":{"rendered":"<div class=\"vgblk-rw-wrapper limit-wrapper\">ROBOTIS DREAM II NIVEL 3 es un innovador kit de rob\u00f3tica dise\u00f1ado para explorar diversos temas cient\u00edficos y t\u00e9cnicos, como el uso de infrarrojos, la propagaci\u00f3n del sonido, las leyes de la velocidad, la aceleraci\u00f3n, la fricci\u00f3n, as\u00ed como los principios de acci\u00f3n y reacci\u00f3n.<\/p>\n<p>Tambi\u00e9n profundiza en conceptos de ingenier\u00eda, como la tracci\u00f3n a las cuatro ruedas y los sistemas de motor.<\/p>\n<p>Este kit educativo ofrece un completo libro de ejercicios y un modelo de robot, con un programa estructurado en 12 semanas. A trav\u00e9s de un aprendizaje te\u00f3rico y pr\u00e1ctico, los usuarios montan varios robots y profundizan en los principios fundamentales y las t\u00e9cnicas de resoluci\u00f3n de problemas. Al construir 12 robots distintos, se familiarizan con los procesos de dise\u00f1o y producci\u00f3n rob\u00f3tica.<\/p>\n<p>ROBOTIS DREAM II NIVEL 3 est\u00e1 equipado con un mando a distancia para controlar el robot e incluye un vers\u00e1til servomotor que puede funcionar tanto en modo articulado como giratorio, lo que permite mantener \u00e1ngulos espec\u00edficos seg\u00fan las necesidades del proyecto.<\/p>\n<p>El cuaderno ofrec\u00eda gu\u00edas para la creaci\u00f3n de 12 robots \u00fanicos, proporcionando una experiencia educativa interactiva y atractiva.<\/p><\/div>\n<p><!-- .vgblk-rw-wrapper --><\/p>","protected":false},"excerpt":{"rendered":"<p>ROBOTIS DREAM es un kit de rob\u00f3tica educativa de ROBOTIS Co., LTD. dise\u00f1ado espec\u00edficamente para principiantes que desean acercarse al mundo de la rob\u00f3tica sin complicaciones. Ofrece una experiencia intuitiva y accesible para cualquiera que desee construir y programar su propio robot, haciendo que el viaje de aprendizaje sea f\u00e1cil y estimulante.<\/p>","protected":false},"featured_media":1013207,"template":"","meta":[],"pwb-brand":[],"product_brand":[],"product_cat":[651],"product_tag":[],"class_list":{"0":"post-1010847","1":"product","2":"type-product","3":"status-publish","4":"has-post-thumbnail","6":"product_cat-kit-robotici-educativi","8":"first","9":"instock","10":"shipping-taxable","11":"product-type-simple"},"brands":[],"_links":{"self":[{"href":"https:\/\/store.todsystem.com\/es\/wp-json\/wp\/v2\/product\/1010847","targetHints":{"allow":["GET"]}}],"collection":[{"href":"https:\/\/store.todsystem.com\/es\/wp-json\/wp\/v2\/product"}],"about":[{"href":"https:\/\/store.todsystem.com\/es\/wp-json\/wp\/v2\/types\/product"}],"version-history":[{"count":4,"href":"https:\/\/store.todsystem.com\/es\/wp-json\/wp\/v2\/product\/1010847\/revisions"}],"predecessor-version":[{"id":1013304,"href":"https:\/\/store.todsystem.com\/es\/wp-json\/wp\/v2\/product\/1010847\/revisions\/1013304"}],"wp:featuredmedia":[{"embeddable":true,"href":"https:\/\/store.todsystem.com\/es\/wp-json\/wp\/v2\/media\/1013207"}],"wp:attachment":[{"href":"https:\/\/store.todsystem.com\/es\/wp-json\/wp\/v2\/media?parent=1010847"}],"wp:term":[{"taxonomy":"pwb-brand","embeddable":true,"href":"https:\/\/store.todsystem.com\/es\/wp-json\/wp\/v2\/pwb-brand?post=1010847"},{"taxonomy":"product_brand","embeddable":true,"href":"https:\/\/store.todsystem.com\/es\/wp-json\/wp\/v2\/product_brand?post=1010847"},{"taxonomy":"product_cat","embeddable":true,"href":"https:\/\/store.todsystem.com\/es\/wp-json\/wp\/v2\/product_cat?post=1010847"},{"taxonomy":"product_tag","embeddable":true,"href":"https:\/\/store.todsystem.com\/es\/wp-json\/wp\/v2\/product_tag?post=1010847"}],"curies":[{"name":"wp","href":"https:\/\/api.w.org\/{rel}","templated":true}]}}