{"id":1010843,"date":"2024-09-05T09:51:54","date_gmt":"2024-09-05T09:51:54","guid":{"rendered":"https:\/\/store.todsystem.com\/prodotto\/robotis-dream%e2%85%b1-level-5-kit-en\/"},"modified":"2025-06-11T08:38:51","modified_gmt":"2025-06-11T08:38:51","slug":"robotis-dream\u2171-kit-nivel-5-es","status":"publish","type":"product","link":"https:\/\/store.todsystem.com\/es\/producto\/robotis-dream\u2171-kit-nivel-5-es\/","title":{"rendered":"ROBOTIS DREAM\u2161 Kit de nivel 5 [EN]."},"content":{"rendered":"<div class=\"vgblk-rw-wrapper limit-wrapper\">Con la introducci\u00f3n de equipos mec\u00e1nicos como LED y ruedas de oruga, se presenta la oportunidad de aprender importantes principios cient\u00edficos, como las transiciones de energ\u00eda. Este producto ofrece numerosos ejemplos pr\u00e1cticos para prepararse eficazmente para las competiciones de rob\u00f3tica.<\/p>\n<p>ROBOTIS DREAM II Nivel 5 consta de 12 cap\u00edtulos sobre montaje, aplicaci\u00f3n de principios y resoluci\u00f3n de problemas. Tambi\u00e9n incluye 12 modelos de robot para experimentar con distintas configuraciones.<\/p>\n<p>Adem\u00e1s, el kit est\u00e1 equipado con un m\u00f3dulo Bluetooth y un mando a distancia para el control inal\u00e1mbrico, lo que permite una interacci\u00f3n c\u00f3moda e innovadora con sus robots.<\/p><\/div>\n<p><!-- .vgblk-rw-wrapper --><\/p>","protected":false},"excerpt":{"rendered":"<p>ROBOTIS DREAM II NIVEL 5 presenta un enfoque m\u00e1s sofisticado del estudio de la rob\u00f3tica. Este curso avanzado ofrece a los usuarios la oportunidad de profundizar en sus conocimientos y habilidades, explorando conceptos y tecnolog\u00edas de rob\u00f3tica de forma detallada e innovadora.<\/p>","protected":false},"featured_media":1013223,"template":"","meta":[],"pwb-brand":[],"product_brand":[],"product_cat":[651],"product_tag":[],"class_list":{"0":"post-1010843","1":"product","2":"type-product","3":"status-publish","4":"has-post-thumbnail","6":"product_cat-kit-robotici-educativi","8":"first","9":"instock","10":"shipping-taxable","11":"product-type-simple"},"brands":[],"_links":{"self":[{"href":"https:\/\/store.todsystem.com\/es\/wp-json\/wp\/v2\/product\/1010843","targetHints":{"allow":["GET"]}}],"collection":[{"href":"https:\/\/store.todsystem.com\/es\/wp-json\/wp\/v2\/product"}],"about":[{"href":"https:\/\/store.todsystem.com\/es\/wp-json\/wp\/v2\/types\/product"}],"version-history":[{"count":3,"href":"https:\/\/store.todsystem.com\/es\/wp-json\/wp\/v2\/product\/1010843\/revisions"}],"predecessor-version":[{"id":1013311,"href":"https:\/\/store.todsystem.com\/es\/wp-json\/wp\/v2\/product\/1010843\/revisions\/1013311"}],"wp:featuredmedia":[{"embeddable":true,"href":"https:\/\/store.todsystem.com\/es\/wp-json\/wp\/v2\/media\/1013223"}],"wp:attachment":[{"href":"https:\/\/store.todsystem.com\/es\/wp-json\/wp\/v2\/media?parent=1010843"}],"wp:term":[{"taxonomy":"pwb-brand","embeddable":true,"href":"https:\/\/store.todsystem.com\/es\/wp-json\/wp\/v2\/pwb-brand?post=1010843"},{"taxonomy":"product_brand","embeddable":true,"href":"https:\/\/store.todsystem.com\/es\/wp-json\/wp\/v2\/product_brand?post=1010843"},{"taxonomy":"product_cat","embeddable":true,"href":"https:\/\/store.todsystem.com\/es\/wp-json\/wp\/v2\/product_cat?post=1010843"},{"taxonomy":"product_tag","embeddable":true,"href":"https:\/\/store.todsystem.com\/es\/wp-json\/wp\/v2\/product_tag?post=1010843"}],"curies":[{"name":"wp","href":"https:\/\/api.w.org\/{rel}","templated":true}]}}