{"id":1010841,"date":"2024-09-05T09:51:53","date_gmt":"2024-09-05T09:51:53","guid":{"rendered":"https:\/\/store.todsystem.com\/prodotto\/pm54-060-s250-r\/"},"modified":"2025-06-11T12:04:03","modified_gmt":"2025-06-11T12:04:03","slug":"servomotore-dynamixel-p-pm54-060-s250-r","status":"publish","type":"product","link":"https:\/\/store.todsystem.com\/es\/producto\/servomotore-dynamixel-p-pm54-060-s250-r\/","title":{"rendered":"Servomotor Dynamixel-P PM54-060-S250-R"},"content":{"rendered":"<div class=\"vgblk-rw-wrapper limit-wrapper\">\n<h2>El servomotor Dynamixel-P M54P-060-S250-R bate r\u00e9cords de precisi\u00f3n<\/h2>\n<p>Un reci\u00e9n llegado a la galaxia Robotis,\u00a0<b>el servomotor Dynamixel M54P-060-S250-R\u00a0<\/b>pertenece a la serie Dynamixel-P, una nueva generaci\u00f3n de servomotores equipados con doble encoder incremental y absoluto sin contacto.<\/p>\n<p>El resultado es una mayor resoluci\u00f3n del 100% que el modelo equivalente del\u00a0<a class=\"catalogue\" title=\"Servomotores profesionales Dynamixel-P de Robotis\" href=\"https:\/\/www.generationrobots.com\/it\/216-servomotori-dynamixel-p\" rel=\"nofollow noopener\" target=\"_blank\">Gama Dynamixel-P\u00a0<\/a>.<\/p>\n<p>El tiempo de respuesta tambi\u00e9n ha mejorado notablemente.<\/p>\n<p>Como todos los modelos Dynamixel-P, este servomotor con conexi\u00f3n RS485 se beneficia de la conectividad JST y de un dise\u00f1o met\u00e1lico de alta calidad, que favorece la disipaci\u00f3n del calor, la reducci\u00f3n del ruido y el aumento de la vida \u00fatil.<\/p>\n<h2>Proyectos de alto rendimiento con el servomotor M54P-060-S250-R<\/h2>\n<p>Estas ventajas se suman a las caracter\u00edsticas ya conocidas por los usuarios de servomotores Dynamixel: m\u00faltiples modos de control<\/p>\n<p>- incluido el control PWM<\/p>\n<p>-, posibilidades de programaci\u00f3n pr\u00e1cticamente inagotables, etc.<\/p>\n<p>El resultado es\u00a0<b>uno de los servomotores m\u00e1s potentes del mercado de la rob\u00f3tica de consumo\u00a0<\/b>adecuado tanto para el dise\u00f1o de\u00a0<b>investigaci\u00f3n e industria\u00a0<\/b>.<\/p>\n<p>El servomotor Dynamixel-P M54P-060-S250-R tambi\u00e9n ofrece diferentes configuraciones de montaje con las herramientas adecuadas, tambi\u00e9n disponibles en nuestro sitio web.<\/p>\n<p>Robots humanoides, manipuladores para investigaci\u00f3n, sistemas de v\u00eddeo rob\u00f3ticos, m\u00e1quinas m\u00f3viles aut\u00f3nomas son s\u00f3lo algunos de los proyectos que pueden realizarse con este servomotor inteligente, vers\u00e1til, ligero y de bajo consumo.<\/p>\n<h2>Especificaciones t\u00e9cnicas del servomotor Robotis Dynamixel M54P-060-S250-R<\/h2>\n<ul>\n<li>Controlador Cortex-M4 (168 [Mhz], 32 [bits])<\/li>\n<li>Tensi\u00f3n: 24 V<\/li>\n<li>Velocidad en vac\u00edo: 33,1 RPM<\/li>\n<li>Corriente en vac\u00edo: 1,25 A<\/li>\n<li>Par: 10,1 Nm<\/li>\n<li>Velocidad: 28,3 RPM<\/li>\n<li>Corriente: 3 A<\/li>\n<li>Resoluci\u00f3n:\n<ul>\n<li>0,0007\u00b0 por revoluci\u00f3n<\/li>\n<li>502.834 impulsos por revoluci\u00f3n<\/li>\n<li>\u00c1ngulo: 360<\/li>\n<\/ul>\n<\/li>\n<li>Sensor de posici\u00f3n: encoder absoluto sin contacto, encoder incremental<\/li>\n<li>Temperatura de funcionamiento: -5 a 55\u00b0C<\/li>\n<li>Motor BLDC Maxon<\/li>\n<li>Velocidad de transmisi\u00f3n: de 9600 a 10.500.000 bds<\/li>\n<li>Algoritmo de control PID<\/li>\n<li>Tipo de engranaje; cicloidal<\/li>\n<li>Material (engranaje y carcasa): metal precioso<\/li>\n<li>Dimensiones: 54 x 126 x 54 mm<\/li>\n<li>Peso: 855 g<\/li>\n<li>Relaci\u00f3n de reducci\u00f3n: 251,4:1<\/li>\n<li>Se\u00f1al de pedido; paquete digital<\/li>\n<li>Protocolo de comunicaci\u00f3n: serie as\u00edncrona Half Duplex (8 bits, 1 parada, sin paridad)<\/li>\n<li>Conexi\u00f3n: bus multipunto RS-485<\/li>\n<li>Direcciones: 253 ID (0~252), ID 1 seleccionada por defecto<\/li>\n<li>Versi\u00f3n del protocolo: 2<\/li>\n<li>Retroalimentaci\u00f3n informativa: posici\u00f3n, velocidad, corriente, temperatura, tensi\u00f3n, puerto externo, etc.<\/li>\n<li>Modos de control: par, velocidad, posici\u00f3n, posici\u00f3n extendida, PWM, etc.<\/li>\n<li>Potencia: 60 W<\/li>\n<li>Corriente de espera: 40 mA<\/li>\n<\/ul>\n<\/div>\n<p><!-- .vgblk-rw-wrapper --><\/p>","protected":false},"excerpt":{"rendered":"<p>Optimice sus proyectos de rob\u00f3tica con el Dynamixel-P M54P-060-S250-R.<\/p>\n<p>Este servomotor de \u00faltima generaci\u00f3n ofrece una combinaci\u00f3n \u00fanica de precisi\u00f3n, velocidad y configurabilidad, simplificando el desarrollo de robots complejos.<\/p>\n<p>Con su fiabilidad y sus m\u00faltiples opciones de control, podr\u00e1 llevar sus creaciones rob\u00f3ticas al siguiente nivel.<\/p>","protected":false},"featured_media":1012029,"template":"","meta":[],"pwb-brand":[],"product_brand":[],"product_cat":[622],"product_tag":[],"class_list":{"0":"post-1010841","1":"product","2":"type-product","3":"status-publish","4":"has-post-thumbnail","6":"product_cat-servomotori","8":"first","9":"instock","10":"shipping-taxable","11":"product-type-simple"},"brands":[],"_links":{"self":[{"href":"https:\/\/store.todsystem.com\/es\/wp-json\/wp\/v2\/product\/1010841","targetHints":{"allow":["GET"]}}],"collection":[{"href":"https:\/\/store.todsystem.com\/es\/wp-json\/wp\/v2\/product"}],"about":[{"href":"https:\/\/store.todsystem.com\/es\/wp-json\/wp\/v2\/types\/product"}],"version-history":[{"count":5,"href":"https:\/\/store.todsystem.com\/es\/wp-json\/wp\/v2\/product\/1010841\/revisions"}],"predecessor-version":[{"id":1013059,"href":"https:\/\/store.todsystem.com\/es\/wp-json\/wp\/v2\/product\/1010841\/revisions\/1013059"}],"wp:featuredmedia":[{"embeddable":true,"href":"https:\/\/store.todsystem.com\/es\/wp-json\/wp\/v2\/media\/1012029"}],"wp:attachment":[{"href":"https:\/\/store.todsystem.com\/es\/wp-json\/wp\/v2\/media?parent=1010841"}],"wp:term":[{"taxonomy":"pwb-brand","embeddable":true,"href":"https:\/\/store.todsystem.com\/es\/wp-json\/wp\/v2\/pwb-brand?post=1010841"},{"taxonomy":"product_brand","embeddable":true,"href":"https:\/\/store.todsystem.com\/es\/wp-json\/wp\/v2\/product_brand?post=1010841"},{"taxonomy":"product_cat","embeddable":true,"href":"https:\/\/store.todsystem.com\/es\/wp-json\/wp\/v2\/product_cat?post=1010841"},{"taxonomy":"product_tag","embeddable":true,"href":"https:\/\/store.todsystem.com\/es\/wp-json\/wp\/v2\/product_tag?post=1010841"}],"curies":[{"name":"wp","href":"https:\/\/api.w.org\/{rel}","templated":true}]}}