{"id":1010839,"date":"2024-09-05T09:51:53","date_gmt":"2024-09-05T09:51:53","guid":{"rendered":"https:\/\/store.todsystem.com\/prodotto\/xl330-m288-t\/"},"modified":"2025-06-11T12:04:03","modified_gmt":"2025-06-11T12:04:03","slug":"servomotor-dynamixel-xl330-m288-t","status":"publish","type":"product","link":"https:\/\/store.todsystem.com\/es\/producto\/servomotor-dynamixel-xl330-m288-t\/","title":{"rendered":"Servomotor Dynamixel XL330-M288-T"},"content":{"rendered":"<div class=\"vgblk-rw-wrapper limit-wrapper\">\n<h2>Servomotor XL330-M288-T: ideal para proyectos compactos<\/h2>\n<p>Con sus 3,4 cm de altura y su bajo peso, el\u00a0<b>Servomotor Dynamixel XL330-M288-T\u00a0<\/b>allana el camino para una\u00a0<b>serie de <\/b><\/p>\n<p><b>servomotores econ\u00f3micos y compactos\u00a0<\/b>adecuado para aplicaciones peque\u00f1as.<\/p>\n<p>Puede que no tenga par suficiente para lanzar su creaci\u00f3n a una carrera de obst\u00e1culos o a un todoterreno, pero es uno de los m\u00e1s r\u00e1pidos de toda la gama de producci\u00f3n\u00a0<a class=\"catalogue\" title=\"Robotis\" href=\"https:\/\/www.generationrobots.com\/it\/81_robotis\" rel=\"nofollow noopener\" target=\"_blank\">Robotis\u00a0<\/a>con una velocidad en vac\u00edo superior a 100 rpm.<\/p>\n<h2>Un modo de funcionamiento digno del mayor<\/h2>\n<p>Puede que el servo XL330 no sea el m\u00e1s potente de su generaci\u00f3n, pero lo compensa en t\u00e9rminos de funcionalidad.<\/p>\n<p>En concreto, ofrece diversos modos de control, como el control de corriente, el control de posici\u00f3n basado en corriente y el control PWM.<\/p>\n<p>Adem\u00e1s, se adapta al protocolo RC sin modificaciones, lo que simplifica el equipamiento de peque\u00f1os veh\u00edculos teledirigidos.<\/p>\n<h2>Especificaciones del servo Dynamixel XL330-M288-T<\/h2>\n<p><b>Incluye:<\/b><\/p>\n<ul>\n<li>1 servomotor XL330-M288-T<\/li>\n<li>1 cable rob\u00f3tico X3P de 180 mm<\/li>\n<li>6 tornillos TAP M2x6<\/li>\n<li>10 tornillos TAP M2x8<\/li>\n<\/ul>\n<p><b>Especificaciones t\u00e9cnicas :<\/b><\/p>\n<ul>\n<li>Tensi\u00f3n de funcionamiento [V] : 3,7 - 6 V (se recomienda 5 V)<\/li>\n<li>Par de bloqueo [N-m] : 0,52<\/li>\n<li>Corriente de calado [A] : 1,5<\/li>\n<li>Velocidad en vac\u00edo [rpm]: 104 rpm<\/li>\n<li>Protocolo de comunicaci\u00f3n: TTL<\/li>\n<li>Configuraci\u00f3n por defecto: ID1, 57 600 Bps<\/li>\n<li>Productos compatibles: Shiel Arduino MKR,\u00a0<a class=\"catalogue\" title=\"Conector U2D2 Dynamixel\/PC\" href=\"https:\/\/www.generationrobots.com\/it\/402820-connettore-u2d2-dynamixelpc.html\" rel=\"nofollow noopener\" target=\"_blank\">USB2Dynamixel\u00a0<\/a>,\u00a0<a class=\"catalogue\" title=\"Conector U2D2 Dynamixel\/PC\" href=\"https:\/\/www.generationrobots.com\/it\/402820-connettore-u2d2-dynamixelpc.html\" rel=\"nofollow noopener\" target=\"_blank\">U2D2<\/a><\/li>\n<li>Tensi\u00f3n de alimentaci\u00f3n: 3,7~6 V (se recomienda 5 V)<\/li>\n<li>Modos de funcionamiento: control de velocidad, control de posici\u00f3n, control de posici\u00f3n ampliado, control PWM, control de corriente, control de posici\u00f3n basado en corriente.<\/li>\n<li>Dimensiones: 20 x 34 x 25 mm<\/li>\n<li>Peso: 18 g<\/li>\n<\/ul>\n<\/div>\n<p><!-- .vgblk-rw-wrapper --><\/p>","protected":false},"excerpt":{"rendered":"<p>Un servomotor compacto y potente, perfecto para proyectos de rob\u00f3tica de nivel intermedio.<\/p>\n<p>Combina la facilidad de uso t\u00edpica de los modelos b\u00e1sicos con funciones avanzadas heredadas de los productos estrella de Robotis.<\/p>\n<p>Ideal para quienes desean crear robots din\u00e1micos y personalizados sin renunciar a un alto rendimiento.<\/p>","protected":false},"featured_media":1012951,"template":"","meta":[],"pwb-brand":[],"product_brand":[],"product_cat":[622],"product_tag":[],"class_list":{"0":"post-1010839","1":"product","2":"type-product","3":"status-publish","4":"has-post-thumbnail","6":"product_cat-servomotori","8":"first","9":"instock","10":"shipping-taxable","11":"product-type-simple"},"brands":[],"_links":{"self":[{"href":"https:\/\/store.todsystem.com\/es\/wp-json\/wp\/v2\/product\/1010839","targetHints":{"allow":["GET"]}}],"collection":[{"href":"https:\/\/store.todsystem.com\/es\/wp-json\/wp\/v2\/product"}],"about":[{"href":"https:\/\/store.todsystem.com\/es\/wp-json\/wp\/v2\/types\/product"}],"version-history":[{"count":4,"href":"https:\/\/store.todsystem.com\/es\/wp-json\/wp\/v2\/product\/1010839\/revisions"}],"predecessor-version":[{"id":1013056,"href":"https:\/\/store.todsystem.com\/es\/wp-json\/wp\/v2\/product\/1010839\/revisions\/1013056"}],"wp:featuredmedia":[{"embeddable":true,"href":"https:\/\/store.todsystem.com\/es\/wp-json\/wp\/v2\/media\/1012951"}],"wp:attachment":[{"href":"https:\/\/store.todsystem.com\/es\/wp-json\/wp\/v2\/media?parent=1010839"}],"wp:term":[{"taxonomy":"pwb-brand","embeddable":true,"href":"https:\/\/store.todsystem.com\/es\/wp-json\/wp\/v2\/pwb-brand?post=1010839"},{"taxonomy":"product_brand","embeddable":true,"href":"https:\/\/store.todsystem.com\/es\/wp-json\/wp\/v2\/product_brand?post=1010839"},{"taxonomy":"product_cat","embeddable":true,"href":"https:\/\/store.todsystem.com\/es\/wp-json\/wp\/v2\/product_cat?post=1010839"},{"taxonomy":"product_tag","embeddable":true,"href":"https:\/\/store.todsystem.com\/es\/wp-json\/wp\/v2\/product_tag?post=1010839"}],"curies":[{"name":"wp","href":"https:\/\/api.w.org\/{rel}","templated":true}]}}