{"id":1010838,"date":"2024-09-05T09:51:53","date_gmt":"2024-09-05T09:51:53","guid":{"rendered":"https:\/\/store.todsystem.com\/prodotto\/xl330-m077-t\/"},"modified":"2025-06-11T12:04:03","modified_gmt":"2025-06-11T12:04:03","slug":"servomotor-dynamixel-xl330-m077-t","status":"publish","type":"product","link":"https:\/\/store.todsystem.com\/es\/producto\/servomotor-dynamixel-xl330-m077-t\/","title":{"rendered":"Servomotor Dynamixel XL330-M077-T"},"content":{"rendered":"<div class=\"vgblk-rw-wrapper limit-wrapper\">\n<h2>XL330-M077-T: el sucesor ligero de los servos programables Dynamixel<\/h2>\n<p>Con el XL330-M077-T (y su anal\u00f3gico\u00a0<a class=\"catalogue\" title=\"Servomotor Dynamixel XL330-M288-T\" href=\"https:\/\/www.generationrobots.com\/it\/403817-servomotore-dynamixel-xl330-m288-t.html\" rel=\"nofollow noopener\" target=\"_blank\">XL330-M288-T\u00a0<\/a>), Robotis ha adaptado su modelo de servo programable todo en uno 100% a una gama mucho m\u00e1s ligera, en t\u00e9rminos de precio, consumo y peso.<\/p>\n<p>En\u00a0<b>Servomotor Dynamixel XL330-M077-T\u00a0<\/b>es una versi\u00f3n muy compacta de las conocidas series XH o XM.<\/p>\n<p>Es ideal para aplicaciones en espacios peque\u00f1os o reducidos.<\/p>\n<h2>Dynamixel XL330-M077-T: Conducci\u00f3n de coches peque\u00f1os<\/h2>\n<p>Tambi\u00e9n se puede utilizar en peque\u00f1os coches de carreras teledirigidos, ya que admite el protocolo RC para control remoto.<\/p>\n<p>Con su alt\u00edsima velocidad en vac\u00edo (hasta 363 rpm) y su alta resoluci\u00f3n, es ideal para la conducci\u00f3n a alta velocidad, sobre todo porque sus diversos modos de funcionamiento incluyen el control PWM.<\/p>\n<h2>Especificaciones t\u00e9cnicas del servo XL330-M077-T<\/h2>\n<p><b>Incluye :<\/b><\/p>\n<ul>\n<li>1 servomotor XL330-M077-T<\/li>\n<li>1 cable rob\u00f3tico X3P de 180 mm<\/li>\n<li>6 tornillos M2x6 TAP<\/li>\n<li>10 tornillos M2x8 TAP<\/li>\n<\/ul>\n<p><b>Especificaciones t\u00e9cnicas :<\/b><\/p>\n<ul>\n<li>Microcontrolador: Cortex-M0+ (64 MHz, 32 bits)<\/li>\n<li>Tensi\u00f3n de alimentaci\u00f3n: 3,7~6 V (se recomienda 5 V)<\/li>\n<li>Par de arranque: 0,22 N.m<\/li>\n<li>Corriente de arranque: 1,5 A<\/li>\n<li>Velocidad en vac\u00edo: 363 RPM<\/li>\n<li>Corriente en vac\u00edo: 0,15 A<\/li>\n<li>Resoluci\u00f3n: 0,0879\u00b0\/pulso @ 360\u00b0.<\/li>\n<li>Sensor de posici\u00f3n: encoder absoluto sin contacto (12 bits, 360\u00b0)<\/li>\n<li>Temperatura de funcionamiento: A partir de<\/li>\n<li>-5 a 60 \u00b0C<\/li>\n<li>Motor central<\/li>\n<li>Velocidad de transmisi\u00f3n: de 9600 a 4 500 000 bps<\/li>\n<li>Algoritmo de control PID<\/li>\n<li>Engranajes rectos<\/li>\n<li>Engranajes y carcasa de pl\u00e1stico<\/li>\n<li>Dimensiones: 20 x 34 x 26 mm<\/li>\n<li>Peso: 18 g<\/li>\n<li>\u00cdndice de reducci\u00f3n: 77 :<\/li>\n<li>Se\u00f1al de control digital del paquete<\/li>\n<li>Protocolo de comunicaci\u00f3n: serie as\u00edncrona Half Duplex (8 bits, 1 parada, sin paridad)<\/li>\n<li>Conexi\u00f3n de bus TTL multipunto<\/li>\n<li>ID: 0~252<\/li>\n<li>Realimentaci\u00f3n: posici\u00f3n, velocidad, carga, medici\u00f3n en tiempo real, recorrido, temperatura, tensi\u00f3n de entrada, etc.<\/li>\n<li>Protocolo 2.0<\/li>\n<li>Modo\/\u00e1ngulo de funcionamiento:\n<ul>\n<li>control de corriente: rotaci\u00f3n infinita<\/li>\n<li>Control de velocidad: rotaci\u00f3n infinita<\/li>\n<li>Control de posici\u00f3n: 360<\/li>\n<li>Control de posici\u00f3n ampliado: +\/- 256 revoluciones<\/li>\n<li>Control de posici\u00f3n por corriente: 256 revoluciones<\/li>\n<li>Control PWM: rotaci\u00f3n infinita<\/li>\n<li>Corriente de espera: 15 mA<\/li>\n<\/ul>\n<\/li>\n<\/ul>\n<\/div>\n<p><!-- .vgblk-rw-wrapper --><\/p>","protected":false},"excerpt":{"rendered":"<p>Nuestros compactos, ligeros y eficientes servomotores Dynamixel ofrecen un control preciso y una alta resoluci\u00f3n.<\/p>\n<p>Perfecta para aplicaciones que requieren el m\u00e1ximo rendimiento en espacios reducidos.<\/p>","protected":false},"featured_media":1012951,"template":"","meta":[],"pwb-brand":[],"product_brand":[],"product_cat":[622],"product_tag":[],"class_list":{"0":"post-1010838","1":"product","2":"type-product","3":"status-publish","4":"has-post-thumbnail","6":"product_cat-servomotori","8":"first","9":"instock","10":"shipping-taxable","11":"product-type-simple"},"brands":[],"_links":{"self":[{"href":"https:\/\/store.todsystem.com\/es\/wp-json\/wp\/v2\/product\/1010838","targetHints":{"allow":["GET"]}}],"collection":[{"href":"https:\/\/store.todsystem.com\/es\/wp-json\/wp\/v2\/product"}],"about":[{"href":"https:\/\/store.todsystem.com\/es\/wp-json\/wp\/v2\/types\/product"}],"version-history":[{"count":4,"href":"https:\/\/store.todsystem.com\/es\/wp-json\/wp\/v2\/product\/1010838\/revisions"}],"predecessor-version":[{"id":1013054,"href":"https:\/\/store.todsystem.com\/es\/wp-json\/wp\/v2\/product\/1010838\/revisions\/1013054"}],"wp:featuredmedia":[{"embeddable":true,"href":"https:\/\/store.todsystem.com\/es\/wp-json\/wp\/v2\/media\/1012951"}],"wp:attachment":[{"href":"https:\/\/store.todsystem.com\/es\/wp-json\/wp\/v2\/media?parent=1010838"}],"wp:term":[{"taxonomy":"pwb-brand","embeddable":true,"href":"https:\/\/store.todsystem.com\/es\/wp-json\/wp\/v2\/pwb-brand?post=1010838"},{"taxonomy":"product_brand","embeddable":true,"href":"https:\/\/store.todsystem.com\/es\/wp-json\/wp\/v2\/product_brand?post=1010838"},{"taxonomy":"product_cat","embeddable":true,"href":"https:\/\/store.todsystem.com\/es\/wp-json\/wp\/v2\/product_cat?post=1010838"},{"taxonomy":"product_tag","embeddable":true,"href":"https:\/\/store.todsystem.com\/es\/wp-json\/wp\/v2\/product_tag?post=1010838"}],"curies":[{"name":"wp","href":"https:\/\/api.w.org\/{rel}","templated":true}]}}