{"id":1010835,"date":"2024-09-05T09:51:53","date_gmt":"2024-09-05T09:51:53","guid":{"rendered":"https:\/\/store.todsystem.com\/prodotto\/xw540-t260-r\/"},"modified":"2025-06-11T12:04:03","modified_gmt":"2025-06-11T12:04:03","slug":"servomotore-impermeabile-dynamixel-xw540-t260-r","status":"publish","type":"product","link":"https:\/\/store.todsystem.com\/es\/producto\/servomotore-impermeabile-dynamixel-xw540-t260-r\/","title":{"rendered":"Servomotor estanco Dynamixel XW540-T260-R"},"content":{"rendered":"<div class=\"vgblk-rw-wrapper limit-wrapper\"><strong>Servomotor Dynamixel XW540-T260-R: Potencia y estanqueidad IP68<\/strong><\/p>\n<p>En <strong>Servomotor Dynamixel XW540-T260-R<\/strong> de la serie X ofrece todas las prestaciones avanzadas de esta l\u00ednea, con una clasificaci\u00f3n IP68. Aunque no es completamente impermeable, su robusta construcci\u00f3n le permite alcanzar una impresionante clasificaci\u00f3n IP68, lo que significa:<\/p>\n<ul>\n<li><strong>6<\/strong>M\u00e1xima protecci\u00f3n contra el polvo.<\/li>\n<li><strong>8<\/strong>Resistencia al agua, que permite la inmersi\u00f3n entre 1 y 3 metros durante unos 30 minutos.<\/li>\n<\/ul>\n<p>Esto hace que la XW540-T260-R sea ideal para aplicaciones subacu\u00e1ticas, siempre que se complemente con los componentes adecuados, como marcos antioxidantes y sensores estancos.<\/p>\n<p><strong>Rendimiento del Dynamixel XW540-T260-R<\/strong><\/p>\n<p>Parte de la serie <strong>Dinamixel X<\/strong>, la \u00faltima generaci\u00f3n de servomotores de alta precisi\u00f3n desarrollada por Robotis, que ofrece modos de funcionamiento vers\u00e1tiles como el control PWM y la realimentaci\u00f3n detallada de los par\u00e1metros de funcionamiento.<\/p>\n<p>Dise\u00f1o y conexi\u00f3n cuidadosos <strong>RS485<\/strong> ofrecen un rendimiento excepcional en velocidad de transmisi\u00f3n, resoluci\u00f3n y programaci\u00f3n, lo que la convierte en una herramienta l\u00edder para los proyectos de rob\u00f3tica m\u00e1s avanzados.<\/p>\n<p><strong>Especificaciones t\u00e9cnicas<\/strong><\/p>\n<ul>\n<li><strong>Procesador<\/strong>ARM Cortex-M3 (72 MHz, 32 bits)<\/li>\n<li><strong>Sensor de posici\u00f3n<\/strong>Codificador absoluto sin contacto (12 bits, 360\u00b0)<\/li>\n<li><strong>Motor<\/strong>: Maxon sin n\u00facleo<\/li>\n<li><strong>Velocidad de transmisi\u00f3n<\/strong>9600 bps a 4,5 Mbps<\/li>\n<li><strong>Algoritmo de control<\/strong>PID<\/li>\n<li><strong>Resoluci\u00f3n<\/strong>4096 impulsos\/revoluci\u00f3n<\/li>\n<li><strong>Modos de funcionamiento<\/strong>Corriente, velocidad, posici\u00f3n (0-360\u00b0), multivuelta, basado en corriente y control PWM<\/li>\n<li><strong>Peso<\/strong>: 185 g<\/li>\n<li><strong>Dimensiones<\/strong>33,5 x 58,5 x 45,9 mm<\/li>\n<li><strong>Par de bloqueo<\/strong>9,5 N.m @ 12 V<\/li>\n<li><strong>Velocidad en vac\u00edo<\/strong>40 rpm a 12 V<\/li>\n<li><strong>Carga radial<\/strong>: 40 N; <strong>Carga axial<\/strong>: 20 N<\/li>\n<li><strong>Temperatura de funcionamiento<\/strong>-5 a 80\u00b0C<\/li>\n<li><strong>Grado de protecci\u00f3n<\/strong>IP68<\/li>\n<li><strong>Tensi\u00f3n de alimentaci\u00f3n<\/strong>10-14,8 V (se recomiendan 12 V)<\/li>\n<li><strong>Conexi\u00f3n<\/strong>Bus RS485<\/li>\n<li><strong>Comentarios<\/strong>Posici\u00f3n, velocidad, corriente, temperatura, tensi\u00f3n de entrada, etc.<\/li>\n<li><strong>Materiales<\/strong>Caja de engranajes y carcasa de metal<\/li>\n<\/ul>\n<p>Este servo es programable a 100%, perfecto para quienes buscan el m\u00e1ximo control y precisi\u00f3n en proyectos de rob\u00f3tica de \u00faltima generaci\u00f3n.<\/p><\/div>\n<p><!-- .vgblk-rw-wrapper --><\/p>","protected":false},"excerpt":{"rendered":"<p>Barco, veh\u00edculo anfibio, patinete acu\u00e1tico... \u00bfQuieres poner a prueba tus habilidades en el mundo de la rob\u00f3tica en un entorno acu\u00e1tico? El servomotor estanco Dynamixel XW540-T260-R es la clave para nuevas aventuras e innovaciones sobre el agua.<\/p>","protected":false},"featured_media":1012942,"template":"","meta":[],"pwb-brand":[],"product_brand":[],"product_cat":[622],"product_tag":[],"class_list":{"0":"post-1010835","1":"product","2":"type-product","3":"status-publish","4":"has-post-thumbnail","6":"product_cat-servomotori","8":"first","9":"instock","10":"featured","11":"shipping-taxable","12":"product-type-simple"},"brands":[],"_links":{"self":[{"href":"https:\/\/store.todsystem.com\/es\/wp-json\/wp\/v2\/product\/1010835","targetHints":{"allow":["GET"]}}],"collection":[{"href":"https:\/\/store.todsystem.com\/es\/wp-json\/wp\/v2\/product"}],"about":[{"href":"https:\/\/store.todsystem.com\/es\/wp-json\/wp\/v2\/types\/product"}],"version-history":[{"count":5,"href":"https:\/\/store.todsystem.com\/es\/wp-json\/wp\/v2\/product\/1010835\/revisions"}],"predecessor-version":[{"id":1013048,"href":"https:\/\/store.todsystem.com\/es\/wp-json\/wp\/v2\/product\/1010835\/revisions\/1013048"}],"wp:featuredmedia":[{"embeddable":true,"href":"https:\/\/store.todsystem.com\/es\/wp-json\/wp\/v2\/media\/1012942"}],"wp:attachment":[{"href":"https:\/\/store.todsystem.com\/es\/wp-json\/wp\/v2\/media?parent=1010835"}],"wp:term":[{"taxonomy":"pwb-brand","embeddable":true,"href":"https:\/\/store.todsystem.com\/es\/wp-json\/wp\/v2\/pwb-brand?post=1010835"},{"taxonomy":"product_brand","embeddable":true,"href":"https:\/\/store.todsystem.com\/es\/wp-json\/wp\/v2\/product_brand?post=1010835"},{"taxonomy":"product_cat","embeddable":true,"href":"https:\/\/store.todsystem.com\/es\/wp-json\/wp\/v2\/product_cat?post=1010835"},{"taxonomy":"product_tag","embeddable":true,"href":"https:\/\/store.todsystem.com\/es\/wp-json\/wp\/v2\/product_tag?post=1010835"}],"curies":[{"name":"wp","href":"https:\/\/api.w.org\/{rel}","templated":true}]}}