{"id":1010834,"date":"2024-09-05T09:51:52","date_gmt":"2024-09-05T09:51:52","guid":{"rendered":"https:\/\/store.todsystem.com\/prodotto\/cm-550\/"},"modified":"2025-06-11T12:04:05","modified_gmt":"2025-06-11T12:04:05","slug":"controlador-cm-550-para-servomotores-dynamixel","status":"publish","type":"product","link":"https:\/\/store.todsystem.com\/es\/producto\/controlador-cm-550-para-servomotores-dynamixel\/","title":{"rendered":"Controlador CM-550 para servomotores Dynamixel"},"content":{"rendered":"<div class=\"vgblk-rw-wrapper limit-wrapper\">\n<h2>Controlador CM-550: comun\u00edquese con sus servomotores Dynamixel<\/h2>\n<p>Programable en RoboPlus,\u00a0<b>el controlador CM-550 admite la comunicaci\u00f3n con todos los servos Dynamixel conectados en TTL\u00a0<\/b>(servidores del\u00a0<a class=\"catalogue\" title=\"Dynamixel Serie X\" href=\"https:\/\/www.generationrobots.com\/it\/355-dynamixel-serie-x\" rel=\"nofollow noopener\" target=\"_blank\">Serie X\u00a0<\/a>), gracias a 6 puertos compatibles con Dynamixel. Un m\u00f3dulo Bluetooth Low Energy tambi\u00e9n permite la comunicaci\u00f3n inal\u00e1mbrica.<\/p>\n<p>El CM-550 ofrece una gama completa de sensores: sonido, temperatura, tensi\u00f3n.<\/p>\n<p>Tambi\u00e9n incorpora una IMU con aceler\u00f3metro y giroscopio para controlar con precisi\u00f3n tu proyecto de rob\u00f3tica.<\/p>\n<h2>CM-550: nuevas perspectivas para su robot<\/h2>\n<p>El controlador CM-550 tambi\u00e9n incluye 5 puertos de E\/S externos, cada uno con 5 pines.<\/p>\n<p>Los perif\u00e9ricos como los sensores de temperatura, humedad, luminosidad e infrarrojos son compatibles.<\/p>\n<p>Tambi\u00e9n puedes prever la conexi\u00f3n de m\u00f3dulos LED para perfeccionar tu invento.<\/p>\n<p><b>Tenga en cuenta que este modelo de controlador no es compatible con servomotores con conexi\u00f3n RS-485.<\/b><\/p>\n<h2>Especificaciones t\u00e9cnicas del controlador CM-550 para servomotores Dynamixel<\/h2>\n<ul>\n<li>Microcontrolador ArM Cortex-M4<\/li>\n<li>Tensi\u00f3n de funcionamiento: 6,5-15 V (se recomienda 11,1 V)<\/li>\n<li>Consumo de energ\u00eda:\n<ul>\n<li>En espera: 50 mA<\/li>\n<li>Puerto 1-2 IO m\u00e1x. 0,5 A<\/li>\n<li>Puerto 3-5 IO m\u00e1x. 0,02 A<\/li>\n<li>Potencia total m\u00e1xima: 10 A (fusible)<\/li>\n<\/ul>\n<\/li>\n<li>Temperatura de funcionamiento: -5 a 70\u00b0C<\/li>\n<li>M\u00f3dulo de comunicaci\u00f3n: m\u00f3dulo esclavo BLE<\/li>\n<li>E\/S internas:\n<ul>\n<li>2 botones (MODE, START)<\/li>\n<li>1 sensor de sonido<\/li>\n<li>1 timbre<\/li>\n<li>1 sensor de tensi\u00f3n<\/li>\n<li>1 aceler\u00f3metro\/giroscopio<\/li>\n<li>1 sensor de temperatura<\/li>\n<li>3 LED RGB AUX<\/li>\n<\/ul>\n<\/li>\n<li>E\/S externas:\n<ul>\n<li>5 puertos IO (5 patillas)<\/li>\n<li>6 puertos Dynamixel serie X (3 patillas)<\/li>\n<\/ul>\n<\/li>\n<li>Peso: 58,8 g<\/li>\n<li>Productos compatibles:\n<ul>\n<li>Servomotores Dynamixel serie X<\/li>\n<li>Sensores IR, DMS, t\u00e1ctiles, magn\u00e9ticos, de color, luminosidad, temperatura y humedad<\/li>\n<li>M\u00f3dulos LED<\/li>\n<\/ul>\n<\/li>\n<\/ul>\n<\/div>\n<p><!-- .vgblk-rw-wrapper --><\/p>","protected":false},"excerpt":{"rendered":"<p>Nuestro controlador Dynamixel es un centro neur\u00e1lgico de la tecnolog\u00eda, dise\u00f1ado para ofrecer un control preciso y vers\u00e1til de sus robots.<\/p>\n<p>Equipado con una amplia gama de sensores integrados y numerosos puertos de expansi\u00f3n, le permite personalizar todos los aspectos del movimiento de su robot, desde la navegaci\u00f3n aut\u00f3noma hasta la manipulaci\u00f3n de objetos.<\/p>","protected":false},"featured_media":1012935,"template":"","meta":[],"pwb-brand":[],"product_brand":[],"product_cat":[622],"product_tag":[],"class_list":{"0":"post-1010834","1":"product","2":"type-product","3":"status-publish","4":"has-post-thumbnail","6":"product_cat-servomotori","8":"first","9":"instock","10":"shipping-taxable","11":"product-type-simple"},"brands":[],"_links":{"self":[{"href":"https:\/\/store.todsystem.com\/es\/wp-json\/wp\/v2\/product\/1010834","targetHints":{"allow":["GET"]}}],"collection":[{"href":"https:\/\/store.todsystem.com\/es\/wp-json\/wp\/v2\/product"}],"about":[{"href":"https:\/\/store.todsystem.com\/es\/wp-json\/wp\/v2\/types\/product"}],"version-history":[{"count":4,"href":"https:\/\/store.todsystem.com\/es\/wp-json\/wp\/v2\/product\/1010834\/revisions"}],"predecessor-version":[{"id":1013047,"href":"https:\/\/store.todsystem.com\/es\/wp-json\/wp\/v2\/product\/1010834\/revisions\/1013047"}],"wp:featuredmedia":[{"embeddable":true,"href":"https:\/\/store.todsystem.com\/es\/wp-json\/wp\/v2\/media\/1012935"}],"wp:attachment":[{"href":"https:\/\/store.todsystem.com\/es\/wp-json\/wp\/v2\/media?parent=1010834"}],"wp:term":[{"taxonomy":"pwb-brand","embeddable":true,"href":"https:\/\/store.todsystem.com\/es\/wp-json\/wp\/v2\/pwb-brand?post=1010834"},{"taxonomy":"product_brand","embeddable":true,"href":"https:\/\/store.todsystem.com\/es\/wp-json\/wp\/v2\/product_brand?post=1010834"},{"taxonomy":"product_cat","embeddable":true,"href":"https:\/\/store.todsystem.com\/es\/wp-json\/wp\/v2\/product_cat?post=1010834"},{"taxonomy":"product_tag","embeddable":true,"href":"https:\/\/store.todsystem.com\/es\/wp-json\/wp\/v2\/product_tag?post=1010834"}],"curies":[{"name":"wp","href":"https:\/\/api.w.org\/{rel}","templated":true}]}}