{"id":1010833,"date":"2024-09-05T09:51:52","date_gmt":"2024-09-05T09:51:52","guid":{"rendered":"https:\/\/store.todsystem.com\/prodotto\/2xc430-w250-t\/"},"modified":"2025-06-11T12:04:04","modified_gmt":"2025-06-11T12:04:04","slug":"dynamixel-servomotor-de-doble-eje-2xc430-w250-t","status":"publish","type":"product","link":"https:\/\/store.todsystem.com\/es\/producto\/dynamixel-servomotor-de-doble-eje-2xc430-w250-t\/","title":{"rendered":"Servomotor Dynamixel de dos ejes 2XC430-W250-T"},"content":{"rendered":"<div class=\"vgblk-rw-wrapper limit-wrapper\">La serie Dynamixel X \u00e8 attualmente la linea pi\u00f9 avanzata di servomotori di rete offerta da ROBOTIS. Il modello 2XC430-W250-T \u00e8 equipaggiato con un encoder magnetico senza contatto, che consente rotazioni complete di 360\u00b0 a una velocit\u00e0 massima di 64 giri al minuto. Questo servomotore offre una coppia di 1,8 Nm con un&#8217;alimentazione a 12 V. Le caratteristiche tecniche di alto livello, insieme a un peso ridotto di soli 102 g, lo rendono una soluzione potente e versatile, adatta a svariate applicazioni.<\/p>\n<p><strong>Gestione dei cavi<\/strong><\/p>\n<p>Il sistema di canalizzazione dei cavi della serie Dynamixel X \u00e8 stato completamente riprogettato per garantire la massima affidabilit\u00e0. Diversamente dalle precedenti serie AX\/MX, i cavi non sono pi\u00f9 collegati nella parte posteriore del servomotore, ma attraversano i punti di rotazione. Questo design riduce la tensione sui cavi e limita l&#8217;esposizione dei collegamenti.<\/p>\n<p><strong>Fissaggio<\/strong><\/p>\n<p>Il processo di avvitamento del servomotore Dynamixel X pu\u00f2 essere eseguito in diversi modi. Tuttavia, per un corretto montaggio su profili di supporto, \u00e8 fondamentale utilizzare gli anelli distanziatori forniti nel kit.<\/p>\n<p><strong>Especificaciones t\u00e9cnicas<\/strong><\/p>\n<ul>\n<li><strong>Modello servomotore<\/strong>: 2XC430-W250-T<\/li>\n<li><strong>Peso<\/strong>: 102 g<\/li>\n<li><strong>Dimensiones<\/strong>: 36 x 46,5 x 36 mm<\/li>\n<li><strong>Coeficiente de reducci\u00f3n<\/strong>: 257,4:1<\/li>\n<li><strong>Par de bloqueo<\/strong>: 1,8 Nm (12 V)<\/li>\n<li><strong>Velocidad<\/strong>: 64 giri\/minuto (12 V)<\/li>\n<li><strong>Microcontrollore interno<\/strong>: STM32F103C8 72MHz Cortex M3<\/li>\n<li><strong>Encoder<\/strong>: Magnetico senza contatto<\/li>\n<li><strong>Resoluci\u00f3n<\/strong>: 0,088\u00b0 x 4069 posizioni<\/li>\n<li><strong>Tensione di funzionamento<\/strong>: 6,5 &#8211; 12 V<\/li>\n<li><strong>Protocolo<\/strong>: TTL \/ Half Duplex UART<\/li>\n<li><strong>ID<\/strong>: 0 &#8211; 253<\/li>\n<li><strong>Baud Rate<\/strong>: 9600 bps &#8211; 4,5 Mbps<\/li>\n<\/ul>\n<p><strong>Contenido del paquete<\/strong><\/p>\n<ul>\n<li>1 x Servomotore Dynamixel 2XC430-W250-T<\/li>\n<li>2 x Staffe di supporto (HN11-N101)<\/li>\n<li>1 x Cavo di collegamento X3P<\/li>\n<li>Set di viti e manuale di montaggio<\/li>\n<\/ul>\n<\/div>\n<p><!-- .vgblk-rw-wrapper --><\/p>","protected":false},"excerpt":{"rendered":"<p>Dynamixel segna un importante traguardo nel settore dei servomotori con il modello 2XC430-W250-T. Un solo servomotore Dynamixel \u00e8 in grado di controllare due assi, offrendo due gradi di libert\u00e0 in un&#8217;unica soluzione!<\/p>","protected":false},"featured_media":1010930,"template":"","meta":[],"pwb-brand":[],"product_brand":[],"product_cat":[622],"product_tag":[],"class_list":{"0":"post-1010833","1":"product","2":"type-product","3":"status-publish","4":"has-post-thumbnail","6":"product_cat-servomotori","8":"first","9":"instock","10":"shipping-taxable","11":"product-type-simple"},"brands":[],"_links":{"self":[{"href":"https:\/\/store.todsystem.com\/es\/wp-json\/wp\/v2\/product\/1010833","targetHints":{"allow":["GET"]}}],"collection":[{"href":"https:\/\/store.todsystem.com\/es\/wp-json\/wp\/v2\/product"}],"about":[{"href":"https:\/\/store.todsystem.com\/es\/wp-json\/wp\/v2\/types\/product"}],"version-history":[{"count":1,"href":"https:\/\/store.todsystem.com\/es\/wp-json\/wp\/v2\/product\/1010833\/revisions"}],"predecessor-version":[{"id":1016582,"href":"https:\/\/store.todsystem.com\/es\/wp-json\/wp\/v2\/product\/1010833\/revisions\/1016582"}],"wp:featuredmedia":[{"embeddable":true,"href":"https:\/\/store.todsystem.com\/es\/wp-json\/wp\/v2\/media\/1010930"}],"wp:attachment":[{"href":"https:\/\/store.todsystem.com\/es\/wp-json\/wp\/v2\/media?parent=1010833"}],"wp:term":[{"taxonomy":"pwb-brand","embeddable":true,"href":"https:\/\/store.todsystem.com\/es\/wp-json\/wp\/v2\/pwb-brand?post=1010833"},{"taxonomy":"product_brand","embeddable":true,"href":"https:\/\/store.todsystem.com\/es\/wp-json\/wp\/v2\/product_brand?post=1010833"},{"taxonomy":"product_cat","embeddable":true,"href":"https:\/\/store.todsystem.com\/es\/wp-json\/wp\/v2\/product_cat?post=1010833"},{"taxonomy":"product_tag","embeddable":true,"href":"https:\/\/store.todsystem.com\/es\/wp-json\/wp\/v2\/product_tag?post=1010833"}],"curies":[{"name":"wp","href":"https:\/\/api.w.org\/{rel}","templated":true}]}}