{"id":1010824,"date":"2024-09-05T09:51:52","date_gmt":"2024-09-05T09:51:52","guid":{"rendered":"https:\/\/store.todsystem.com\/prodotto\/fpx330-s101-4pcs-set\/"},"modified":"2025-06-12T07:50:19","modified_gmt":"2025-06-12T07:50:19","slug":"fpx330-s101-pieza-estructural-y-barra-espaciadora-para-dynamixel-x330","status":"publish","type":"product","link":"https:\/\/store.todsystem.com\/es\/producto\/fpx330-s101-pieza-estructural-y-barra-espaciadora-para-dynamixel-x330\/","title":{"rendered":"FPX330-S101 - pieza estructural y barra espaciadora para Dynamixel X330"},"content":{"rendered":"<div class=\"vgblk-rw-wrapper limit-wrapper\">\n<h2>Estructura de robot con conjunto FPX330-S101 para servomotor Dynamixel X330<\/h2>\n<p>El conjunto FPX330-S101 consta de 4 piezas estructurales para montar a ambos lados del servomotor.<\/p>\n<p>Se suministran con todos los tornillos y pernos necesarios para un montaje s\u00f3lido y fiable, especialmente importante para un proyecto de rob\u00f3tica m\u00f3vil.<\/p>\n<p>Este conjunto s\u00f3lo es compatible con el servomotor\u00a0<b>Dynamixel X330<\/b>.<\/p>\n<h2>Especificaciones t\u00e9cnicas del set Robotis FPX330-S101<\/h2>\n<ul>\n<li>4 piezas laterales FPX330-S101<\/li>\n<li>20 tuercas M2<\/li>\n<li>20 tornillos PHS M2x4<\/li>\n<li>20 tornillos PHS M2x4 TAP<\/li>\n<li>20 tornillos PHS M2x8 TAP<\/li>\n<li>Conjunto compatible con el servomotor Dynamixel X330<\/li>\n<li>No compatible con las series X540, X430, AX, DX, RX y EX<\/li>\n<\/ul>\n<\/div>\n<p><!-- .vgblk-rw-wrapper --><\/p>","protected":false},"excerpt":{"rendered":"<p>4 accesorios personalizados para el servomotor X330<\/p>\n<p>Adapte f\u00e1cilmente su proyecto de rob\u00f3tica con este conjunto de 4 componentes modulares.<\/p>\n<p>Dise\u00f1ados espec\u00edficamente para el servomotor X330, estos elementos le permiten crear configuraciones \u00fanicas y adaptar su robot a cualquier requisito.<\/p>","protected":false},"featured_media":1012889,"template":"","meta":[],"pwb-brand":[],"product_brand":[],"product_cat":[661],"product_tag":[],"class_list":{"0":"post-1010824","1":"product","2":"type-product","3":"status-publish","4":"has-post-thumbnail","6":"product_cat-telai-modulari-e-profili","8":"first","9":"instock","10":"shipping-taxable","11":"product-type-simple"},"brands":[],"_links":{"self":[{"href":"https:\/\/store.todsystem.com\/es\/wp-json\/wp\/v2\/product\/1010824","targetHints":{"allow":["GET"]}}],"collection":[{"href":"https:\/\/store.todsystem.com\/es\/wp-json\/wp\/v2\/product"}],"about":[{"href":"https:\/\/store.todsystem.com\/es\/wp-json\/wp\/v2\/types\/product"}],"version-history":[{"count":5,"href":"https:\/\/store.todsystem.com\/es\/wp-json\/wp\/v2\/product\/1010824\/revisions"}],"predecessor-version":[{"id":1013036,"href":"https:\/\/store.todsystem.com\/es\/wp-json\/wp\/v2\/product\/1010824\/revisions\/1013036"}],"wp:featuredmedia":[{"embeddable":true,"href":"https:\/\/store.todsystem.com\/es\/wp-json\/wp\/v2\/media\/1012889"}],"wp:attachment":[{"href":"https:\/\/store.todsystem.com\/es\/wp-json\/wp\/v2\/media?parent=1010824"}],"wp:term":[{"taxonomy":"pwb-brand","embeddable":true,"href":"https:\/\/store.todsystem.com\/es\/wp-json\/wp\/v2\/pwb-brand?post=1010824"},{"taxonomy":"product_brand","embeddable":true,"href":"https:\/\/store.todsystem.com\/es\/wp-json\/wp\/v2\/product_brand?post=1010824"},{"taxonomy":"product_cat","embeddable":true,"href":"https:\/\/store.todsystem.com\/es\/wp-json\/wp\/v2\/product_cat?post=1010824"},{"taxonomy":"product_tag","embeddable":true,"href":"https:\/\/store.todsystem.com\/es\/wp-json\/wp\/v2\/product_tag?post=1010824"}],"curies":[{"name":"wp","href":"https:\/\/api.w.org\/{rel}","templated":true}]}}