{"id":1010819,"date":"2024-09-05T09:51:51","date_gmt":"2024-09-05T09:51:51","guid":{"rendered":"https:\/\/store.todsystem.com\/prodotto\/fr13-s105k-set\/"},"modified":"2025-06-12T07:50:20","modified_gmt":"2025-06-12T07:50:20","slug":"fr13-s105k-pieza-estructural-para-dynamixel-xw540","status":"publish","type":"product","link":"https:\/\/store.todsystem.com\/es\/producto\/fr13-s105k-pieza-estructural-para-dynamixel-xw540\/","title":{"rendered":"FR13-S105K - pieza estructural para Dynamixel XW540"},"content":{"rendered":"<div class=\"vgblk-rw-wrapper limit-wrapper\">\n<h2>3 posiciones de montaje para el conjunto FR13-S105K en el servomotor Dynamixel<\/h2>\n<p>Este componente estructural para el servomotor\u00a0<a class=\"catalogue\" title=\"Dynamixel - Serie XW\" href=\"https:\/\/www.generationrobots.com\/it\/525-dynamixel-serie-xw\" rel=\"nofollow noopener\" target=\"_blank\">Dynamixel XW540\u00a0<\/a>facilita el montaje del servomotor en la plataforma rob\u00f3tica.<\/p>\n<p>Puede instalarse en 3 posiciones diferentes: en la parte superior del servomotor, en la parte inferior o en el lateral.<\/p>\n<p>Utilizando las diferentes piezas de bastidor disponibles para el XW540, es posible montar 2 servomotores o fijar un solo servo en la posici\u00f3n exacta.<\/p>\n<h2>Especificaciones t\u00e9cnicas del conjunto FR13-S105K<\/h2>\n<ul>\n<li>S\u00f3lo compatible con servomotores Dynamixel XW540<\/li>\n<li>1 pieza estructural FR13-S105K<\/li>\n<li>6 tornillos de cabeza plana FWB M2.5*17<\/li>\n<li>8 tornillos WB M2.5*5<\/li>\n<li>10 tornillos WB M2.5*4<\/li>\n<\/ul>\n<\/div>\n<p><!-- .vgblk-rw-wrapper --><\/p>","protected":false},"excerpt":{"rendered":"<p>Asegura una fijaci\u00f3n s\u00f3lida y estable de su servomotor, garantizando un rendimiento \u00f3ptimo y movimientos suaves.<\/p>\n<p>Dise\u00f1ado espec\u00edficamente para las necesidades de los modelos XW540.<\/p>","protected":false},"featured_media":1012874,"template":"","meta":[],"pwb-brand":[],"product_brand":[],"product_cat":[661],"product_tag":[],"class_list":{"0":"post-1010819","1":"product","2":"type-product","3":"status-publish","4":"has-post-thumbnail","6":"product_cat-telai-modulari-e-profili","8":"first","9":"instock","10":"shipping-taxable","11":"product-type-simple"},"brands":[],"_links":{"self":[{"href":"https:\/\/store.todsystem.com\/es\/wp-json\/wp\/v2\/product\/1010819","targetHints":{"allow":["GET"]}}],"collection":[{"href":"https:\/\/store.todsystem.com\/es\/wp-json\/wp\/v2\/product"}],"about":[{"href":"https:\/\/store.todsystem.com\/es\/wp-json\/wp\/v2\/types\/product"}],"version-history":[{"count":4,"href":"https:\/\/store.todsystem.com\/es\/wp-json\/wp\/v2\/product\/1010819\/revisions"}],"predecessor-version":[{"id":1013028,"href":"https:\/\/store.todsystem.com\/es\/wp-json\/wp\/v2\/product\/1010819\/revisions\/1013028"}],"wp:featuredmedia":[{"embeddable":true,"href":"https:\/\/store.todsystem.com\/es\/wp-json\/wp\/v2\/media\/1012874"}],"wp:attachment":[{"href":"https:\/\/store.todsystem.com\/es\/wp-json\/wp\/v2\/media?parent=1010819"}],"wp:term":[{"taxonomy":"pwb-brand","embeddable":true,"href":"https:\/\/store.todsystem.com\/es\/wp-json\/wp\/v2\/pwb-brand?post=1010819"},{"taxonomy":"product_brand","embeddable":true,"href":"https:\/\/store.todsystem.com\/es\/wp-json\/wp\/v2\/product_brand?post=1010819"},{"taxonomy":"product_cat","embeddable":true,"href":"https:\/\/store.todsystem.com\/es\/wp-json\/wp\/v2\/product_cat?post=1010819"},{"taxonomy":"product_tag","embeddable":true,"href":"https:\/\/store.todsystem.com\/es\/wp-json\/wp\/v2\/product_tag?post=1010819"}],"curies":[{"name":"wp","href":"https:\/\/api.w.org\/{rel}","templated":true}]}}