{"id":1010815,"date":"2024-09-05T09:51:51","date_gmt":"2024-09-05T09:51:51","guid":{"rendered":"https:\/\/store.todsystem.com\/prodotto\/robot-cable-4p-wp-1000mm-extension\/"},"modified":"2025-06-11T12:04:05","modified_gmt":"2025-06-11T12:04:05","slug":"cable-alargador-de-1000-mm-para-el-servo-dynamixel-estanco","status":"publish","type":"product","link":"https:\/\/store.todsystem.com\/es\/producto\/cable-alargador-de-1000-mm-para-el-servo-dynamixel-estanco\/","title":{"rendered":"Cable alargador de 1000 mm para el servo Dynamixel Waterproof"},"content":{"rendered":"<div class=\"vgblk-rw-wrapper limit-wrapper\">\n<h2>\u00bfPara qu\u00e9 sirve el cable alargador Dynamixel de 1000 mm?<\/h2>\n<p>Este cable rob\u00f3tico de alta resistencia le permite conectar el servomotor Dynamixel serie XW con conexi\u00f3n RS-485 a su controlador.<\/p>\n<p>Est\u00e1 disponible en una versi\u00f3n m\u00e1s larga del cable est\u00e1ndar para ampliar las posibilidades de creaci\u00f3n rob\u00f3tica.<\/p>\n<p>Como el\u00a0<a class=\"catalogue\" title=\"DYNAMIXEL - S\u00c9RIE XW\" href=\"https:\/\/www.generationrobots.com\/fr\/525-dynamixel-serie-xw\" rel=\"nofollow noopener\" target=\"_blank\">Servomotores XW540<\/a>\u00a0al que se conecta, es un cable impermeable que ofrece una conexi\u00f3n perfectamente segura.<\/p>\n<p>Puede permanecer sumergida durante 24 horas en aguas de 1 a 3 metros de profundidad.<\/p>\n<h2>Especificaciones t\u00e9cnicas del cable rob\u00f3tico 4P Dynamixel<\/h2>\n<ul>\n<li>Cable rob\u00f3tico 4P-XW Extensi\u00f3n de 1000 mm<\/li>\n<li>Actuadores compatibles:\u00a0<a class=\"catalogue\" title=\"Servomotor Dynamixel estanco XW540-T260-R\" href=\"https:\/\/www.generationrobots.com\/fr\/403685-servomoteur-dynamixel-waterproof-xw540-t260-r.html\" rel=\"nofollow noopener\" target=\"_blank\">XW540-T260-R<\/a>\u00a0e\u00a0<a class=\"catalogue\" title=\"Servomotor Dynamixel estanco XW540-T140-R\" href=\"https:\/\/www.generationrobots.com\/fr\/403686-servomoteur-dynamixel-waterproof-xw540-t140-r.html\" rel=\"nofollow noopener\" target=\"_blank\">XW540-T140-R<\/a><\/li>\n<\/ul>\n<\/div>\n<p><!-- .vgblk-rw-wrapper --><\/p>","protected":false},"excerpt":{"rendered":"<p>Ampl\u00ede las posibilidades de su robot con este cable alargador de 1 metro.<\/p>\n<p>Espec\u00edficamente dise\u00f1ado para los actuadores de la serie Dynamixel XW, este accesorio le permite conectar sus servomotores de forma m\u00e1s flexible, sin limitaciones de espacio.<\/p>\n<p>La conexi\u00f3n de 4 clavijas garantiza una transmisi\u00f3n de datos estable y fiable.<\/p>","protected":false},"featured_media":1012856,"template":"","meta":[],"pwb-brand":[],"product_brand":[],"product_cat":[622],"product_tag":[],"class_list":{"0":"post-1010815","1":"product","2":"type-product","3":"status-publish","4":"has-post-thumbnail","6":"product_cat-servomotori","8":"first","9":"instock","10":"shipping-taxable","11":"product-type-simple"},"brands":[],"_links":{"self":[{"href":"https:\/\/store.todsystem.com\/es\/wp-json\/wp\/v2\/product\/1010815","targetHints":{"allow":["GET"]}}],"collection":[{"href":"https:\/\/store.todsystem.com\/es\/wp-json\/wp\/v2\/product"}],"about":[{"href":"https:\/\/store.todsystem.com\/es\/wp-json\/wp\/v2\/types\/product"}],"version-history":[{"count":4,"href":"https:\/\/store.todsystem.com\/es\/wp-json\/wp\/v2\/product\/1010815\/revisions"}],"predecessor-version":[{"id":1013020,"href":"https:\/\/store.todsystem.com\/es\/wp-json\/wp\/v2\/product\/1010815\/revisions\/1013020"}],"wp:featuredmedia":[{"embeddable":true,"href":"https:\/\/store.todsystem.com\/es\/wp-json\/wp\/v2\/media\/1012856"}],"wp:attachment":[{"href":"https:\/\/store.todsystem.com\/es\/wp-json\/wp\/v2\/media?parent=1010815"}],"wp:term":[{"taxonomy":"pwb-brand","embeddable":true,"href":"https:\/\/store.todsystem.com\/es\/wp-json\/wp\/v2\/pwb-brand?post=1010815"},{"taxonomy":"product_brand","embeddable":true,"href":"https:\/\/store.todsystem.com\/es\/wp-json\/wp\/v2\/product_brand?post=1010815"},{"taxonomy":"product_cat","embeddable":true,"href":"https:\/\/store.todsystem.com\/es\/wp-json\/wp\/v2\/product_cat?post=1010815"},{"taxonomy":"product_tag","embeddable":true,"href":"https:\/\/store.todsystem.com\/es\/wp-json\/wp\/v2\/product_tag?post=1010815"}],"curies":[{"name":"wp","href":"https:\/\/api.w.org\/{rel}","templated":true}]}}