{"id":1010814,"date":"2024-09-05T09:51:51","date_gmt":"2024-09-05T09:51:51","guid":{"rendered":"https:\/\/store.todsystem.com\/prodotto\/robot-cable-4p-wp-1000mm-standard\/"},"modified":"2025-06-11T12:04:05","modified_gmt":"2025-06-11T12:04:05","slug":"cable-estandar-de-1000-mm-para-el-servo-dynamixel-estanco","status":"publish","type":"product","link":"https:\/\/store.todsystem.com\/es\/producto\/cable-estandar-de-1000-mm-para-el-servo-dynamixel-estanco\/","title":{"rendered":"Cable est\u00e1ndar de 1000 mm para el servo Dynamixel Waterproof"},"content":{"rendered":"<div class=\"vgblk-rw-wrapper limit-wrapper\">\n<h2>Cable rob\u00f3tico 4P 1000 mm: comunicaci\u00f3n estanca<\/h2>\n<p>Servomotores\u00a0<a class=\"catalogue\" title=\"Servomotor Dynamixel estanco XW540-T260-R\" href=\"https:\/\/www.generationrobots.com\/fr\/403685-servomoteur-dynamixel-waterproof-xw540-t260-r.html\" rel=\"nofollow noopener\" target=\"_blank\">Dynamixel XW540-T260-R<\/a>\u00a0e\u00a0<a class=\"catalogue\" title=\"Servomotor Dynamixel estanco XW540-T140-R\" href=\"https:\/\/www.generationrobots.com\/fr\/403686-servomoteur-dynamixel-waterproof-xw540-t140-r.html\" rel=\"nofollow noopener\" target=\"_blank\">XW540-140-R<\/a>\u00a0est\u00e1n dise\u00f1ados para equipar plataformas rob\u00f3ticas acu\u00e1ticas m\u00f3viles.<\/p>\n<p>Estos servomotores inteligentes y programables pueden permanecer sumergidos a profundidades de entre 1 y 3 metros hasta 24 horas.<\/p>\n<p>Este cable impermeable est\u00e1ndar est\u00e1 dise\u00f1ado para proporcionar una conexi\u00f3n segura y de alta calidad al 100% entre el servomotor y su controlador.<\/p>\n<p>Est\u00e1 equipado con un conector JST, compatible con la interfaz RS-485 de los servomotores de la serie XW-R.<\/p>\n<h2>Especificaciones t\u00e9cnicas del cable 4P est\u00e1ndar de 1000 mm<\/h2>\n<ul>\n<li>Cable de robot 4P para servomotor Dynamixel<\/li>\n<li>Compatibilidad: XW540-T260-R y XW540-T140-R<\/li>\n<li>Longitud: 1000 mm<\/li>\n<li>Conectividad: RS-485<\/li>\n<\/ul>\n<\/div>\n<p><!-- .vgblk-rw-wrapper --><\/p>","protected":false},"excerpt":{"rendered":"<p>Maximice el rendimiento de sus robots con este cable espec\u00edfico para servomotores Dynamixel resistentes al agua.<\/p>\n<p>Su robusta construcci\u00f3n y su resistencia al agua garantizan un funcionamiento ininterrumpido, simplificando la creaci\u00f3n de proyectos rob\u00f3ticos complejos.<\/p>","protected":false},"featured_media":1012853,"template":"","meta":[],"pwb-brand":[],"product_brand":[],"product_cat":[622],"product_tag":[],"class_list":{"0":"post-1010814","1":"product","2":"type-product","3":"status-publish","4":"has-post-thumbnail","6":"product_cat-servomotori","8":"first","9":"instock","10":"shipping-taxable","11":"product-type-simple"},"brands":[],"_links":{"self":[{"href":"https:\/\/store.todsystem.com\/es\/wp-json\/wp\/v2\/product\/1010814","targetHints":{"allow":["GET"]}}],"collection":[{"href":"https:\/\/store.todsystem.com\/es\/wp-json\/wp\/v2\/product"}],"about":[{"href":"https:\/\/store.todsystem.com\/es\/wp-json\/wp\/v2\/types\/product"}],"version-history":[{"count":5,"href":"https:\/\/store.todsystem.com\/es\/wp-json\/wp\/v2\/product\/1010814\/revisions"}],"predecessor-version":[{"id":1013017,"href":"https:\/\/store.todsystem.com\/es\/wp-json\/wp\/v2\/product\/1010814\/revisions\/1013017"}],"wp:featuredmedia":[{"embeddable":true,"href":"https:\/\/store.todsystem.com\/es\/wp-json\/wp\/v2\/media\/1012853"}],"wp:attachment":[{"href":"https:\/\/store.todsystem.com\/es\/wp-json\/wp\/v2\/media?parent=1010814"}],"wp:term":[{"taxonomy":"pwb-brand","embeddable":true,"href":"https:\/\/store.todsystem.com\/es\/wp-json\/wp\/v2\/pwb-brand?post=1010814"},{"taxonomy":"product_brand","embeddable":true,"href":"https:\/\/store.todsystem.com\/es\/wp-json\/wp\/v2\/product_brand?post=1010814"},{"taxonomy":"product_cat","embeddable":true,"href":"https:\/\/store.todsystem.com\/es\/wp-json\/wp\/v2\/product_cat?post=1010814"},{"taxonomy":"product_tag","embeddable":true,"href":"https:\/\/store.todsystem.com\/es\/wp-json\/wp\/v2\/product_tag?post=1010814"}],"curies":[{"name":"wp","href":"https:\/\/api.w.org\/{rel}","templated":true}]}}