{"id":1010810,"date":"2024-09-05T09:51:51","date_gmt":"2024-09-05T09:51:51","guid":{"rendered":"https:\/\/store.todsystem.com\/prodotto\/hn13-n101-set\/"},"modified":"2025-06-11T12:04:05","modified_gmt":"2025-06-11T12:04:05","slug":"hn13-n101-kit-parte-strutturale-per-dynamixel-x540","status":"publish","type":"product","link":"https:\/\/store.todsystem.com\/es\/producto\/hn13-n101-kit-parte-strutturale-per-dynamixel-x540\/","title":{"rendered":"HN13-N101 - Kit de piezas estructurales para Dynamixel X540"},"content":{"rendered":"<div class=\"vgblk-rw-wrapper limit-wrapper\">\n<h2>Dynamixel HN13-N101: simplifica la integraci\u00f3n de servos XH o XM540<\/h2>\n<p>La barra separadora HN13-N101 es un componente estructural compatible con cualquier servomotor Dynamixel\u00a0<a class=\"catalogue\" title=\"Dynamixel - Serie XM\" href=\"https:\/\/www.generationrobots.com\/it\/461-dynamixel-serie-xm\" rel=\"nofollow noopener\" target=\"_blank\">de la serie XH\u00a0<\/a>o\u00a0<a class=\"catalogue\" title=\"Dynamixel - Serie XM\" href=\"https:\/\/www.generationrobots.com\/it\/461-dynamixel-serie-xm\" rel=\"nofollow noopener\" target=\"_blank\">XM540\u00a0<\/a>.<\/p>\n<p>Instalado en el eje de salida, permite fijar el servomotor a un acoplamiento o a cualquier otro soporte.<\/p>\n<h2>Caracter\u00edsticas t\u00e9cnicas de la barra separadora HN13-N101<\/h2>\n<ul>\n<li>El juego contiene: 1<\/li>\n<li>barra separadora HN13-N101 1<\/li>\n<li>perno llave WB M3x6<\/li>\n<li>10 Tornillo llave WB M2.5\u00d73 1<\/li>\n<li>Arandela de tefl\u00f3n<\/li>\n<\/ul>\n<\/div>\n<p><!-- .vgblk-rw-wrapper --><\/p>","protected":false},"excerpt":{"rendered":"<p>Personalice sus dise\u00f1os rob\u00f3ticos con el componente estructural Dynamixel HN13-N101.<\/p>\n<p>Dise\u00f1ado espec\u00edficamente para integrarse a la perfecci\u00f3n con los servomotores de las series XH y XM540 de Dynamixel, este vers\u00e1til accesorio le permite crear conexiones s\u00f3lidas y personalizadas entre sus actuadores y el resto de la estructura rob\u00f3tica.<\/p>\n<p>Optimice su construcci\u00f3n con la m\u00e1xima precisi\u00f3n y flexibilidad.<\/p>","protected":false},"featured_media":1012843,"template":"","meta":[],"pwb-brand":[],"product_brand":[],"product_cat":[622],"product_tag":[],"class_list":{"0":"post-1010810","1":"product","2":"type-product","3":"status-publish","4":"has-post-thumbnail","6":"product_cat-servomotori","8":"first","9":"instock","10":"shipping-taxable","11":"product-type-simple"},"brands":[],"_links":{"self":[{"href":"https:\/\/store.todsystem.com\/es\/wp-json\/wp\/v2\/product\/1010810","targetHints":{"allow":["GET"]}}],"collection":[{"href":"https:\/\/store.todsystem.com\/es\/wp-json\/wp\/v2\/product"}],"about":[{"href":"https:\/\/store.todsystem.com\/es\/wp-json\/wp\/v2\/types\/product"}],"version-history":[{"count":4,"href":"https:\/\/store.todsystem.com\/es\/wp-json\/wp\/v2\/product\/1010810\/revisions"}],"predecessor-version":[{"id":1013011,"href":"https:\/\/store.todsystem.com\/es\/wp-json\/wp\/v2\/product\/1010810\/revisions\/1013011"}],"wp:featuredmedia":[{"embeddable":true,"href":"https:\/\/store.todsystem.com\/es\/wp-json\/wp\/v2\/media\/1012843"}],"wp:attachment":[{"href":"https:\/\/store.todsystem.com\/es\/wp-json\/wp\/v2\/media?parent=1010810"}],"wp:term":[{"taxonomy":"pwb-brand","embeddable":true,"href":"https:\/\/store.todsystem.com\/es\/wp-json\/wp\/v2\/pwb-brand?post=1010810"},{"taxonomy":"product_brand","embeddable":true,"href":"https:\/\/store.todsystem.com\/es\/wp-json\/wp\/v2\/product_brand?post=1010810"},{"taxonomy":"product_cat","embeddable":true,"href":"https:\/\/store.todsystem.com\/es\/wp-json\/wp\/v2\/product_cat?post=1010810"},{"taxonomy":"product_tag","embeddable":true,"href":"https:\/\/store.todsystem.com\/es\/wp-json\/wp\/v2\/product_tag?post=1010810"}],"curies":[{"name":"wp","href":"https:\/\/api.w.org\/{rel}","templated":true}]}}