{"id":1010808,"date":"2024-09-05T09:51:51","date_gmt":"2024-09-05T09:51:51","guid":{"rendered":"https:\/\/store.todsystem.com\/prodotto\/rm-p60-rnh\/"},"modified":"2025-06-11T12:04:05","modified_gmt":"2025-06-11T12:04:05","slug":"brazo-openmanipulator-pro-rm-p60-rnh","status":"publish","type":"product","link":"https:\/\/store.todsystem.com\/es\/producto\/brazo-openmanipulator-pro-rm-p60-rnh\/","title":{"rendered":"Brazo OpenMANIPULATOR-PRO RM-P60-RNH"},"content":{"rendered":"<div class=\"vgblk-rw-wrapper limit-wrapper\">\n<h2>Robotis OpenManipulator-PRO: rendimiento para la investigaci\u00f3n<\/h2>\n<p>El brazo rob\u00f3tico\u00a0<a class=\"catalogue\" title=\"Componentes Rob\u00f3ticos\" href=\"https:\/\/www.generationrobots.com\/fr\/81_robotis\" rel=\"nofollow noopener\" target=\"_blank\">Robotis<\/a>\u00a0OpenManipulator-PRO es ante todo un brazo rob\u00f3tico de 6 grados de libertad, compatible con ROS, con 3 articulaciones, cada una equipada con un servomotor.\u00a0<a class=\"catalogue\" title=\"Servomotores Dynamixel Pro\" href=\"https:\/\/www.generationrobots.com\/fr\/216-servomoteurs-dynamixel-pro\" rel=\"nofollow noopener\" target=\"_blank\">Dynamixel Pro Plus<\/a>\u00a0alto rendimiento.<\/p>\n<p>Cada uno de estos actuadores incorpora un motor de corriente continua, un servocontrolador, un excitador, un sensor y un reductor cicloidal.<\/p>\n<p>El resultado: este brazo rob\u00f3tico de investigaci\u00f3n puede moverse con la mayor libertad posible y ofrece un control extremadamente preciso del par, la posici\u00f3n, la velocidad y la corriente, gracias a la completa retroalimentaci\u00f3n que proporciona un enc\u00f3der incremental y absoluto, as\u00ed como su sensor.<\/p>\n<h2>Un entorno de programaci\u00f3n ideal para este brazo rob\u00f3tico educativo<\/h2>\n<p>El brazo ROBOTIS OpenManipulator-Pro tambi\u00e9n es ideal para ense\u00f1ar conocimientos avanzados de programaci\u00f3n.<\/p>\n<p>Su entorno de software permite experimentar con una amplia gama de lenguajes: C++, Java, LabVIEW, C#, etc.<\/p>\n<p>Tambi\u00e9n est\u00e1 disponible una completa biblioteca de c\u00f3digo abierto en C.<\/p>\n<p>Las diversas funciones del brazo rob\u00f3tico lo convierten en una excelente ayuda did\u00e1ctica en ciencias f\u00edsicas, en el estudio de la din\u00e1mica y la cinem\u00e1tica.<\/p>\n<p>Existe una biblioteca de c\u00f3digos para cinem\u00e1tica, con ejemplos de cinem\u00e1tica inversa y directa.<\/p><\/div>\n<p><!-- .vgblk-rw-wrapper --><\/p>","protected":false},"excerpt":{"rendered":"<p>El ROBOTIS OpenManipulator-PRO es un potente y preciso brazo rob\u00f3tico de 6 ejes dise\u00f1ado para ofrecer un control avanzado y personalizable. Gracias a su compatibilidad con ROS, es ideal para aplicaciones de investigaci\u00f3n y desarrollo.<\/p>\n<p>Su robusta construcci\u00f3n y sus servomotores de alta calidad garantizan un rendimiento excepcional, mientras que el entorno de programaci\u00f3n intuitivo simplifica la creaci\u00f3n de secuencias de movimiento complejas.<\/p>","protected":false},"featured_media":1012828,"template":"","meta":[],"pwb-brand":[],"product_brand":[],"product_cat":[622],"product_tag":[],"class_list":{"0":"post-1010808","1":"product","2":"type-product","3":"status-publish","4":"has-post-thumbnail","6":"product_cat-servomotori","8":"first","9":"instock","10":"shipping-taxable","11":"product-type-simple"},"brands":[],"_links":{"self":[{"href":"https:\/\/store.todsystem.com\/es\/wp-json\/wp\/v2\/product\/1010808","targetHints":{"allow":["GET"]}}],"collection":[{"href":"https:\/\/store.todsystem.com\/es\/wp-json\/wp\/v2\/product"}],"about":[{"href":"https:\/\/store.todsystem.com\/es\/wp-json\/wp\/v2\/types\/product"}],"version-history":[{"count":4,"href":"https:\/\/store.todsystem.com\/es\/wp-json\/wp\/v2\/product\/1010808\/revisions"}],"predecessor-version":[{"id":1013003,"href":"https:\/\/store.todsystem.com\/es\/wp-json\/wp\/v2\/product\/1010808\/revisions\/1013003"}],"wp:featuredmedia":[{"embeddable":true,"href":"https:\/\/store.todsystem.com\/es\/wp-json\/wp\/v2\/media\/1012828"}],"wp:attachment":[{"href":"https:\/\/store.todsystem.com\/es\/wp-json\/wp\/v2\/media?parent=1010808"}],"wp:term":[{"taxonomy":"pwb-brand","embeddable":true,"href":"https:\/\/store.todsystem.com\/es\/wp-json\/wp\/v2\/pwb-brand?post=1010808"},{"taxonomy":"product_brand","embeddable":true,"href":"https:\/\/store.todsystem.com\/es\/wp-json\/wp\/v2\/product_brand?post=1010808"},{"taxonomy":"product_cat","embeddable":true,"href":"https:\/\/store.todsystem.com\/es\/wp-json\/wp\/v2\/product_cat?post=1010808"},{"taxonomy":"product_tag","embeddable":true,"href":"https:\/\/store.todsystem.com\/es\/wp-json\/wp\/v2\/product_tag?post=1010808"}],"curies":[{"name":"wp","href":"https:\/\/api.w.org\/{rel}","templated":true}]}}