{"id":1010786,"date":"2024-09-05T09:51:49","date_gmt":"2024-09-05T09:51:49","guid":{"rendered":"https:\/\/store.todsystem.com\/prodotto\/rm-x52-frame-set\/"},"modified":"2025-06-11T12:04:08","modified_gmt":"2025-06-11T12:04:08","slug":"openmanipulator-rm-x52-brazo-robotico-sin-servomotores","status":"publish","type":"product","link":"https:\/\/store.todsystem.com\/es\/producto\/openmanipulator-rm-x52-brazo-robotico-sin-servomotores\/","title":{"rendered":"Brazo rob\u00f3tico OpenManipulator RM-X52 (sin servomotores)"},"content":{"rendered":"<div class=\"vgblk-rw-wrapper limit-wrapper\">\n<h2>OpenManipulator Set RM-X52: Brazo articulado para TurtleBot3<\/h2>\n<p>Descubre la <strong>RM-X52 Juego de manipuladores abiertos<\/strong>la soluci\u00f3n ideal para ampliar las capacidades de su <strong>TortugaBot3 Gofre<\/strong> o <strong>Gofre Pi<\/strong>. Este completo kit incluye todos los componentes mec\u00e1nicos necesarios para montar un <strong>brazo rob\u00f3tico de gran versatilidad<\/strong> equipado con 4 grados de libertad y una pr\u00e1ctica pinza en el extremo, perfecto para una amplia gama de proyectos de rob\u00f3tica.<\/p>\n<p>Con <strong>todas las herramientas y tornillos incluidos<\/strong>el montaje ser\u00e1 un juego de ni\u00f1os. Despu\u00e9s de montar su <strong>OpenManipulator<\/strong>, puedes instalarlo en la plataforma rob\u00f3tica ROS de ROBOTIS, como TurtleBot3 Waffle o Waffle Pi, utilizando una placa Raspberry Pi 3. La compatibilidad tambi\u00e9n se extiende a ordenadores que soporten esta plataforma.<\/p>\n<ul>\n<li>Facilita la instalaci\u00f3n en un <strong>base compatible (Placa base-02)<\/strong>para asegurarse de que el brazo articulado est\u00e1 colocado a la altura deseada, por ejemplo, sobre una mesa. Puede probar la funci\u00f3n conect\u00e1ndolo al PC mediante el bot\u00f3n <a class=\"catalogue\" title=\"Conector U2D2 Dynamixel\/PC\" href=\"https:\/\/www.generationrobots.com\/it\/402820-connettore-u2d2-dynamixelpc.html\" rel=\"nofollow noopener\" target=\"_blank\">Conector U2D2 Dynamixel\/PC<\/a>.<\/li>\n<\/ul>\n<h2>Servomotores Dynamixel compatibles con el OpenManipulator RM-X52<\/h2>\n<p>Es importante se\u00f1alar que el <strong>servomotores<\/strong> no se incluyen en el conjunto OpenManipulator y deber\u00e1n adquirirse por separado en funci\u00f3n de las necesidades espec\u00edficas de su proyecto. Elegir el servomotor adecuado es crucial para el funcionamiento eficiente del brazo rob\u00f3tico.<\/p>\n<ul>\n<li>Puede optar por el <strong>Servomotores Dynamixel<\/strong> modelos XH430, XM430 y XL430, todos ellos compatibles con OpenManipulator;<\/li>\n<li>Recuerde tambi\u00e9n tener en cuenta el tipo de comunicaci\u00f3n y la carga \u00fatil de su proyecto;<\/li>\n<li>Algunos servomotores pueden requerir configuraciones espec\u00edficas para funcionar correctamente con OpenManipulator;<\/li>\n<li>Si desea combinar un servomotor XL430 con los otros modelos XH o XM430, aseg\u00farese de seleccionar los servomotores en la opci\u00f3n <strong>TTL<\/strong>;<\/li>\n<li>Tenga en cuenta que las series AX \/ MX, X540 y PRO no son compatibles.<\/li>\n<\/ul>\n<p><meta name=\"description\" content=\"Comprar OpenManipulator Set RM-X52 para TurtleBot3: brazo rob\u00f3tico articulado con 4 grados de libertad. Compatible con servomotores Dynamixel. Desarrolla proyectos innovadores de rob\u00f3tica y automatizaci\u00f3n.\" \/><\/div>\n<p><!-- .vgblk-rw-wrapper --><\/p>","protected":false},"excerpt":{"rendered":"<p>Nuestro brazo rob\u00f3tico OpenManipulator es la elecci\u00f3n ideal.<\/p>\n<p>Dise\u00f1ado para ser compatible con ROS e inspirado en el RM-X52, este kit permite crear un robot m\u00f3vil capaz de interactuar con el entorno de una forma m\u00e1s compleja.<\/p>\n<p>Simplifique su experimentaci\u00f3n y d\u00e9 vida a sus ideas con esta potente herramienta.<\/p>","protected":false},"featured_media":1012795,"template":"","meta":[],"pwb-brand":[],"product_brand":[],"product_cat":[622],"product_tag":[],"class_list":{"0":"post-1010786","1":"product","2":"type-product","3":"status-publish","4":"has-post-thumbnail","6":"product_cat-servomotori","8":"first","9":"instock","10":"shipping-taxable","11":"product-type-simple"},"brands":[],"_links":{"self":[{"href":"https:\/\/store.todsystem.com\/es\/wp-json\/wp\/v2\/product\/1010786","targetHints":{"allow":["GET"]}}],"collection":[{"href":"https:\/\/store.todsystem.com\/es\/wp-json\/wp\/v2\/product"}],"about":[{"href":"https:\/\/store.todsystem.com\/es\/wp-json\/wp\/v2\/types\/product"}],"version-history":[{"count":4,"href":"https:\/\/store.todsystem.com\/es\/wp-json\/wp\/v2\/product\/1010786\/revisions"}],"predecessor-version":[{"id":1014912,"href":"https:\/\/store.todsystem.com\/es\/wp-json\/wp\/v2\/product\/1010786\/revisions\/1014912"}],"wp:featuredmedia":[{"embeddable":true,"href":"https:\/\/store.todsystem.com\/es\/wp-json\/wp\/v2\/media\/1012795"}],"wp:attachment":[{"href":"https:\/\/store.todsystem.com\/es\/wp-json\/wp\/v2\/media?parent=1010786"}],"wp:term":[{"taxonomy":"pwb-brand","embeddable":true,"href":"https:\/\/store.todsystem.com\/es\/wp-json\/wp\/v2\/pwb-brand?post=1010786"},{"taxonomy":"product_brand","embeddable":true,"href":"https:\/\/store.todsystem.com\/es\/wp-json\/wp\/v2\/product_brand?post=1010786"},{"taxonomy":"product_cat","embeddable":true,"href":"https:\/\/store.todsystem.com\/es\/wp-json\/wp\/v2\/product_cat?post=1010786"},{"taxonomy":"product_tag","embeddable":true,"href":"https:\/\/store.todsystem.com\/es\/wp-json\/wp\/v2\/product_tag?post=1010786"}],"curies":[{"name":"wp","href":"https:\/\/api.w.org\/{rel}","templated":true}]}}