{"id":1010768,"date":"2024-09-05T09:51:47","date_gmt":"2024-09-05T09:51:47","guid":{"rendered":"https:\/\/store.todsystem.com\/prodotto\/x430-210-gear-bearing-set\/"},"modified":"2025-06-12T07:55:31","modified_gmt":"2025-06-12T07:55:31","slug":"dynamixel-x430-servomotor-gear-set-ratio-2101","status":"publish","type":"product","link":"https:\/\/store.todsystem.com\/es\/producto\/dynamixel-x430-servomotor-gear-set-ratio-2101\/","title":{"rendered":"Kit de engranajes para servomotor Dynamixel X430 - relaci\u00f3n 210:1"},"content":{"rendered":"<div class=\"vgblk-rw-wrapper limit-wrapper\">\n<h2>Juego de ruedas dentadas para servomotores Dynamixel XH430\/XM430 - Relaci\u00f3n de reducci\u00f3n 210:1<\/h2>\n<p>Nuestro juego de pi\u00f1ones para servomotores Dynamixel XH430 y XM430 est\u00e1 dise\u00f1ado para maximizar la longevidad y el rendimiento de sus proyectos mecatr\u00f3nicos. Cada pi\u00f1\u00f3n est\u00e1 fabricado con metal recubierto, lo que garantiza una resistencia superior y una robustez excepcional de los engranajes. <\/p>\n<p>Este completo kit incluye todo lo necesario para una instalaci\u00f3n r\u00e1pida y sencilla: **3 pi\u00f1ones** con una relaci\u00f3n de reducci\u00f3n de **210:1**, un **pi\u00f1\u00f3n**, dos **rodamientos de bolas**, un **adaptador de calibraci\u00f3n** y un **lubricante** para optimizar el funcionamiento y la precisi\u00f3n.<\/p>\n<h2>Especificaciones t\u00e9cnicas del juego de pi\u00f1ones para servomotor Dynamixel XH430 \/ XM430<\/h2>\n<p>El juego consta de: <\/p>\n<ul>\n<li>1 Pi\u00f1\u00f3n X430 n\u00ba 1 (relaci\u00f3n 210:1)<\/li>\n<li>1 Pi\u00f1\u00f3n X430 n\u00ba 2 (relaci\u00f3n 210:1)<\/li>\n<li>1 Pi\u00f1\u00f3n X430 N\u00ba 3<\/li>\n<li>1 Pi\u00f1\u00f3n X430<\/li>\n<li>1 Lubricante<\/li>\n<li>2 Adaptadores de calibraci\u00f3n (para X430)<\/li>\n<li>Rodamientos de bolas incluidos<\/li>\n<li>Compatibilidad con servomotores:<br \/>\n        <a class=\"catalogue\" title=\"Servomotor Dynamixel XH430-W210-R\" href=\"https:\/\/www.generationrobots.com\/it\/402541-servomotore-dynamixel-xh430-w210-r.html\" rel=\"nofollow noopener\" target=\"_blank\">XH430-W210-R<\/a>,<br \/>\n        <a class=\"catalogue\" title=\"Servomotor Dynamixel XH430-W210-T\" href=\"https:\/\/www.generationrobots.com\/it\/402713-servomotore-dynamixel-xh430-w210-t.html\" rel=\"nofollow noopener\" target=\"_blank\">XH430-W210-T<\/a>,<br \/>\n        <a class=\"catalogue\" title=\"Servomotor Dynamixel XH430-V210-R\" href=\"https:\/\/www.generationrobots.com\/it\/402719-servomotore-dynamixel-xh430-v210-r.html\" rel=\"nofollow noopener\" target=\"_blank\">XH430-V210-R<\/a>,<br \/>\n        <a class=\"catalogue\" title=\"Servomotor Dynamixel XM430-W210-R\" href=\"https:\/\/www.generationrobots.com\/it\/402478-servomotore-dynamixel-xm430-w210-r.html\" rel=\"nofollow noopener\" target=\"_blank\">XM430-W210-R<\/a>,<br \/>\n        <a class=\"catalogue\" title=\"Servomotor Dynamixel XM430-W210-T\" href=\"https:\/\/www.generationrobots.com\/it\/402709-servomotore-dynamixel-xm430-w210-t.html\" rel=\"nofollow noopener\" target=\"_blank\">XM430-W210-T<\/a><\/li>\n<\/ul>\n<\/div>\n<p><!-- .vgblk-rw-wrapper --><\/p>","protected":false},"excerpt":{"rendered":"<p>Kit de engranajes de precisi\u00f3n 210:1, dise\u00f1ado espec\u00edficamente para los servomotores Dynamixel XH430 y XM430.<\/p>\n<p>Proporciona un movimiento suave y controlado, ideal para aplicaciones que requieren una elevada relaci\u00f3n de reducci\u00f3n.<\/p>","protected":false},"featured_media":1012703,"template":"","meta":[],"pwb-brand":[],"product_brand":[],"product_cat":[669],"product_tag":[],"class_list":{"0":"post-1010768","1":"product","2":"type-product","3":"status-publish","4":"has-post-thumbnail","6":"product_cat-cavi-connettori-e-custodie","8":"first","9":"instock","10":"shipping-taxable","11":"product-type-simple"},"brands":[],"_links":{"self":[{"href":"https:\/\/store.todsystem.com\/es\/wp-json\/wp\/v2\/product\/1010768","targetHints":{"allow":["GET"]}}],"collection":[{"href":"https:\/\/store.todsystem.com\/es\/wp-json\/wp\/v2\/product"}],"about":[{"href":"https:\/\/store.todsystem.com\/es\/wp-json\/wp\/v2\/types\/product"}],"version-history":[{"count":4,"href":"https:\/\/store.todsystem.com\/es\/wp-json\/wp\/v2\/product\/1010768\/revisions"}],"predecessor-version":[{"id":1014941,"href":"https:\/\/store.todsystem.com\/es\/wp-json\/wp\/v2\/product\/1010768\/revisions\/1014941"}],"wp:featuredmedia":[{"embeddable":true,"href":"https:\/\/store.todsystem.com\/es\/wp-json\/wp\/v2\/media\/1012703"}],"wp:attachment":[{"href":"https:\/\/store.todsystem.com\/es\/wp-json\/wp\/v2\/media?parent=1010768"}],"wp:term":[{"taxonomy":"pwb-brand","embeddable":true,"href":"https:\/\/store.todsystem.com\/es\/wp-json\/wp\/v2\/pwb-brand?post=1010768"},{"taxonomy":"product_brand","embeddable":true,"href":"https:\/\/store.todsystem.com\/es\/wp-json\/wp\/v2\/product_brand?post=1010768"},{"taxonomy":"product_cat","embeddable":true,"href":"https:\/\/store.todsystem.com\/es\/wp-json\/wp\/v2\/product_cat?post=1010768"},{"taxonomy":"product_tag","embeddable":true,"href":"https:\/\/store.todsystem.com\/es\/wp-json\/wp\/v2\/product_tag?post=1010768"}],"curies":[{"name":"wp","href":"https:\/\/api.w.org\/{rel}","templated":true}]}}