{"id":1010755,"date":"2024-09-05T09:51:47","date_gmt":"2024-09-05T09:51:47","guid":{"rendered":"https:\/\/store.todsystem.com\/prodotto\/fr12-h101k-set\/"},"modified":"2025-06-12T07:50:23","modified_gmt":"2025-06-12T07:50:23","slug":"fr12-h101k-pieza-estructural-y-barra-separadora-para-dynamixel-xm430","status":"publish","type":"product","link":"https:\/\/store.todsystem.com\/es\/producto\/fr12-h101k-pieza-estructural-y-barra-separadora-para-dynamixel-xm430\/","title":{"rendered":"FR12-H101K - Pieza estructural y barra separadora para Dynamixel XM430"},"content":{"rendered":"<div class=\"vgblk-rw-wrapper limit-wrapper\">\n<h2>Repare y actualice su servomotor Dynamixel XM-430 con el juego FR12-H101K<\/h2>\n<p>Si eres un entusiasta de la rob\u00f3tica, sabr\u00e1s lo esencial que es mantener tu <a class=\"catalogue\" title=\"Servomotores Dynamixel Serie X\" href=\"https:\/\/www.generationrobots.com\/it\/355-dynamixel-serie-x\" rel=\"nofollow noopener\" target=\"_blank\">Servomotores Dynamixel XM-430<\/a> en perfecto estado. Estos servomotores de \u00faltima generaci\u00f3n ofrecen un rendimiento superior, con m\u00e1s velocidad y potencia que el <a class=\"catalogue\" title=\"Servomotores Dynamixel Serie MX\" href=\"https:\/\/www.generationrobots.com\/it\/256-dynamixel-serie-mx\" rel=\"nofollow noopener\" target=\"_blank\">Serie MX<\/a>. Sin embargo, puede experimentar una ligera incompatibilidad cuando se trata de las piezas estructurales de pl\u00e1stico del Bioloid, que no encajan perfectamente en la nueva posici\u00f3n de los orificios roscados.<\/p>\n<p>Afortunadamente, Robotis ha abordado este problema desarrollando el conjunto de componentes estructurales <strong>FR12-H101K Dinamizador<\/strong>especialmente dise\u00f1ado para garantizar un montaje f\u00e1cil y preciso de su servomotor. Es importante tener en cuenta que este set no es compatible con los servomotores de la serie MX, as\u00ed que aseg\u00farese de adquirirlo \u00fanicamente para los modelos XM-430.<\/p>\n<h2>Especificaciones t\u00e9cnicas del juego FR12-H101K para servomotores<\/h2>\n<ul>\n<li>El juego FR12-H101K incluye:<\/li>\n<li>1 bastidor FR12-H101K para una estabilidad \u00f3ptima<\/li>\n<li>1 juego de barras separadoras HN12-I101 para un ajuste perfecto<\/li>\n<li>4 tornillos FHS M2.5\u00d714, robustos y duraderos<\/li>\n<li>18 tornillos WB M2x3 para un montaje fiable<\/li>\n<li>8 tornillos de chaveta M2.5\u00d74, para un acoplamiento preciso<\/li>\n<li>10 anillos distanciadores para una configuraci\u00f3n vers\u00e1til<\/li>\n<\/ul>\n<p>Con el juego FR12-H101K, podr\u00e1 reparar y actualizar su servomotor Dynamixel XM-430, garantizando un alto rendimiento y un funcionamiento \u00f3ptimo. No deje que la compatibilidad de piezas sea un problema: elija el conjunto FR12-H101K y mejore su experiencia en rob\u00f3tica.<\/p><\/div>\n<p><!-- .vgblk-rw-wrapper --><\/p>","protected":false},"excerpt":{"rendered":"<p>Kit de montaje personalizado para los nuevos motores XM-430 de Robotis.<\/p>\n<p>Dise\u00f1ado espec\u00edficamente para aprovechar todo el potencial de estos motores de \u00faltima generaci\u00f3n, este kit ofrece una soluci\u00f3n<\/p>\n<p>completa y vers\u00e1til para construir robots a medida.<\/p>","protected":false},"featured_media":1012662,"template":"","meta":[],"pwb-brand":[],"product_brand":[],"product_cat":[661],"product_tag":[],"class_list":{"0":"post-1010755","1":"product","2":"type-product","3":"status-publish","4":"has-post-thumbnail","6":"product_cat-telai-modulari-e-profili","8":"first","9":"instock","10":"shipping-taxable","11":"product-type-simple"},"brands":[],"_links":{"self":[{"href":"https:\/\/store.todsystem.com\/es\/wp-json\/wp\/v2\/product\/1010755","targetHints":{"allow":["GET"]}}],"collection":[{"href":"https:\/\/store.todsystem.com\/es\/wp-json\/wp\/v2\/product"}],"about":[{"href":"https:\/\/store.todsystem.com\/es\/wp-json\/wp\/v2\/types\/product"}],"version-history":[{"count":4,"href":"https:\/\/store.todsystem.com\/es\/wp-json\/wp\/v2\/product\/1010755\/revisions"}],"predecessor-version":[{"id":1014928,"href":"https:\/\/store.todsystem.com\/es\/wp-json\/wp\/v2\/product\/1010755\/revisions\/1014928"}],"wp:featuredmedia":[{"embeddable":true,"href":"https:\/\/store.todsystem.com\/es\/wp-json\/wp\/v2\/media\/1012662"}],"wp:attachment":[{"href":"https:\/\/store.todsystem.com\/es\/wp-json\/wp\/v2\/media?parent=1010755"}],"wp:term":[{"taxonomy":"pwb-brand","embeddable":true,"href":"https:\/\/store.todsystem.com\/es\/wp-json\/wp\/v2\/pwb-brand?post=1010755"},{"taxonomy":"product_brand","embeddable":true,"href":"https:\/\/store.todsystem.com\/es\/wp-json\/wp\/v2\/product_brand?post=1010755"},{"taxonomy":"product_cat","embeddable":true,"href":"https:\/\/store.todsystem.com\/es\/wp-json\/wp\/v2\/product_cat?post=1010755"},{"taxonomy":"product_tag","embeddable":true,"href":"https:\/\/store.todsystem.com\/es\/wp-json\/wp\/v2\/product_tag?post=1010755"}],"curies":[{"name":"wp","href":"https:\/\/api.w.org\/{rel}","templated":true}]}}