{"id":1010736,"date":"2024-09-05T09:51:45","date_gmt":"2024-09-05T09:51:45","guid":{"rendered":"https:\/\/store.todsystem.com\/prodotto\/hn05-n102-set\/"},"modified":"2025-06-12T10:17:00","modified_gmt":"2025-06-12T10:17:00","slug":"hn05-n102-kit-de-barra-espaciadora-para-dynamixel-mx64-106","status":"publish","type":"product","link":"https:\/\/store.todsystem.com\/es\/producto\/hn05-n102-kit-de-barra-espaciadora-para-dynamixel-mx64-106\/","title":{"rendered":"HN05-N102 - Kit de barra espaciadora para Dynamixel MX64\/106"},"content":{"rendered":"<div class=\"vgblk-rw-wrapper limit-wrapper\">\n<div class=\"product-description\">\n<h2>Barra espaciadora para servomotores Dynamixel<\/h2>\n<p>Descubre nuestra <strong>barra espaciadora dise\u00f1ada espec\u00edficamente para servomotores Dynamixel<\/strong> de alta calidad, como el <a class=\"catalogue\" title=\"Servomotor Dynamixel RX-64\" href=\"https:\/\/www.generationrobots.com\/it\/401081-servomotore-dynamixel-mx-64r.html\" rel=\"nofollow noopener\" target=\"_blank\">RX-64<\/a> (tipo N101), <a class=\"catalogue\" title=\"Servomotor Dynamixel EX-106\" href=\"https:\/\/www.generationrobots.com\/it\/401078-servomotore-dynamixel-mx-106r.html\" rel=\"nofollow noopener\" target=\"_blank\">EX-106+<\/a>, <a class=\"catalogue\" title=\"Servomotor Dynamixel MX-64R\" href=\"https:\/\/www.generationrobots.com\/it\/401081-servomotore-dynamixel-mx-64r.html\" rel=\"nofollow noopener\" target=\"_blank\">MX-64<\/a> e <a class=\"catalogue\" title=\"Servomotor Dynamixel MX-106R\" href=\"https:\/\/www.generationrobots.com\/it\/401078-servomotore-dynamixel-mx-106r.html\" rel=\"nofollow noopener\" target=\"_blank\">MX-106<\/a>.<\/p>\n<p>Esta barra espaciadora incluye <strong>10 tornillos M2.5*4<\/strong> y una <strong>tornillo M3*8<\/strong>lo que facilita y agiliza la instalaci\u00f3n. Est\u00e1 fabricado con materiales de alta calidad para garantizar su durabilidad y resistencia.<\/p>\n<h3>\u00bfPor qu\u00e9 elegir nuestra barra espaciadora?<\/h3>\n<ul>\n<li>Perfecta compatibilidad con los servomotores Dynamixel<\/li>\n<li>F\u00e1cil instalaci\u00f3n gracias a los accesorios incluidos<\/li>\n<li>Materiales robustos para un rendimiento superior<\/li>\n<\/ul>\n<p>No pierda la oportunidad de optimizar su proyecto de rob\u00f3tica con nuestro <strong>Barra espaciadora para servomotores Dynamixel<\/strong>. A\u00f1\u00e1dalo a su cesta hoy mismo para mejorar sus construcciones rob\u00f3ticas con una base s\u00f3lida y fiable.<\/p>\n<\/div>\n<p><!-- Meta Description --><br \/>\n<!-- <meta name=\"description\" content=\"Acquista la barra distanziatrice per servomotori Dynamixel RX-64, EX-106+, MX-64 e MX-106. Inclusi 10 viti M2,5*4 e 1 vite M3*8. Ottimizza il tuo progetto robotico!\" \/> --><\/div>\n<p><!-- .vgblk-rw-wrapper --><\/p>","protected":false},"excerpt":{"rendered":"<p>Aumente la precisi\u00f3n y la durabilidad de sus proyectos rob\u00f3ticos con nuestra barra espaciadora personalizada para servomotores Dynamixel RX-64,<\/p>\n<p>EX-106+, MX-64 y MX-106.<\/p>\n<p>Ideal para garantizar una alineaci\u00f3n perfecta y reducir el desgaste.<\/p>","protected":false},"featured_media":1012591,"template":"","meta":[],"pwb-brand":[],"product_brand":[],"product_cat":[661],"product_tag":[],"class_list":{"0":"post-1010736","1":"product","2":"type-product","3":"status-publish","4":"has-post-thumbnail","6":"product_cat-telai-modulari-e-profili","8":"first","9":"instock","10":"shipping-taxable","11":"product-type-simple"},"brands":[],"_links":{"self":[{"href":"https:\/\/store.todsystem.com\/es\/wp-json\/wp\/v2\/product\/1010736","targetHints":{"allow":["GET"]}}],"collection":[{"href":"https:\/\/store.todsystem.com\/es\/wp-json\/wp\/v2\/product"}],"about":[{"href":"https:\/\/store.todsystem.com\/es\/wp-json\/wp\/v2\/types\/product"}],"version-history":[{"count":5,"href":"https:\/\/store.todsystem.com\/es\/wp-json\/wp\/v2\/product\/1010736\/revisions"}],"predecessor-version":[{"id":1014953,"href":"https:\/\/store.todsystem.com\/es\/wp-json\/wp\/v2\/product\/1010736\/revisions\/1014953"}],"wp:featuredmedia":[{"embeddable":true,"href":"https:\/\/store.todsystem.com\/es\/wp-json\/wp\/v2\/media\/1012591"}],"wp:attachment":[{"href":"https:\/\/store.todsystem.com\/es\/wp-json\/wp\/v2\/media?parent=1010736"}],"wp:term":[{"taxonomy":"pwb-brand","embeddable":true,"href":"https:\/\/store.todsystem.com\/es\/wp-json\/wp\/v2\/pwb-brand?post=1010736"},{"taxonomy":"product_brand","embeddable":true,"href":"https:\/\/store.todsystem.com\/es\/wp-json\/wp\/v2\/product_brand?post=1010736"},{"taxonomy":"product_cat","embeddable":true,"href":"https:\/\/store.todsystem.com\/es\/wp-json\/wp\/v2\/product_cat?post=1010736"},{"taxonomy":"product_tag","embeddable":true,"href":"https:\/\/store.todsystem.com\/es\/wp-json\/wp\/v2\/product_tag?post=1010736"}],"curies":[{"name":"wp","href":"https:\/\/api.w.org\/{rel}","templated":true}]}}