{"id":1010732,"date":"2024-09-05T09:51:45","date_gmt":"2024-09-05T09:51:45","guid":{"rendered":"https:\/\/store.todsystem.com\/prodotto\/mx-28-gear-bearing-set\/"},"modified":"2025-06-12T07:55:32","modified_gmt":"2025-06-12T07:55:32","slug":"kit-de-engranajes-para-servomotor-dynamixel-mx-28","status":"publish","type":"product","link":"https:\/\/store.todsystem.com\/es\/producto\/kit-de-engranajes-para-servomotor-dynamixel-mx-28\/","title":{"rendered":"Kit de engranajes para servomotor Dynamixel MX-28"},"content":{"rendered":"<div class=\"vgblk-rw-wrapper limit-wrapper\">\n<h2>Engranajes de repuesto para el servomotor Dynamixel MX-28: Fiabilidad y durabilidad garantizadas<\/h2>\n<p>Busca engranajes para su servomotor <a class=\"catalogue\" title=\"Servomotor Dynamixel MX-28R\" href=\"https:\/\/www.generationrobots.com\/it\/401088-servomotore-dynamixel-mx-28r-robotis.html\" rel=\"nofollow noopener\" target=\"_blank\">Dynamixel MX-28R<\/a> o <a class=\"catalogue\" title=\"Servomotor Dynamixel MX-28AT\" href=\"https:\/\/www.generationrobots.com\/it\/401858-servomotore-dynamixel-mx-28at.html\" rel=\"nofollow noopener\" target=\"_blank\">MX-28T<\/a>? Este juego de engranajes est\u00e1 dise\u00f1ado para ofrecerle la m\u00e1xima robustez y una larga vida \u00fatil, perfecto para su proyecto de rob\u00f3tica.<\/p>\n<p>Fabricados con metales especiales que minimizan la abrasi\u00f3n, estos engranajes garantizan un alto rendimiento a lo largo del tiempo. El juego tambi\u00e9n incluye un im\u00e1n para el engranaje de la rueda y dos rodamientos espec\u00edficos para mejorar a\u00fan m\u00e1s el rendimiento de su servomotor.<\/p>\n<p>Los servomotores del <strong>Dinamixel MX<\/strong> adoptar un sistema avanzado de sensores de posici\u00f3n sin contacto (NCS), que requiere recalibraci\u00f3n con cada cambio de componente. Afortunadamente, puede utilizar <strong>Asistente Dynamixel<\/strong> para facilitar la autocalibraci\u00f3n.<\/p>\n<h2>Compatibilidad \u00f3ptima de engranajes para servomotores Dynamixel MX-28<\/h2>\n<p>Estos engranajes de recambio est\u00e1n dise\u00f1ados espec\u00edficamente para servomotores <strong>Dynamixel MX-28<\/strong>conocidos por su gran precisi\u00f3n y numerosas funciones, como los utilizados en el robot m\u00f3vil <strong>DARwIn-OP<\/strong>.<\/p>\n<p>Tenga en cuenta que este juego de engranajes no es compatible con los modelos DX-117, RX-10, RX-24F y RX-28. Aseg\u00farese de que su servomotor pertenece a la serie MX-28 antes de comprarlo.<\/p>\n<p>El juego de engranajes de repuesto incluye:<\/p>\n<ul>\n<li>4 marchas de tipo 1<\/li>\n<li>1 marcha por rueda<\/li>\n<li>1 lubricante para maximizar la eficacia<\/li>\n<li>2 instrumentos de calibraci\u00f3n<\/li>\n<li>Rodamientos espec\u00edficos de rueda<\/li>\n<li>Compatibilidad garantizada para MX-28<\/li>\n<li>No compatible con DX-117, RX-10, RX-24F y RX-28<\/li>\n<\/ul>\n<\/div>\n<p><!-- .vgblk-rw-wrapper --><\/p>","protected":false},"excerpt":{"rendered":"<p>Sustituya los engranajes desgastados de sus servomotores Dynamixel MX-28R o MX-28T con este juego de precisi\u00f3n ROBOTIS.<\/p>\n<p>Dise\u00f1ados para encajar a la perfecci\u00f3n y garantizar un movimiento suave y preciso, estos engranajes son la soluci\u00f3n ideal para mejorar la robustez de su robot.<\/p>","protected":false},"featured_media":1012588,"template":"","meta":[],"pwb-brand":[],"product_brand":[],"product_cat":[669],"product_tag":[],"class_list":{"0":"post-1010732","1":"product","2":"type-product","3":"status-publish","4":"has-post-thumbnail","6":"product_cat-cavi-connettori-e-custodie","8":"first","9":"instock","10":"shipping-taxable","11":"product-type-simple"},"brands":[],"_links":{"self":[{"href":"https:\/\/store.todsystem.com\/es\/wp-json\/wp\/v2\/product\/1010732","targetHints":{"allow":["GET"]}}],"collection":[{"href":"https:\/\/store.todsystem.com\/es\/wp-json\/wp\/v2\/product"}],"about":[{"href":"https:\/\/store.todsystem.com\/es\/wp-json\/wp\/v2\/types\/product"}],"version-history":[{"count":5,"href":"https:\/\/store.todsystem.com\/es\/wp-json\/wp\/v2\/product\/1010732\/revisions"}],"predecessor-version":[{"id":1014952,"href":"https:\/\/store.todsystem.com\/es\/wp-json\/wp\/v2\/product\/1010732\/revisions\/1014952"}],"wp:featuredmedia":[{"embeddable":true,"href":"https:\/\/store.todsystem.com\/es\/wp-json\/wp\/v2\/media\/1012588"}],"wp:attachment":[{"href":"https:\/\/store.todsystem.com\/es\/wp-json\/wp\/v2\/media?parent=1010732"}],"wp:term":[{"taxonomy":"pwb-brand","embeddable":true,"href":"https:\/\/store.todsystem.com\/es\/wp-json\/wp\/v2\/pwb-brand?post=1010732"},{"taxonomy":"product_brand","embeddable":true,"href":"https:\/\/store.todsystem.com\/es\/wp-json\/wp\/v2\/product_brand?post=1010732"},{"taxonomy":"product_cat","embeddable":true,"href":"https:\/\/store.todsystem.com\/es\/wp-json\/wp\/v2\/product_cat?post=1010732"},{"taxonomy":"product_tag","embeddable":true,"href":"https:\/\/store.todsystem.com\/es\/wp-json\/wp\/v2\/product_tag?post=1010732"}],"curies":[{"name":"wp","href":"https:\/\/api.w.org\/{rel}","templated":true}]}}