{"id":1010713,"date":"2024-09-05T09:51:43","date_gmt":"2024-09-05T09:51:43","guid":{"rendered":"https:\/\/store.todsystem.com\/prodotto\/fr08-h110k-set\/"},"modified":"2025-06-12T07:50:26","modified_gmt":"2025-06-12T07:50:26","slug":"fr08-h110k-pieza-estructural-para-2x-dynamixel-mx106-en-modo-dual","status":"publish","type":"product","link":"https:\/\/store.todsystem.com\/es\/producto\/fr08-h110k-pieza-estructural-para-2x-dynamixel-mx106-en-modo-dual\/","title":{"rendered":"FR08-H110K - pieza estructural para 2x Dynamixel MX106 en modo dual"},"content":{"rendered":"<div class=\"vgblk-rw-wrapper limit-wrapper\">\n<h2>Conexi\u00f3n doble para servomotores Dynamixel EX-106+ y MX-106<\/h2>\n<p>Mejore sus creaciones rob\u00f3ticas con el <strong>marcos negros para servomotores Dynamixel<\/strong>dise\u00f1ado para conectar y gestionar de forma \u00f3ptima dos servomotores <a class=\"catalogue\" title=\"Servomotor inteligente Dynamixel EX-106+\" href=\"https:\/\/www.generationrobots.com\/fr\/401084-servomoteur-dynamixel-ex-106-robotis.html\" target=\"_self\" rel=\"noreferrer noopener nofollow\">EX-106+<\/a> o <a class=\"catalogue\" title=\"Servomotor inteligente Dynamixel MX-106\" href=\"https:\/\/www.generationrobots.com\/fr\/401078-servomoteur-dynamixel-mx-106r-robotis.html\" target=\"_self\" rel=\"noreferrer noopener nofollow\">MX-106<\/a> en modo dual. Gracias a este vers\u00e1til chasis, puede utilizar ambos servomotores simult\u00e1neamente para optimizar el rendimiento de su proyecto.<\/p>\n<h3>Ventajas del modo dual<\/h3>\n<p>La <strong>modo dual<\/strong> es una caracter\u00edstica exclusiva de los servomotores Dynamixel <a class=\"catalogue\" title=\"Servomotor inteligente Dynamixel EX-106+\" href=\"https:\/\/www.generationrobots.com\/fr\/401084-servomoteur-dynamixel-ex-106-robotis.html\" target=\"_self\" rel=\"noreferrer noopener nofollow\">EX-106+<\/a> e <a class=\"catalogue\" title=\"Servomotor inteligente Dynamixel MX-106\" href=\"https:\/\/www.generationrobots.com\/fr\/401078-servomoteur-dynamixel-mx-106r-robotis.html\" target=\"_self\" rel=\"noreferrer noopener nofollow\">MX-106<\/a>que permite un control preciso y sincronizado. En esta configuraci\u00f3n, uno de los servomotores act\u00faa como maestro, mientras que el otro se convierte en esclavo, imitando o invirtiendo los movimientos del maestro seg\u00fan sea necesario.<\/p>\n<h3>Funcionamiento y sincronizaci\u00f3n<\/h3>\n<p>La sincronizaci\u00f3n de las acciones entre los servomotores tiene lugar a trav\u00e9s de un cable especialmente dise\u00f1ado. Esto garantiza reacciones r\u00e1pidas y coordinadas entre los servomotores, lo que permite <strong>aumentar el par<\/strong> del sistema y mejorar su eficacia operativa. Libere todo el potencial de sus proyectos de rob\u00f3tica con este chasis multiservomotor, ideal para aplicaciones avanzadas y experimentos de rob\u00f3tica.<\/p>\n<p>Aprenda a implementar el modo dual en sus proyectos y lleve su rob\u00f3tica a un nuevo nivel de sofisticaci\u00f3n e integraci\u00f3n.<\/p>\n<\/div>\n<p><!-- .vgblk-rw-wrapper --><\/p>","protected":false},"excerpt":{"rendered":"<p>Bastidor de acoplamiento de aluminio anodizado negro, dise\u00f1ado espec\u00edficamente para servomotores EX-106+ y<\/p>\n<p>MX-106.<\/p>\n<p>Permite el funcionamiento en modo dual sincronizando perfectamente los movimientos de los dos motores.<\/p>","protected":false},"featured_media":1012538,"template":"","meta":[],"pwb-brand":[],"product_brand":[],"product_cat":[661],"product_tag":[],"class_list":{"0":"post-1010713","1":"product","2":"type-product","3":"status-publish","4":"has-post-thumbnail","6":"product_cat-telai-modulari-e-profili","8":"first","9":"instock","10":"shipping-taxable","11":"product-type-simple"},"brands":[],"_links":{"self":[{"href":"https:\/\/store.todsystem.com\/es\/wp-json\/wp\/v2\/product\/1010713","targetHints":{"allow":["GET"]}}],"collection":[{"href":"https:\/\/store.todsystem.com\/es\/wp-json\/wp\/v2\/product"}],"about":[{"href":"https:\/\/store.todsystem.com\/es\/wp-json\/wp\/v2\/types\/product"}],"version-history":[{"count":6,"href":"https:\/\/store.todsystem.com\/es\/wp-json\/wp\/v2\/product\/1010713\/revisions"}],"predecessor-version":[{"id":1014979,"href":"https:\/\/store.todsystem.com\/es\/wp-json\/wp\/v2\/product\/1010713\/revisions\/1014979"}],"wp:featuredmedia":[{"embeddable":true,"href":"https:\/\/store.todsystem.com\/es\/wp-json\/wp\/v2\/media\/1012538"}],"wp:attachment":[{"href":"https:\/\/store.todsystem.com\/es\/wp-json\/wp\/v2\/media?parent=1010713"}],"wp:term":[{"taxonomy":"pwb-brand","embeddable":true,"href":"https:\/\/store.todsystem.com\/es\/wp-json\/wp\/v2\/pwb-brand?post=1010713"},{"taxonomy":"product_brand","embeddable":true,"href":"https:\/\/store.todsystem.com\/es\/wp-json\/wp\/v2\/product_brand?post=1010713"},{"taxonomy":"product_cat","embeddable":true,"href":"https:\/\/store.todsystem.com\/es\/wp-json\/wp\/v2\/product_cat?post=1010713"},{"taxonomy":"product_tag","embeddable":true,"href":"https:\/\/store.todsystem.com\/es\/wp-json\/wp\/v2\/product_tag?post=1010713"}],"curies":[{"name":"wp","href":"https:\/\/api.w.org\/{rel}","templated":true}]}}