{"id":1010676,"date":"2024-09-05T09:51:41","date_gmt":"2024-09-05T09:51:41","guid":{"rendered":"https:\/\/store.todsystem.com\/prodotto\/robot-cable-3p-180mm-10pcs\/"},"modified":"2025-06-12T10:12:34","modified_gmt":"2025-06-12T10:12:34","slug":"10-cables-de-3-clavijas-para-dynamixel-ax-mx-series-ttl-180-mm","status":"publish","type":"product","link":"https:\/\/store.todsystem.com\/es\/producto\/10-cables-de-3-clavijas-para-dynamixel-ax-mx-series-ttl-180-mm\/","title":{"rendered":"10 cables de 3 clavijas para Dynamixel serie AX\/MX (TTL) - 180 mm"},"content":{"rendered":"<div class=\"vgblk-rw-wrapper limit-wrapper\">\n<h2>Juego de 10 cables para servomotores Dynamixel - AX y MX-xxT<\/h2>\n<p>Mejore su proyecto de rob\u00f3tica con el <strong>juego de 10 cables para conexi\u00f3n a servomotores Dynamixel<\/strong> de las series AX y MX-xxT. Cada cable tiene 180 mm de longitud, lo que proporciona la flexibilidad y longitud adecuadas para optimizar su montaje. Tanto si trabaja en un prototipo como en una construcci\u00f3n final, estos cables son un accesorio indispensable.<\/p>\n<h3>Compatibilidad vers\u00e1til<\/h3>\n<p>Nuestros cables son compatibles con una amplia gama de <strong>Servomotores Dynamixel<\/strong>incluyendo:<\/p>\n<ul>\n<li><strong>Servomotores Dynamixel AX:<\/strong><br \/>\n        <a class=\"catalogue\" title=\"Servomotor Dynamixel AX-18A\" href=\"https:\/\/www.generationrobots.com\/it\/401076-servomotore-dynamixel-ax-18-a-robotis.html\" rel=\"nofollow noopener\" target=\"_blank\">AX-18A<\/a>,<br \/>\n        <a class=\"catalogue\" title=\"Servomotor Dynamixel AX-12A\" href=\"https:\/\/www.generationrobots.com\/it\/401075-servomotore-dynamixel-ax-12-a-robotis.html\" rel=\"nofollow noopener\" target=\"_blank\">AX-12A<\/a>,<br \/>\n        <a class=\"catalogue\" title=\"Servomotor Dynamixel AX-12W\" href=\"https:\/\/www.generationrobots.com\/it\/401074-servomotore-dynamixel-ax-12w-robotis.html\" rel=\"nofollow noopener\" target=\"_blank\">AX-12W<\/a>\n    <\/li>\n<li><strong>Servomotores Dynamixel MX-xxT:<\/strong><br \/>\n        <a class=\"catalogue\" title=\"Servomotor Dynamixel MX-28AT\" href=\"https:\/\/www.generationrobots.com\/it\/401858-servomotore-dynamixel-mx-28at.html\" rel=\"nofollow noopener\" target=\"_blank\">MX-28T<\/a>,<br \/>\n        <a class=\"catalogue\" title=\"Servomotor Dynamixel MX-64T\" href=\"https:\/\/www.generationrobots.com\/it\/401082-servomotore-dynamixel-mx-64t-robotis.html\" rel=\"nofollow noopener\" target=\"_blank\">MX-64T<\/a>,<br \/>\n        <a class=\"catalogue\" title=\"Servomotor Dynamixel MX-106T\" href=\"https:\/\/www.generationrobots.com\/it\/401079-servomotore-dynamixel-mx-106t.html\" rel=\"nofollow noopener\" target=\"_blank\">MX-106T<\/a>\n    <\/li>\n<li><strong>Controlador:<\/strong><br \/>\n        <strong>CM-5<\/strong>,<br \/>\n        <strong>CM-510<\/strong>,<br \/>\n        <a class=\"catalogue\" title=\"Controlador CM-530\" href=\"https:\/\/www.generationrobots.com\/it\/400805-controller-cm-530-robotis.html\" rel=\"nofollow noopener\" target=\"_blank\">CM-530<\/a>,<br \/>\n        <a class=\"catalogue\" title=\"Controlador Dynamixel\" href=\"https:\/\/www.generationrobots.com\/it\/267-controllori-dynamixel\" rel=\"nofollow noopener\" target=\"_blank\">CM-700<\/a>,<br \/>\n        <strong>CM-900<\/strong>\n    <\/li>\n<li><strong>Accesorios:<\/strong><br \/>\n        <a class=\"catalogue\" title=\"Conector U2D2 Dynamixel\/PC\" href=\"https:\/\/www.generationrobots.com\/it\/402820-connettore-u2d2-dynamixelpc.html\" target=\"_self\" rel=\"noreferrer noopener nofollow\">USB2Dynamixel<\/a>\n    <\/li>\n<\/ul>\n<p>\u00a1Mejore su proyecto de rob\u00f3tica con conexiones fiables y de calidad! No pierdas la oportunidad de mejorar la fiabilidad de tus servomotores con este juego de cables de alta calidad.<\/p>\n<p><!-- Meta Descrizione --><br \/>\n<meta name=\"description\" content=\"Compre el juego de 10 cables de conexi\u00f3n de servomotores Dynamixel de las series AX y MX-xxT. Cables de alta calidad, longitud 180 mm, compatibles con varios modelos de servomotores. \u00a1Optimice sus proyectos de rob\u00f3tica!\"><\/div>\n<p><!-- .vgblk-rw-wrapper --><\/p>","protected":false},"excerpt":{"rendered":"<p>Juego de 10 cables de precisi\u00f3n (18 cm) con conectores de 3 clavijas, ideales para una configuraci\u00f3n r\u00e1pida y fiable de sus servomotores Dynamixel.<\/p>\n<p>Series AX y MX-xxT.<\/p>","protected":false},"featured_media":1012401,"template":"","meta":[],"pwb-brand":[],"product_brand":[],"product_cat":[669],"product_tag":[],"class_list":{"0":"post-1010676","1":"product","2":"type-product","3":"status-publish","4":"has-post-thumbnail","6":"product_cat-cavi-connettori-e-custodie","8":"first","9":"instock","10":"shipping-taxable","11":"product-type-simple"},"brands":[],"_links":{"self":[{"href":"https:\/\/store.todsystem.com\/es\/wp-json\/wp\/v2\/product\/1010676","targetHints":{"allow":["GET"]}}],"collection":[{"href":"https:\/\/store.todsystem.com\/es\/wp-json\/wp\/v2\/product"}],"about":[{"href":"https:\/\/store.todsystem.com\/es\/wp-json\/wp\/v2\/types\/product"}],"version-history":[{"count":5,"href":"https:\/\/store.todsystem.com\/es\/wp-json\/wp\/v2\/product\/1010676\/revisions"}],"predecessor-version":[{"id":1014995,"href":"https:\/\/store.todsystem.com\/es\/wp-json\/wp\/v2\/product\/1010676\/revisions\/1014995"}],"wp:featuredmedia":[{"embeddable":true,"href":"https:\/\/store.todsystem.com\/es\/wp-json\/wp\/v2\/media\/1012401"}],"wp:attachment":[{"href":"https:\/\/store.todsystem.com\/es\/wp-json\/wp\/v2\/media?parent=1010676"}],"wp:term":[{"taxonomy":"pwb-brand","embeddable":true,"href":"https:\/\/store.todsystem.com\/es\/wp-json\/wp\/v2\/pwb-brand?post=1010676"},{"taxonomy":"product_brand","embeddable":true,"href":"https:\/\/store.todsystem.com\/es\/wp-json\/wp\/v2\/product_brand?post=1010676"},{"taxonomy":"product_cat","embeddable":true,"href":"https:\/\/store.todsystem.com\/es\/wp-json\/wp\/v2\/product_cat?post=1010676"},{"taxonomy":"product_tag","embeddable":true,"href":"https:\/\/store.todsystem.com\/es\/wp-json\/wp\/v2\/product_tag?post=1010676"}],"curies":[{"name":"wp","href":"https:\/\/api.w.org\/{rel}","templated":true}]}}