{"id":1010674,"date":"2024-09-05T09:51:41","date_gmt":"2024-09-05T09:51:41","guid":{"rendered":"https:\/\/store.todsystem.com\/prodotto\/robot-cable-3p-100mm-10pcs\/"},"modified":"2025-06-12T10:12:34","modified_gmt":"2025-06-12T10:12:34","slug":"robot-cable-3p-100mm-10pcs","status":"publish","type":"product","link":"https:\/\/store.todsystem.com\/es\/producto\/robot-cable-3p-100mm-10pcs\/","title":{"rendered":"10 cables de 3 clavijas para Dynamixel serie AX\/MX (TTL) - 100 mm"},"content":{"rendered":"<div class=\"vgblk-rw-wrapper limit-wrapper\">\n<h2>Set di 10 Cavi di Collegamento per Servomotori Dynamixel AX e MX-xxT &#8211; Lunghezza 100 mm<\/h2>\n<p>Massimizza le tue prestazioni robotiche con il nostro <strong>set di 10 cavi di collegamento per servomotori Dynamixel<\/strong>, progettato specificamente per le serie AX e MX-xxT. Ogni cavo, lungo <strong>100 mm<\/strong>, garantisce un&#8217;ottima connettivit\u00e0 e prestazioni affidabili per i tuoi progetti di automazione.<\/p>\n<h3>Compatibilit\u00e0 e Utilizzo<\/h3>\n<p>Questi cavi sono perfettamente compatibili con una vasta gamma di <strong>Servomotores Dynamixel<\/strong>, rendendoli ideali per i tuoi progetti di robotica. Ecco l&#8217;elenco dei modelli supportati:<\/p>\n<ul>\n<li><strong>Servomotori della gamma AX:<\/strong>\n<ul>\n<li><a class=\"catalogue\" title=\"Servomotor Dynamixel AX-18A\" href=\"https:\/\/www.generationrobots.com\/it\/401076-servomotore-dynamixel-ax-18-a-robotis.html\" rel=\"nofollow noopener\" target=\"_blank\">AX-18A<\/a><\/li>\n<li><a class=\"catalogue\" title=\"Servomotor Dynamixel AX-12A\" href=\"https:\/\/www.generationrobots.com\/it\/401075-servomotore-dynamixel-ax-12-a-robotis.html\" rel=\"nofollow noopener\" target=\"_blank\">AX-12A<\/a><\/li>\n<li><a class=\"catalogue\" title=\"Servomotor Dynamixel AX-12W\" href=\"https:\/\/www.generationrobots.com\/it\/401074-servomotore-dynamixel-ax-12w-robotis.html\" rel=\"nofollow noopener\" target=\"_blank\">AX-12W<\/a><\/li>\n<\/ul>\n<\/li>\n<li><strong>Servomotori della gamma MX-xxT:<\/strong>\n<ul>\n<li><a class=\"catalogue\" title=\"Servomotor Dynamixel MX-28T\" href=\"https:\/\/www.generationrobots.com\/it\/401080-servomotore-dynamixel-mx-28t.html\" rel=\"nofollow noopener\" target=\"_blank\">MX-28T<\/a><\/li>\n<li><a class=\"catalogue\" title=\"Servomotor Dynamixel MX-64T\" href=\"https:\/\/www.generationrobots.com\/it\/401082-servomotore-dynamixel-mx-64t-robotis.html\" rel=\"nofollow noopener\" target=\"_blank\">MX-64T<\/a><\/li>\n<li><a class=\"catalogue\" title=\"Servomotor Dynamixel MX-106T\" href=\"https:\/\/www.generationrobots.com\/it\/401079-servomotore-dynamixel-mx-106t.html\" rel=\"nofollow noopener\" target=\"_blank\">MX-106T<\/a><\/li>\n<\/ul>\n<\/li>\n<li><strong>Controller Compatibili:<\/strong>\n<ul>\n<li>CM-5<\/li>\n<li>CM-510<\/li>\n<li><a class=\"catalogue\" title=\"Controlador CM-530\" href=\"https:\/\/www.generationrobots.com\/it\/400805-controller-cm-530-robotis.html\" rel=\"nofollow noopener\" target=\"_blank\">CM-530<\/a><\/li>\n<li><a class=\"catalogue\" title=\"Controlador Dynamixel\" href=\"https:\/\/www.generationrobots.com\/it\/267-controllori-dynamixel\" rel=\"nofollow noopener\" target=\"_blank\">CM-700<\/a><\/li>\n<li>CM-900<\/li>\n<li><a class=\"catalogue\" title=\"USB2Dynamixel per collegare i tuoi servomotori al PC\" href=\"https:\/\/www.generationrobots.com\/it\/400848-usb2dynamixel-robotis.html\" target=\"_self\" rel=\"noreferrer noopener nofollow\">USB2Dynamixel<\/a><\/li>\n<\/ul>\n<\/li>\n<\/ul>\n<h3>Perch\u00e9 Scegliere i Nostri Cavi?<\/h3>\n<p>I <strong>cavi di collegamento per servomotori Dynamixel<\/strong> sono essenziali per garantire una comunicazione precisa e stabile tra il tuo controller e servomotori, rendendo il tuo sistema robotico pi\u00f9 reattivo e performante. Che tu stia costruendo un robot umanoide, un braccio meccanico o altri progetti complessi, questi cavi saranno una scelta vincente per il successo del tuo progetto!<\/p>\n<p><meta name=\"description\" content=\"Acquista il set di 10 cavi di collegamento per servomotori Dynamixel AX e MX-xxT. Ogni cavo lungo 100 mm \u00e8 progettato per offrire connettivit\u00e0 e prestazioni ideali per i tuoi progetti di robotica. Scopri di pi\u00f9 sulla compatibilit\u00e0 con modelli come AX-18A, MX-28T e altri.\" \/><\/div>\n<p><!-- .vgblk-rw-wrapper --><\/p>","protected":false},"excerpt":{"rendered":"<p>Brevi cavi a 3 pin (10 cm) ideali per collegare e controllare con precisione gli attuatori Dynamixel serie AX e MX-xxT.<\/p>\n<p>Perfetti per progetti robotici compatti, offrono una connessione affidabile e flessibile.<\/p>","protected":false},"featured_media":1012396,"template":"","meta":[],"pwb-brand":[],"product_brand":[],"product_cat":[669],"product_tag":[],"class_list":{"0":"post-1010674","1":"product","2":"type-product","3":"status-publish","4":"has-post-thumbnail","6":"product_cat-cavi-connettori-e-custodie","8":"first","9":"instock","10":"shipping-taxable","11":"product-type-simple"},"brands":[],"_links":{"self":[{"href":"https:\/\/store.todsystem.com\/es\/wp-json\/wp\/v2\/product\/1010674","targetHints":{"allow":["GET"]}}],"collection":[{"href":"https:\/\/store.todsystem.com\/es\/wp-json\/wp\/v2\/product"}],"about":[{"href":"https:\/\/store.todsystem.com\/es\/wp-json\/wp\/v2\/types\/product"}],"version-history":[{"count":5,"href":"https:\/\/store.todsystem.com\/es\/wp-json\/wp\/v2\/product\/1010674\/revisions"}],"predecessor-version":[{"id":1014993,"href":"https:\/\/store.todsystem.com\/es\/wp-json\/wp\/v2\/product\/1010674\/revisions\/1014993"}],"wp:featuredmedia":[{"embeddable":true,"href":"https:\/\/store.todsystem.com\/es\/wp-json\/wp\/v2\/media\/1012396"}],"wp:attachment":[{"href":"https:\/\/store.todsystem.com\/es\/wp-json\/wp\/v2\/media?parent=1010674"}],"wp:term":[{"taxonomy":"pwb-brand","embeddable":true,"href":"https:\/\/store.todsystem.com\/es\/wp-json\/wp\/v2\/pwb-brand?post=1010674"},{"taxonomy":"product_brand","embeddable":true,"href":"https:\/\/store.todsystem.com\/es\/wp-json\/wp\/v2\/product_brand?post=1010674"},{"taxonomy":"product_cat","embeddable":true,"href":"https:\/\/store.todsystem.com\/es\/wp-json\/wp\/v2\/product_cat?post=1010674"},{"taxonomy":"product_tag","embeddable":true,"href":"https:\/\/store.todsystem.com\/es\/wp-json\/wp\/v2\/product_tag?post=1010674"}],"curies":[{"name":"wp","href":"https:\/\/api.w.org\/{rel}","templated":true}]}}