{"id":1010668,"date":"2024-09-05T09:51:41","date_gmt":"2024-09-05T09:51:41","guid":{"rendered":"https:\/\/store.todsystem.com\/prodotto\/wrench-bolt-m2-54-200-pcs\/"},"modified":"2025-06-12T07:55:32","modified_gmt":"2025-06-12T07:55:32","slug":"juego-de-200-tornillos-m2-5x4-para-servomotor-dynamixel","status":"publish","type":"product","link":"https:\/\/store.todsystem.com\/es\/producto\/juego-de-200-tornillos-m2-5x4-para-servomotor-dynamixel\/","title":{"rendered":"Juego de 200 tornillos M2.5\u00d74 para servomotores Dynamixel"},"content":{"rendered":"<div class=\"vgblk-rw-wrapper limit-wrapper\">\n<h2>Paquete de 200 tornillos M2.5\u00d74 para servomotores Dynamixel: \u00a1Sujeciones seguras y fiables!<\/h2>\n<p>Le <strong>200 Llave Pernos M2.5\u00d74<\/strong> son el elemento de fijaci\u00f3n ideal para garantizar una estructura robusta y duradera en sus robots m\u00f3viles accionados por <a class=\"catalogue\" title=\"Motores rob\u00f3ticos (motores, servomotores, codificadores, controladores)\" href=\"https:\/\/www.generationrobots.com\/it\/531-motorizzazione-dei-robot\" rel=\"nofollow noopener\" target=\"_blank\">servomotores<\/a> Dinamixel. Fabricados para resistir el desgaste, estos tornillos garantizan un montaje perfecto en cualquiera de tus proyectos de rob\u00f3tica.<\/p>\n<p>Para mejorar a\u00fan m\u00e1s la estabilidad de sus articulaciones, considere el uso de un <strong>pegamento para tornillos<\/strong> en combinaci\u00f3n con tornillos M2,5\u00d74. Esto resulta especialmente \u00fatil si tiene previsto realizar frecuentes operaciones de montaje y desmontaje, ya que mejora la estanqueidad y la resistencia durante el funcionamiento.<\/p>\n<h2>200 tornillos M2.5\u00d74: \u00a1La elecci\u00f3n perfecta para los servomotores Dynamixel!<\/h2>\n<p>Estos tornillos M2,5\u00d74 est\u00e1n espec\u00edficamente dise\u00f1ados para la fijaci\u00f3n eficaz de servomotores en estructuras rob\u00f3ticas, perfectos para piezas m\u00f3viles y articuladas. Combinables con el <a class=\"catalogue\" title=\"Paquete de 400 tuercas M2.5 para servomotores Dynamixel\" href=\"https:\/\/www.generationrobots.com\/it\/401958-confezione-da-400-dadi-m25-per-servomotori-dynamixel.html\" rel=\"nofollow noopener\" target=\"_blank\">Tuercas M2.5<\/a>se prueban y aprueban para garantizar la compatibilidad y el rendimiento \u00f3ptimo con el <a class=\"catalogue\" title=\"Servomotores Dynamixel para rob\u00f3tica y automatizaci\u00f3n\" href=\"https:\/\/www.generationrobots.com\/it\/169-servomotori-dynamixel\" rel=\"nofollow noopener\" target=\"_blank\">Servomotores Dynamixel<\/a>especialmente la serie RX.<\/p>\n<p>Con estos tornillos de alta calidad podr\u00e1 montar sus proyectos de rob\u00f3tica, como el conocido <a class=\"catalogue\" title=\"Kit educativo Robotis\" href=\"https:\/\/www.generationrobots.com\/it\/168-kit-robotis\" rel=\"nofollow noopener\" target=\"_blank\">Kit de rob\u00f3tica Bioloid<\/a>garantizando excelentes resultados en t\u00e9rminos de funcionalidad y durabilidad.<\/p>\n<\/div>\n<p><!-- .vgblk-rw-wrapper --><\/p>","protected":false},"excerpt":{"rendered":"<p>Este juego de 200 piezas es esencial para fijar con seguridad los servomotores Dynamixel, garantizando movimientos precisos y fiables.<\/p>\n<p>Perfecto para fabricar robots m\u00f3viles, brazos mec\u00e1nicos y mucho m\u00e1s.<\/p>","protected":false},"featured_media":1012383,"template":"","meta":[],"pwb-brand":[],"product_brand":[],"product_cat":[669],"product_tag":[],"class_list":{"0":"post-1010668","1":"product","2":"type-product","3":"status-publish","4":"has-post-thumbnail","6":"product_cat-cavi-connettori-e-custodie","8":"first","9":"instock","10":"shipping-taxable","11":"product-type-simple"},"brands":[],"_links":{"self":[{"href":"https:\/\/store.todsystem.com\/es\/wp-json\/wp\/v2\/product\/1010668","targetHints":{"allow":["GET"]}}],"collection":[{"href":"https:\/\/store.todsystem.com\/es\/wp-json\/wp\/v2\/product"}],"about":[{"href":"https:\/\/store.todsystem.com\/es\/wp-json\/wp\/v2\/types\/product"}],"version-history":[{"count":4,"href":"https:\/\/store.todsystem.com\/es\/wp-json\/wp\/v2\/product\/1010668\/revisions"}],"predecessor-version":[{"id":1014988,"href":"https:\/\/store.todsystem.com\/es\/wp-json\/wp\/v2\/product\/1010668\/revisions\/1014988"}],"wp:featuredmedia":[{"embeddable":true,"href":"https:\/\/store.todsystem.com\/es\/wp-json\/wp\/v2\/media\/1012383"}],"wp:attachment":[{"href":"https:\/\/store.todsystem.com\/es\/wp-json\/wp\/v2\/media?parent=1010668"}],"wp:term":[{"taxonomy":"pwb-brand","embeddable":true,"href":"https:\/\/store.todsystem.com\/es\/wp-json\/wp\/v2\/pwb-brand?post=1010668"},{"taxonomy":"product_brand","embeddable":true,"href":"https:\/\/store.todsystem.com\/es\/wp-json\/wp\/v2\/product_brand?post=1010668"},{"taxonomy":"product_cat","embeddable":true,"href":"https:\/\/store.todsystem.com\/es\/wp-json\/wp\/v2\/product_cat?post=1010668"},{"taxonomy":"product_tag","embeddable":true,"href":"https:\/\/store.todsystem.com\/es\/wp-json\/wp\/v2\/product_tag?post=1010668"}],"curies":[{"name":"wp","href":"https:\/\/api.w.org\/{rel}","templated":true}]}}