{"id":1010650,"date":"2024-09-05T09:51:39","date_gmt":"2024-09-05T09:51:39","guid":{"rendered":"https:\/\/store.todsystem.com\/prodotto\/fp04-f2-10pcs\/"},"modified":"2025-06-12T08:16:43","modified_gmt":"2025-06-12T08:16:43","slug":"pieza-estructural-fp04-f2-para-servomotores-dynamixel-ax-x10","status":"publish","type":"product","link":"https:\/\/store.todsystem.com\/es\/producto\/pieza-estructural-fp04-f2-para-servomotores-dynamixel-ax-x10\/","title":{"rendered":"Pieza estructural FP04-F2 para servomotores dynamixel AX (x10)"},"content":{"rendered":"<div class=\"vgblk-rw-wrapper limit-wrapper\">\n<h2>Piezas estructurales FP04-F2: soluciones ideales para su robot bioloide<\/h2>\n<p>Descubra el conjunto de <strong>piezas estructurales FP04-F2<\/strong>compuesto por 10 elementos de pl\u00e1stico resistente para garantizar la m\u00e1xima durabilidad y calidad de su <a class=\"catalogue\" title=\"Kit de robot humanoide Robotis Premium\" href=\"https:\/\/www.generationrobots.com\/it\/401066-kit-bioloide-premium-robotis.html\" rel=\"nofollow noopener\" target=\"_blank\">Creaciones bioloides<\/a> equipado con <a class=\"catalogue\" title=\"Servomotor Dynamixel AX-12W\" href=\"https:\/\/www.generationrobots.com\/it\/401074-servomotore-dynamixel-ax-12w-robotis.html\" rel=\"nofollow noopener\" target=\"_blank\">Servomotores Dynamixel AX<\/a>. Este conjunto est\u00e1 dise\u00f1ado para simplificar la construcci\u00f3n y personalizaci\u00f3n de su robot, garantizando un rendimiento superior y una larga vida \u00fatil.<\/p>\n<h2>Dise\u00f1o optimizado para servomotores Dynamixel AX<\/h2>\n<p>No busque m\u00e1s: el <strong>Piezas FP04-F2<\/strong> son la elecci\u00f3n perfecta para su <strong>Kit Bioloid<\/strong>. Si utiliza un <a class=\"catalogue\" title=\"Servomotor Dynamixel AX-12A\" href=\"https:\/\/www.generationrobots.com\/it\/401075-servomotore-dynamixel-ax-12-a-robotis.html\" rel=\"nofollow noopener\" target=\"_blank\">Servomotor Dynamixel AX<\/a>Este es el conjunto de piezas de repuesto que necesita para sustituir y mejorar los componentes estructurales de su robot.<\/p>\n<h2>Especificaciones t\u00e9cnicas de las piezas estructurales FP04-F2<\/h2>\n<ul>\n<li>10 robustos componentes de pl\u00e1stico FP04-F2 para una estructura s\u00f3lida<\/li>\n<li>F\u00e1cil de montar con tornillos y tuercas (se venden por separado)<\/li>\n<li>Dise\u00f1ado para sustituir las piezas estructurales de los kits Bioloid<\/li>\n<li>Compatibilidad exclusiva con actuadores y servomotores Dynamixel AX<\/li>\n<li>Material pl\u00e1stico de alta calidad para una fiabilidad a largo plazo<\/li>\n<\/ul>\n<p>Libere el potencial de su creaci\u00f3n rob\u00f3tica con las piezas estructurales FP04-F2 y lleve su proyecto al siguiente nivel.<\/p><\/div>\n<p><!-- .vgblk-rw-wrapper --><\/p>","protected":false},"excerpt":{"rendered":"<p>Personalice su robot Bioloid con nuestras 10 piezas estructurales de pl\u00e1stico macizo para servomotores Dynamixel AX.<\/p>\n<p>Ideales para sustituir componentes desgastados o crear configuraciones \u00fanicas, estas piezas le permiten insuflar nueva vida a su proyecto de rob\u00f3tica.<\/p>","protected":false},"featured_media":1012292,"template":"","meta":[],"pwb-brand":[],"product_brand":[],"product_cat":[661],"product_tag":[],"class_list":{"0":"post-1010650","1":"product","2":"type-product","3":"status-publish","4":"has-post-thumbnail","6":"product_cat-telai-modulari-e-profili","8":"first","9":"instock","10":"shipping-taxable","11":"product-type-simple"},"brands":[],"_links":{"self":[{"href":"https:\/\/store.todsystem.com\/es\/wp-json\/wp\/v2\/product\/1010650","targetHints":{"allow":["GET"]}}],"collection":[{"href":"https:\/\/store.todsystem.com\/es\/wp-json\/wp\/v2\/product"}],"about":[{"href":"https:\/\/store.todsystem.com\/es\/wp-json\/wp\/v2\/types\/product"}],"version-history":[{"count":5,"href":"https:\/\/store.todsystem.com\/es\/wp-json\/wp\/v2\/product\/1010650\/revisions"}],"predecessor-version":[{"id":1015017,"href":"https:\/\/store.todsystem.com\/es\/wp-json\/wp\/v2\/product\/1010650\/revisions\/1015017"}],"wp:featuredmedia":[{"embeddable":true,"href":"https:\/\/store.todsystem.com\/es\/wp-json\/wp\/v2\/media\/1012292"}],"wp:attachment":[{"href":"https:\/\/store.todsystem.com\/es\/wp-json\/wp\/v2\/media?parent=1010650"}],"wp:term":[{"taxonomy":"pwb-brand","embeddable":true,"href":"https:\/\/store.todsystem.com\/es\/wp-json\/wp\/v2\/pwb-brand?post=1010650"},{"taxonomy":"product_brand","embeddable":true,"href":"https:\/\/store.todsystem.com\/es\/wp-json\/wp\/v2\/product_brand?post=1010650"},{"taxonomy":"product_cat","embeddable":true,"href":"https:\/\/store.todsystem.com\/es\/wp-json\/wp\/v2\/product_cat?post=1010650"},{"taxonomy":"product_tag","embeddable":true,"href":"https:\/\/store.todsystem.com\/es\/wp-json\/wp\/v2\/product_tag?post=1010650"}],"curies":[{"name":"wp","href":"https:\/\/api.w.org\/{rel}","templated":true}]}}