{"id":1010643,"date":"2024-09-05T09:51:39","date_gmt":"2024-09-05T09:51:39","guid":{"rendered":"https:\/\/store.todsystem.com\/prodotto\/xh540-w270-r\/"},"modified":"2025-06-11T11:59:48","modified_gmt":"2025-06-11T11:59:48","slug":"servomotore-dynamixel-xh540-w270-r","status":"publish","type":"product","link":"https:\/\/store.todsystem.com\/es\/producto\/servomotore-dynamixel-xh540-w270-r\/","title":{"rendered":"Servomotor Dynamixel XH540-W270-R"},"content":{"rendered":"<div class=\"vgblk-rw-wrapper limit-wrapper\">\n<h2>Servomotore Dynamixel XH540-W270-R: Potenza e Versatilit\u00e0 per Terreni Difficili<\/h2>\n<p>Descubre la <strong>servomotore Dynamixel XH540-W270-R<\/strong>, progettato per eccellere in ambienti complessi grazie a un eccezionale <strong>rapporto di riduzione di 275:1<\/strong>. Questo servomotore \u00e8 ideale per veicoli robotici destinati alla <em>navigazione su terreni difficili<\/em>, offrendo prestazioni superiori anche nelle condizioni pi\u00f9 impegnative.<\/p>\n<p>Pur essendo pi\u00f9 lento del modello <a class=\"catalogue\" title=\"Servomotor Dynamixel XH540-W150-R\" href=\"https:\/\/www.generationrobots.com\/it\/403372-servomotore-dynamixel-xh540-w150-r.html\" rel=\"nofollow noopener\" target=\"_blank\">XH540-W150-R<\/a>el <strong>XH540-W270-R<\/strong> si distingue per la sua massima coppia, assicurando un controllo preciso e potente. Come parte della <a class=\"catalogue\" title=\"Dynamixel - Serie XH\" href=\"https:\/\/www.generationrobots.com\/it\/462-dynamixel-serie-xh\" rel=\"nofollow noopener\" target=\"_blank\">Serie XH<\/a> di Robotis, questo servomotore \u00e8 un <em>dispositivo all-in-one<\/em> che richiede solo una semplice connessione a un <a class=\"catalogue\" title=\"AbrirCR1,0\" href=\"https:\/\/www.generationrobots.com\/it\/402881-controller-opencr10.html\" rel=\"nofollow noopener\" target=\"_blank\">controlador<\/a> o a un <a class=\"catalogue\" title=\"Conector U2D2 Dynamixel\/PC\" href=\"https:\/\/www.generationrobots.com\/it\/402820-connettore-u2d2-dynamixelpc.html\" rel=\"nofollow noopener\" target=\"_blank\">M\u00f3dulo Dynamixel U2D2<\/a> per avviarlo immediatamente.<\/p>\n<p>Programmabile al 100%, il servomotore offre un <strong>controllo avanzato su coppia, posizione, velocit\u00e0 e PWM<\/strong>, con 6 diverse modalit\u00e0 operative. Collega facilmente il servomotore utilizzando <a class=\"catalogue\" title=\"10 X4P Cables convertibles para Dynamixel Serie X (RS-485) - 180 mm\" href=\"https:\/\/www.generationrobots.com\/it\/403252-10-x4p-cavi-convertibili-per-dynamixel-serie-x-rs-485-180-mm.html\" rel=\"nofollow noopener\" target=\"_blank\">el cable JST\/Molex<\/a> fornito, che ora include un connettore JST placcato in oro altamente affidabile.<\/p>\n<h2>Variet\u00e0 di Opzioni di Montaggio per il Servomotore XH540-W270-R<\/h2>\n<p>En <strong>servomotore Dynamixel XH540-W270-R<\/strong> non solo offre prestazioni elevate, ma \u00e8 anche progettato per una <em>flessibile installazione<\/em>. Costruito con un alloggiamento in metallo prezioso e plastica ingegnerizzata, favorisce una miglior dissipazione del calore, aumentando la durata e l&#8217;affidabilit\u00e0 del dispositivo.<\/p>\n<p>La parte posteriore dell&#8217;attuatore permette diverse configurazioni per il posizionamento del cavo, mentre l&#8217;uso di staffe dedicate facilita il montaggio in una variet\u00e0 di disposizioni. Questa caratteristica \u00e8 particolarmente vantaggiosa per progetti robotici complessi. Con il <strong>XH540-W270-R<\/strong>, puoi anche implementare una catena di servomotori, estendendo ulteriormente le capacit\u00e0 del tuo robot.<\/p>\n<h2>Specifiche Tecniche del Servomotore Robotis XH540-W270-R<\/h2>\n<ul>\n<li>Microcontrolador: Cortex M3, 72 MHz, 32 bits<\/li>\n<li>Tensi\u00f3n de alimentaci\u00f3n: 10-14,8 V (se recomienda 12 V)<\/li>\n<li>Caracter\u00edsticas de rendimiento:\n<ul>\n<li>Tensi\u00f3n: 12 V<\/li>\n<li>Par de arranque: 9,9 Nm<\/li>\n<li>Corriente de irrupci\u00f3n: 4,9 A<\/li>\n<li>Velocit\u00e0 a vuoto: 39 giri\/min<\/li>\n<li>Corriente en vac\u00edo: 0,07 A<\/li>\n<\/ul>\n<\/li>\n<li>Resoluci\u00f3n: 0,0879\u00b0 x 4,096<\/li>\n<li>\u00c1ngulo: 360<\/li>\n<li>Relaci\u00f3n de reducci\u00f3n: 272,5:1<\/li>\n<li>Sensor de posici\u00f3n: encoder absoluto sin contacto (12 bits, 360\u00b0)<\/li>\n<li>Temperatura di funzionamento: Da -5 a 80\u00b0C<\/li>\n<li>Motore: coreless Maxon<\/li>\n<li>Velocidad de transmisi\u00f3n: de 9.600 a 4.500.000 bps<\/li>\n<li>Algoritmo de control: PID<\/li>\n<li>Tipo de engranaje: cil\u00edndrico<\/li>\n<li>Materiale ingranaggio: metallo prezioso<\/li>\n<li>Materiale scocca: metallo prezioso e plastica ingegneristica<\/li>\n<li>Dimensiones: 33,5 x 58,5 x 44 mm<\/li>\n<li>Peso: 165 g<\/li>\n<li>Se\u00f1al de control: paquete digital<\/li>\n<li>Protocolo: comunicaci\u00f3n serie as\u00edncrona semid\u00faplex (8 bits, 1 parada, sin paridad)<\/li>\n<li>Conexi\u00f3n: bus RS485 multipunto<\/li>\n<li>ID: 0~252<\/li>\n<li>Feedback: posizione, velocit\u00e0, potenza, conteggio in tempo reale, traiettoria, temperatura, tensione, porta esterna, ecc.<\/li>\n<li>Versi\u00f3n del protocolo: 1.0, 2.0 (por defecto)<\/li>\n<li>Modalit\u00e0 operative\/angolo:\n<ul>\n<li>Controllo posizione: rotazione continua<\/li>\n<li>Control de velocidad: rotaci\u00f3n continua<\/li>\n<li>Control de posici\u00f3n: 360<\/li>\n<li>Controllo posizione esteso: +\/- 256 giri<\/li>\n<li>Controllo basato sulla corrente: +\/- 256 giri<\/li>\n<li>Control PWM: rotaci\u00f3n continua<\/li>\n<\/ul>\n<\/li>\n<li>Corrente in standby: 40 mA<\/li>\n<\/ul>\n<\/div>\n<p><!-- .vgblk-rw-wrapper --><\/p>","protected":false},"excerpt":{"rendered":"<p>l Dynamixel XH540-W270-R es un servomotor de alto rendimiento dise\u00f1ado para ofrecer un par excepcional y una flexibilidad de control sin precedentes. Ideal para los robots m\u00e1s complejos y aplicaciones todoterreno, este motor es la elecci\u00f3n perfecta para robotistas y entusiastas que buscan lo \u00faltimo en rendimiento.<\/p>","protected":false},"featured_media":1012133,"template":"","meta":[],"pwb-brand":[],"product_brand":[],"product_cat":[622],"product_tag":[],"class_list":{"0":"post-1010643","1":"product","2":"type-product","3":"status-publish","4":"has-post-thumbnail","6":"product_cat-servomotori","8":"first","9":"instock","10":"shipping-taxable","11":"product-type-simple"},"brands":[],"_links":{"self":[{"href":"https:\/\/store.todsystem.com\/es\/wp-json\/wp\/v2\/product\/1010643","targetHints":{"allow":["GET"]}}],"collection":[{"href":"https:\/\/store.todsystem.com\/es\/wp-json\/wp\/v2\/product"}],"about":[{"href":"https:\/\/store.todsystem.com\/es\/wp-json\/wp\/v2\/types\/product"}],"version-history":[{"count":4,"href":"https:\/\/store.todsystem.com\/es\/wp-json\/wp\/v2\/product\/1010643\/revisions"}],"predecessor-version":[{"id":1015011,"href":"https:\/\/store.todsystem.com\/es\/wp-json\/wp\/v2\/product\/1010643\/revisions\/1015011"}],"wp:featuredmedia":[{"embeddable":true,"href":"https:\/\/store.todsystem.com\/es\/wp-json\/wp\/v2\/media\/1012133"}],"wp:attachment":[{"href":"https:\/\/store.todsystem.com\/es\/wp-json\/wp\/v2\/media?parent=1010643"}],"wp:term":[{"taxonomy":"pwb-brand","embeddable":true,"href":"https:\/\/store.todsystem.com\/es\/wp-json\/wp\/v2\/pwb-brand?post=1010643"},{"taxonomy":"product_brand","embeddable":true,"href":"https:\/\/store.todsystem.com\/es\/wp-json\/wp\/v2\/product_brand?post=1010643"},{"taxonomy":"product_cat","embeddable":true,"href":"https:\/\/store.todsystem.com\/es\/wp-json\/wp\/v2\/product_cat?post=1010643"},{"taxonomy":"product_tag","embeddable":true,"href":"https:\/\/store.todsystem.com\/es\/wp-json\/wp\/v2\/product_tag?post=1010643"}],"curies":[{"name":"wp","href":"https:\/\/api.w.org\/{rel}","templated":true}]}}