{"id":1010641,"date":"2024-09-05T09:51:38","date_gmt":"2024-09-05T09:51:38","guid":{"rendered":"https:\/\/store.todsystem.com\/prodotto\/xm540-w270-t\/"},"modified":"2025-06-11T11:59:50","modified_gmt":"2025-06-11T11:59:50","slug":"servomotor-dynamixel-xm540-w270-t","status":"publish","type":"product","link":"https:\/\/store.todsystem.com\/es\/producto\/servomotor-dynamixel-xm540-w270-t\/","title":{"rendered":"Servomotor Dynamixel XM540-W270-T"},"content":{"rendered":"<div class=\"vgblk-rw-wrapper limit-wrapper\">\n<h2>Servomotor Robotis Dynamixel XM540-W270-T: potencia y fiabilidad para sus proyectos de rob\u00f3tica<\/h2>\n<p><b>El servomotor Dynamixel XM540-W270-T<\/b> es una excelente elecci\u00f3n para ingenieros y entusiastas de la rob\u00f3tica que buscan una unidad con un impresionante par de sujeci\u00f3n de 10,6 N.m, todo ello contenido en un peso de s\u00f3lo 165 g. Esta combinaci\u00f3n \u00fanica la hace ideal para aplicaciones que requieren levantar cargas pesadas y abordar terrenos complejos.<\/p>\n<p>Con unas dimensiones compactas de menos de 6 cm de altura y 3,35 cm de anchura, el servomotor ofrece una interfaz TTL robusta, una eficiencia energ\u00e9tica optimizada y un dise\u00f1o de disipaci\u00f3n t\u00e9rmica perfeccionado. Gracias al uso de materiales de alta calidad, el XM540-W270-T es un servomotor duradero y de alto rendimiento.<\/p>\n<h2>Control total del servomotor Dynamixel XM540-W270-T<\/h2>\n<p>El servomotor XM540-W270-T est\u00e1 dise\u00f1ado para ofrecer un control total gracias a sus funciones programables. Con capacidades de monitorizaci\u00f3n en tiempo real de par\u00e1metros como PWM, posici\u00f3n, consumo de energ\u00eda y temperatura, este modelo es excelente para una gran variedad de aplicaciones, desde la creaci\u00f3n r\u00e1pida de prototipos hasta las competiciones de rob\u00f3tica.<\/p>\n<p>Puede elegir entre 6 modos de control, que incluyen corriente, posici\u00f3n y velocidad, adem\u00e1s de control de posici\u00f3n ampliado y PWM. La presencia de un controlador PID hace que este servomotor sea muy vers\u00e1til y adecuado para cualquier requisito, ya sea para robots m\u00f3viles, brazos rob\u00f3ticos o sistemas de navegaci\u00f3n aut\u00f3nomos.<\/p>\n<h2>Especificaciones t\u00e9cnicas del servomotor Dynamixel XM540-W270-T<\/h2>\n<ul>\n<li><strong>Microcontrolador:<\/strong> Cortex-M3 de 32 bits a 72 MHz<\/li>\n<li><strong>Tensi\u00f3n de entrada:<\/strong> 10-14,8 V (tensi\u00f3n recomendada: 12 V)<\/li>\n<li><strong>Par de bloqueo:<\/strong> 10,6 Nm (106 kg.cm @ 12 V)<\/li>\n<li><strong>Corriente de bloqueo:<\/strong> 4,4 A<\/li>\n<li><strong>Velocidad en vac\u00edo:<\/strong> 30 rpm<\/li>\n<li><strong>Corriente en vac\u00edo:<\/strong> 0,07 A<\/li>\n<li><strong>Resoluci\u00f3n angular:<\/strong> 360\u00b0<\/li>\n<li><strong>Adaptabilidad a las temperaturas:<\/strong> -5 a 80\u00b0C<\/li>\n<li><strong>Motor:<\/strong> Sin n\u00facleo de alta calidad<\/li>\n<li><strong>Velocidad de transmisi\u00f3n:<\/strong> 9600 a 4.500.000 bps<\/li>\n<li><strong>Tipo de engranaje:<\/strong> cil\u00edndrico, metal precioso<\/li>\n<li><strong>Dimensiones:<\/strong> 33,5 x 58,5 x 44 mm<\/li>\n<li><strong>Peso:<\/strong> 165 g<\/li>\n<li><strong>Coeficiente de reducci\u00f3n:<\/strong> 272,5:1<\/li>\n<li><strong>Protocolo de comunicaci\u00f3n:<\/strong> TTL - Comunicaci\u00f3n serie semid\u00faplex<\/li>\n<li><strong>Comentarios:<\/strong> Posici\u00f3n, velocidad, corriente, temperatura y mucho m\u00e1s<\/li>\n<\/ul>\n<h2>Contenido del paquete<\/h2>\n<ul>\n<li>1 servomotor Dynamixel XM540-W270-T<\/li>\n<li>1 barra separadora HN13-N101<\/li>\n<li>1 Arandela de tefl\u00f3n para montaje<\/li>\n<li>1 cable rob\u00f3tico X3P de 180 mm<\/li>\n<li>1 cable rob\u00f3tico convertible X3P 180 mm<\/li>\n<li>1 Cable Sync 3P 160 mm<\/li>\n<li>16 llaves de tornillos WB M2.2\u00d75<\/li>\n<li>10 Llave Perno WB M2.5\u00d74<\/li>\n<li>1 Llave Perno WB M3x8<\/li>\n<li>8 anillos distanciadores<\/li>\n<\/ul>\n<\/div>\n<p><!-- .vgblk-rw-wrapper --><\/p>","protected":false},"excerpt":{"rendered":"<p>El Dynamixel XM540-W270-T es un servomotor que bate r\u00e9cords: con un par excepcional y una amplia gama de funciones de control, es el coraz\u00f3n palpitante de los robots m\u00f3viles de mayor rendimiento.<\/p>\n<p>Ideal para enfrentarse a terrenos abruptos y proyectos rob\u00f3ticos que requieren potencia y precisi\u00f3n, este servomotor TTL es la elecci\u00f3n perfecta para sus robots todoterreno y creaciones m\u00e1s ambiciosas.<\/p>","protected":false},"featured_media":1012133,"template":"","meta":[],"pwb-brand":[],"product_brand":[],"product_cat":[622],"product_tag":[],"class_list":{"0":"post-1010641","1":"product","2":"type-product","3":"status-publish","4":"has-post-thumbnail","6":"product_cat-servomotori","8":"first","9":"instock","10":"shipping-taxable","11":"product-type-simple"},"brands":[],"_links":{"self":[{"href":"https:\/\/store.todsystem.com\/es\/wp-json\/wp\/v2\/product\/1010641","targetHints":{"allow":["GET"]}}],"collection":[{"href":"https:\/\/store.todsystem.com\/es\/wp-json\/wp\/v2\/product"}],"about":[{"href":"https:\/\/store.todsystem.com\/es\/wp-json\/wp\/v2\/types\/product"}],"version-history":[{"count":4,"href":"https:\/\/store.todsystem.com\/es\/wp-json\/wp\/v2\/product\/1010641\/revisions"}],"predecessor-version":[{"id":1015039,"href":"https:\/\/store.todsystem.com\/es\/wp-json\/wp\/v2\/product\/1010641\/revisions\/1015039"}],"wp:featuredmedia":[{"embeddable":true,"href":"https:\/\/store.todsystem.com\/es\/wp-json\/wp\/v2\/media\/1012133"}],"wp:attachment":[{"href":"https:\/\/store.todsystem.com\/es\/wp-json\/wp\/v2\/media?parent=1010641"}],"wp:term":[{"taxonomy":"pwb-brand","embeddable":true,"href":"https:\/\/store.todsystem.com\/es\/wp-json\/wp\/v2\/pwb-brand?post=1010641"},{"taxonomy":"product_brand","embeddable":true,"href":"https:\/\/store.todsystem.com\/es\/wp-json\/wp\/v2\/product_brand?post=1010641"},{"taxonomy":"product_cat","embeddable":true,"href":"https:\/\/store.todsystem.com\/es\/wp-json\/wp\/v2\/product_cat?post=1010641"},{"taxonomy":"product_tag","embeddable":true,"href":"https:\/\/store.todsystem.com\/es\/wp-json\/wp\/v2\/product_tag?post=1010641"}],"curies":[{"name":"wp","href":"https:\/\/api.w.org\/{rel}","templated":true}]}}