{"id":1010640,"date":"2024-09-05T09:51:38","date_gmt":"2024-09-05T09:51:38","guid":{"rendered":"https:\/\/store.todsystem.com\/prodotto\/xm540-w150-t\/"},"modified":"2025-06-11T11:59:50","modified_gmt":"2025-06-11T11:59:50","slug":"servomotore-dynamixel-xm540-w150-t","status":"publish","type":"product","link":"https:\/\/store.todsystem.com\/es\/producto\/servomotore-dynamixel-xm540-w150-t\/","title":{"rendered":"Servomotor Dynamixel XM540-W150-T"},"content":{"rendered":"<div class=\"vgblk-rw-wrapper limit-wrapper\">\n<h2>Servomotore Dynamixel XH540-W150-T: Connessione TTL e Controllo Multiplo per Robot Avanzati<\/h2>\n<p>En <b>servomotore Dynamixel XH540-W150-T<\/b> \u00e8 progettato per prestazioni eccezionali, ideale per applicazioni robotiche sofisticate. Questo motore \u00e8 parte della rinomata <a class=\"catalogue\" title=\"Dynamixel - Serie XH\" href=\"https:\/\/www.generationrobots.com\/it\/462-dynamixel-serie-xh\" rel=\"nofollow noopener\" target=\"_blank\">Serie XH<\/a> di Dynamixel, che viene realizzata con un motore Maxon di alta qualit\u00e0, un connettore e un alloggiamento JST progettati con precisione, e diverse configurazioni di montaggio per adattarsi a qualsiasi hardware.<\/p>\n<p><\/p>\n<p>Grazie alle sue 6 modalit\u00e0 di controllo diverse, il servomotore Dynamixel XH540-W150-T offre la massima precisione nei movimenti, rendendolo perfetto per una vasta gamma di applicazioni, dalla pinza robotica alle piattaforme su rotaia e ai robot mobili radiocomandati.<\/p>\n<h2>Servomotore Robotis 100% Versatile e Facile da Usare<\/h2>\n<p>En <b>Dynamixel XH540-W150-T<\/b> rappresenta una soluzione all-in-one che facilita la programmazione, la parametrizzazione e il controllo immediato degli attuatori. Per un&#8217;integrazione semplice, utilizzate il modulo USB2Dynamixel per programmare direttamente il servomotore da un computer. Alternativamente, \u00e8 possibile collegarlo a controllori compatibili come la <a class=\"catalogue\" title=\"Tarjeta de expansi\u00f3n OpenCM 485\" href=\"https:\/\/www.generationrobots.com\/it\/402014-scheda-di-espansione-opencm-485.html\" rel=\"nofollow noopener\" target=\"_blank\">scheda di espansione Open-CM<\/a> o l&#8217;<a class=\"catalogue\" title=\"AbrirCR1,0\" href=\"https:\/\/www.generationrobots.com\/it\/402881-controller-opencr10.html\" rel=\"nofollow noopener\" target=\"_blank\">Open-CR<\/a>. Per garantire la massima compatibilit\u00e0, il servomotore \u00e8 fornito con un cavo JST-Molex incluso.<\/p>\n<p><\/p>\n<p>Con un rapporto di riduzione di circa 150:1, il servomotore XH540-W150-T assicura un basso consumo energetico senza compromettere la velocit\u00e0 di trasmissione, rendendolo una delle migliori scelte nella gamma Dynamixel, posizionandosi appena sotto i servomotori della <a class=\"catalogue\" title=\"Servomotores profesionales Dynamixel-P de Robotis\" href=\"https:\/\/www.generationrobots.com\/it\/216-servomotori-dynamixel-p\" rel=\"nofollow noopener\" target=\"_blank\">serie PRO PLUS<\/a> de Robotis.<\/p>\n<p><\/div>\n<p><!-- .vgblk-rw-wrapper --><\/p>","protected":false},"excerpt":{"rendered":"<p>El Dynamixel XH540-W150-T, con interfaz TTL, es el compa\u00f1ero ideal para los robotistas que desean un control preciso y personalizado.<\/p>\n<p>Robusto y fiable, este servomotor est\u00e1 dise\u00f1ado para ofrecer durabilidad y alto rendimiento incluso en las aplicaciones m\u00e1s exigentes. Su completa programabilidad lo hace perfecto para dar vida a cualquier proyecto rob\u00f3tico, desde prototipos sencillos hasta los robots m\u00e1s complejos.<\/p>","protected":false},"featured_media":1012133,"template":"","meta":[],"pwb-brand":[],"product_brand":[],"product_cat":[622],"product_tag":[],"class_list":{"0":"post-1010640","1":"product","2":"type-product","3":"status-publish","4":"has-post-thumbnail","6":"product_cat-servomotori","8":"first","9":"instock","10":"shipping-taxable","11":"product-type-simple"},"brands":[],"_links":{"self":[{"href":"https:\/\/store.todsystem.com\/es\/wp-json\/wp\/v2\/product\/1010640","targetHints":{"allow":["GET"]}}],"collection":[{"href":"https:\/\/store.todsystem.com\/es\/wp-json\/wp\/v2\/product"}],"about":[{"href":"https:\/\/store.todsystem.com\/es\/wp-json\/wp\/v2\/types\/product"}],"version-history":[{"count":5,"href":"https:\/\/store.todsystem.com\/es\/wp-json\/wp\/v2\/product\/1010640\/revisions"}],"predecessor-version":[{"id":1015037,"href":"https:\/\/store.todsystem.com\/es\/wp-json\/wp\/v2\/product\/1010640\/revisions\/1015037"}],"wp:featuredmedia":[{"embeddable":true,"href":"https:\/\/store.todsystem.com\/es\/wp-json\/wp\/v2\/media\/1012133"}],"wp:attachment":[{"href":"https:\/\/store.todsystem.com\/es\/wp-json\/wp\/v2\/media?parent=1010640"}],"wp:term":[{"taxonomy":"pwb-brand","embeddable":true,"href":"https:\/\/store.todsystem.com\/es\/wp-json\/wp\/v2\/pwb-brand?post=1010640"},{"taxonomy":"product_brand","embeddable":true,"href":"https:\/\/store.todsystem.com\/es\/wp-json\/wp\/v2\/product_brand?post=1010640"},{"taxonomy":"product_cat","embeddable":true,"href":"https:\/\/store.todsystem.com\/es\/wp-json\/wp\/v2\/product_cat?post=1010640"},{"taxonomy":"product_tag","embeddable":true,"href":"https:\/\/store.todsystem.com\/es\/wp-json\/wp\/v2\/product_tag?post=1010640"}],"curies":[{"name":"wp","href":"https:\/\/api.w.org\/{rel}","templated":true}]}}