{"id":1010639,"date":"2024-09-05T09:51:38","date_gmt":"2024-09-05T09:51:38","guid":{"rendered":"https:\/\/store.todsystem.com\/prodotto\/xl430-w250-t\/"},"modified":"2025-06-11T11:59:50","modified_gmt":"2025-06-11T11:59:50","slug":"servomotore-dynamixel-xl430-w250-t","status":"publish","type":"product","link":"https:\/\/store.todsystem.com\/es\/producto\/servomotore-dynamixel-xl430-w250-t\/","title":{"rendered":"Servomotor Dynamixel XL430-W250-T"},"content":{"rendered":"<div class=\"vgblk-rw-wrapper limit-wrapper\">\n<h2>Servomotore Dynamixel XL430-W250-T: Prestazioni Elevate in un Design Compatto<\/h2>\n<p>En <strong>servomotore Dynamixel XL430-W250-T<\/strong> por <a class=\"catalogue\" title=\"Robotis\" href=\"https:\/\/www.generationrobots.com\/it\/81_robotis\" rel=\"nofollow noopener\" target=\"_blank\">Robotis<\/a> \u00e8 la scelta ideale per chi cerca un servomotore ad alte prestazioni con un budget contenuto. Questo modello offre tutte le superiori caratteristiche della <a class=\"catalogue\" title=\"Dynamixel Serie X\" href=\"https:\/\/www.generationrobots.com\/it\/355-dynamixel-serie-x\" rel=\"nofollow noopener\" target=\"_blank\">Serie Dynamixel X<\/a>, inclusi il controllo della velocit\u00e0 e della posizione a 360\u00b0, grazie a un innovativo encoder magnetico senza contatto. Il servomotore \u00e8 progettato per massimizzare l&#8217;efficienza energetica, riducendo il consumo a soli 40 mA, rispetto ai 100 mA dei modelli precedenti.<\/p>\n<p>Compatibile con tutti i modelli della serie X-430 (XM e XH) e condividendo la stessa struttura meccanica, il XL430-W250-T si integra facilmente in vari progetti. Il controllo del servomotore pu\u00f2 essere effettuato da PC (Windows, Mac o Linux) tramite un <a class=\"catalogue\" title=\"Conector U2D2 Dynamixel\/PC\" href=\"https:\/\/www.generationrobots.com\/it\/402820-connettore-u2d2-dynamixelpc.html\" rel=\"nofollow noopener\" target=\"_blank\">M\u00f3dulo USB2Dynamixel<\/a>, a <a class=\"catalogue\" title=\"Conector U2D2 Dynamixel\/PC\" href=\"https:\/\/www.generationrobots.com\/it\/402820-connettore-u2d2-dynamixelpc.html\" rel=\"nofollow noopener\" target=\"_blank\">Conector U2D2<\/a> o un microcontrollore appropriato. Ecco alcuni componenti chiave per il tuo progetto:<\/p>\n<ul>\n<li><a class=\"catalogue\" title=\"Controlador Dynamixel\" href=\"https:\/\/www.generationrobots.com\/it\/267-controllori-dynamixel\" rel=\"nofollow noopener\" target=\"_blank\">Tarjeta de control de c\u00f3digo abierto CM9.04-A<\/a><\/li>\n<li><a class=\"catalogue\" title=\"Tarjeta de expansi\u00f3n OpenCM 485\" href=\"https:\/\/www.generationrobots.com\/it\/402014-scheda-di-espansione-opencm-485.html\" rel=\"nofollow noopener\" target=\"_blank\">Tarjeta de expansi\u00f3n OpenCM 485<\/a><\/li>\n<li><a class=\"catalogue\" title=\"Cargador SMPS 12V 5A y cable de alimentaci\u00f3n compatibles con Dynamixel (EU)\" href=\"https:\/\/www.generationrobots.com\/it\/400866-caricatore-smps-per-bioloidi-e-dynamixel-robotis.html\" rel=\"nofollow noopener\" target=\"_blank\">Cargador SMPS y fuente de alimentaci\u00f3n para el servomotor Dynamixel<\/a><\/li>\n<li>(o si no) <a class=\"catalogue\" title=\"LB-010 Bater\u00eda LiPo 11V para Robotis GP y Premium\" href=\"https:\/\/www.generationrobots.com\/it\/400897-batteria-lipo-lbs-10-11v-per-bioloidi-e-dynamixel-robotis.html\" rel=\"nofollow noopener\" target=\"_blank\">Bater\u00eda LiPo LBS-10 de 11 V para el servomotor Dynamixel<\/a><\/li>\n<\/ul>\n<p>Con 6 modalit\u00e0 operative, questo servomotore offre un controllo preciso del profilo e un monitoraggio dettagliato dei dati, come velocit\u00e0, posizione e traiettoria.<\/p>\n<h2>Flessibilit\u00e0 di Installazione con il Servomotore Dynamixel<\/h2>\n<p>La parte posteriore dell&#8217;alloggiamento del servomotore Robotis \u00e8 progettata per essere cava, permettendo diverse configurazioni di cablaggio per un posizionamento ottimale nel tuo progetto. Il comodo anello distanziatore consente di avvitarlo direttamente all\u2019alloggiamento, prevenendo rischi e sforzi durante l&#8217;installazione.<\/p>\n<p>Il robusto involucro in alluminio garantisce un&#8217;efficace dissipazione del calore, mantenendo il servomotore sempre efficiente anche in condizioni di carico elevate.<\/p>\n<h2>Caratteristiche Tecniche del Servomotore Dynamixel XL430-W250-T<\/h2>\n<ul>\n<li>Se\u00f1al de control digital del paquete<\/li>\n<li>Coppia massima di 14 kg.cm (1,4 N.m)<\/li>\n<li>Velocit\u00e0 di rotazione: 61 giri\/min<\/li>\n<li>Tensione di alimentazione: 6,5-12 V (consigliata 11,1 V)<\/li>\n<li>Rapporto di riduzione: 258:1<\/li>\n<li>Angolo di rotazione minimo: circa 0,088\u00b0 x 4096<\/li>\n<li>Protocollo seriale asincrono half duplex (8 bit, 1 stop, nessuna parit\u00e0)<\/li>\n<li>Campo di funzionamento: 0 a 360 gradi (rotazione continua)<\/li>\n<li>Temperatura di funzionamento: -5\u00b0C a +80\u00b0C<\/li>\n<li>Collegamento (fisico): livello TTL Multi Drop<\/li>\n<li>ID: 254 (da 0 a 253)<\/li>\n<li>Velocidad de transmisi\u00f3n: 9600 bps a 4,5 Mbps<\/li>\n<li>Retroalimentaci\u00f3n: posici\u00f3n, temperatura, carga, tensi\u00f3n de entrada, etc.<\/li>\n<li>Ajuste por defecto: ID 1, 57600 bps<\/li>\n<li>Peso: 82 g<\/li>\n<li>Dimensiones: 28,5 x 46,5 x 34 mm<\/li>\n<\/ul>\n<h2>Contenido del paquete<\/h2>\n<ul>\n<li>1 servomotore XL430-W250-T<\/li>\n<li>1 barra divaricatrice HN11-N101<\/li>\n<li>5 cavi X3P 180 mm<\/li>\n<li>5 bulloni 2,6*5<\/li>\n<li>5 bulloni 2,5<\/li>\n<li>Bussole di fissaggio incluse<\/li>\n<\/ul>\n<\/div>\n<p><!-- .vgblk-rw-wrapper --><\/p>","protected":false},"excerpt":{"rendered":"<p>El Dynamixel XL430-W250-T es la elecci\u00f3n ideal.<\/p>\n<p>Con su interfaz TTL y su dise\u00f1o modular, ofrece una flexibilidad de montaje inigualable.<\/p>\n<p>Perfecto para creaciones a peque\u00f1a escala, este servomotor garantiza un rendimiento y una relaci\u00f3n calidad-precio \u00f3ptimos.<\/p>","protected":false},"featured_media":1012133,"template":"","meta":[],"pwb-brand":[],"product_brand":[],"product_cat":[622],"product_tag":[],"class_list":{"0":"post-1010639","1":"product","2":"type-product","3":"status-publish","4":"has-post-thumbnail","6":"product_cat-servomotori","8":"first","9":"instock","10":"shipping-taxable","11":"product-type-simple"},"brands":[],"_links":{"self":[{"href":"https:\/\/store.todsystem.com\/es\/wp-json\/wp\/v2\/product\/1010639","targetHints":{"allow":["GET"]}}],"collection":[{"href":"https:\/\/store.todsystem.com\/es\/wp-json\/wp\/v2\/product"}],"about":[{"href":"https:\/\/store.todsystem.com\/es\/wp-json\/wp\/v2\/types\/product"}],"version-history":[{"count":4,"href":"https:\/\/store.todsystem.com\/es\/wp-json\/wp\/v2\/product\/1010639\/revisions"}],"predecessor-version":[{"id":1015036,"href":"https:\/\/store.todsystem.com\/es\/wp-json\/wp\/v2\/product\/1010639\/revisions\/1015036"}],"wp:featuredmedia":[{"embeddable":true,"href":"https:\/\/store.todsystem.com\/es\/wp-json\/wp\/v2\/media\/1012133"}],"wp:attachment":[{"href":"https:\/\/store.todsystem.com\/es\/wp-json\/wp\/v2\/media?parent=1010639"}],"wp:term":[{"taxonomy":"pwb-brand","embeddable":true,"href":"https:\/\/store.todsystem.com\/es\/wp-json\/wp\/v2\/pwb-brand?post=1010639"},{"taxonomy":"product_brand","embeddable":true,"href":"https:\/\/store.todsystem.com\/es\/wp-json\/wp\/v2\/product_brand?post=1010639"},{"taxonomy":"product_cat","embeddable":true,"href":"https:\/\/store.todsystem.com\/es\/wp-json\/wp\/v2\/product_cat?post=1010639"},{"taxonomy":"product_tag","embeddable":true,"href":"https:\/\/store.todsystem.com\/es\/wp-json\/wp\/v2\/product_tag?post=1010639"}],"curies":[{"name":"wp","href":"https:\/\/api.w.org\/{rel}","templated":true}]}}