{"id":1010637,"date":"2024-09-05T09:51:38","date_gmt":"2024-09-05T09:51:38","guid":{"rendered":"https:\/\/store.todsystem.com\/prodotto\/xm540-w270-r\/"},"modified":"2025-06-11T11:59:49","modified_gmt":"2025-06-11T11:59:49","slug":"servomotor-dynamixel-xm540-w270-r","status":"publish","type":"product","link":"https:\/\/store.todsystem.com\/es\/producto\/servomotor-dynamixel-xm540-w270-r\/","title":{"rendered":"Servomotor Dynamixel XM540-W270-R"},"content":{"rendered":"<div class=\"vgblk-rw-wrapper limit-wrapper\">\n<h2>Dynamixel XM540-W270-R Servomotor de 12 V con RS485: potencia y precisi\u00f3n para sus proyectos de rob\u00f3tica<\/h2>\n<p>Descubra el servomotor XM540-W270-R, un producto de \u00faltima generaci\u00f3n del renombrado <a class=\"catalogue\" title=\"Dynamixel Serie X\" href=\"https:\/\/www.generationrobots.com\/it\/355-dynamixel-serie-x\" rel=\"nofollow noopener\" target=\"_blank\">Serie Dynamixel X<\/a>. Con su relaci\u00f3n de reducci\u00f3n de 272,5:1 y un par de arranque de 106 kg.cm (10,6 N.m), este servomotor de 12 V est\u00e1 dise\u00f1ado para garantizar un alto rendimiento en sus proyectos de automatizaci\u00f3n. Admite una tensi\u00f3n de alimentaci\u00f3n de 11,1 a 14,8 V y ofrece una conexi\u00f3n a trav\u00e9s del bus multipunto RS485 para una comunicaci\u00f3n robusta y vers\u00e1til.<\/p>\n<h2>Un servomotor vers\u00e1til para rob\u00f3tica, educaci\u00f3n e investigaci\u00f3n<\/h2>\n<p>El servomotor XM540-W270-R es una excelente elecci\u00f3n para aficionados, investigadores y profesores. Estas son algunas de sus principales ventajas:<\/p>\n<ul>\n<li>Informaci\u00f3n precisa sobre velocidad, posici\u00f3n, tensi\u00f3n de alimentaci\u00f3n y temperatura.<\/li>\n<li>Numerosos modos de control, incluidos control de par basado en corriente, control de velocidad y PWM.<\/li>\n<li>Eficiencia energ\u00e9tica significativamente mejorada en comparaci\u00f3n con los modelos anteriores.<\/li>\n<li>Codificador magn\u00e9tico sin contacto para un control impecable a 360\u00b0.<\/li>\n<li>Carcasa compacta de aluminio para una mejor disipaci\u00f3n del calor.<\/li>\n<li>Cableado sencillo, con abertura en la parte posterior para reducir el desgaste de los cables.<\/li>\n<\/ul>\n<h2>Especificaciones t\u00e9cnicas del servomotor XM540-W270-R<\/h2>\n<ul>\n<li>Peso: 165 g<\/li>\n<li>Dimensiones: 33,5 x 58,5 x 44 mm<\/li>\n<li>Relaci\u00f3n de reducci\u00f3n: 272,5:1<\/li>\n<li>Par de arranque: 10 N.m @ 11,1 V; 10,6 N.m @ 12 V; 12,9 N.m @ 14,8 V<\/li>\n<li>Corriente de arranque: 4,2 A @ 11,1 V; 4,4 A @ 12 V; 5,5 A @ 14,8 V<\/li>\n<li>Velocidad en vac\u00edo: 28 rpm a 11,1 V; 30 rpm a 12 V; 37 rpm a 14,8 V<\/li>\n<li>Procesador: ST Cortex-M3 (STM32F103C8 a 72 MHz, 32 bits)<\/li>\n<li>Sensor de posici\u00f3n: codificador absoluto sin contacto (12 bits, 360\u00b0) de AMS<\/li>\n<li>Tipo de motor: Coreless<\/li>\n<li>Rotaci\u00f3n m\u00ednima: aprox. 0,088 x 4,096 pasos<\/li>\n<li>Rango de funcionamiento: de 0 a 360\u00b0, servomotor infinitamente variable<\/li>\n<li>Tensi\u00f3n de entrada: de 10 a 14,8 V (se recomienda 12 V)<\/li>\n<li>Temperatura de funcionamiento: de -5 a +80\u00b0C<\/li>\n<li>Protocolo de comunicaci\u00f3n: Serie RS485 as\u00edncrono (8 bits, 1 parada, sin paridad)<\/li>\n<li>ID: 253 (0 a 252)<\/li>\n<li>Velocidad de transmisi\u00f3n: de 9600 bps a 4,5 Mbps<\/li>\n<li>Retroalimentaci\u00f3n disponible: posici\u00f3n, velocidad, corriente, temperatura, tensi\u00f3n de entrada y m\u00e1s.<\/li>\n<li>Materiales: Cuerpo met\u00e1lico y pl\u00e1stico de ingenier\u00eda, engranajes met\u00e1licos<\/li>\n<li>Corriente de espera: 40 mA<\/li>\n<\/ul>\n<h2>Contenido del paquete<\/h2>\n<p>El paquete incluye:<\/p>\n<ul>\n<li>1 Servomotor XM540-W270-R Dynamixel<\/li>\n<li>1 Barra separadora HN13-N101<\/li>\n<li>1 Arandela de tefl\u00f3n para montar la barra separadora<\/li>\n<li>1 cable rob\u00f3tico X4P de 180 mm<\/li>\n<li>1 cable rob\u00f3tico X4P de 180 mm (convertible)<\/li>\n<li>1 cable de sincronizaci\u00f3n 3P 160 mm<\/li>\n<li>16 tornillos WB M2.5*5<\/li>\n<li>10 tornillos WB M2.5*4<\/li>\n<li>8 tornillos WB M3*8<\/li>\n<li>Anillos distanciadores<\/li>\n<\/ul>\n<\/div>\n<p><!-- .vgblk-rw-wrapper --><\/p>","protected":false},"excerpt":{"rendered":"<p>l servomotor Dynamixel X de \u00faltima generaci\u00f3n es la soluci\u00f3n ideal para proyectos de rob\u00f3tica precisos y fiables.<\/p>\n<p>Gracias a su dise\u00f1o compacto, ofrece la m\u00e1xima flexibilidad de integraci\u00f3n, mientras que sus completas opciones de retroalimentaci\u00f3n y cableado personalizable permiten un control preciso y personalizado.<\/p>\n<p>La robusta carcasa garantiza una larga vida \u00fatil y un rendimiento \u00f3ptimo incluso en condiciones adversas.<\/p>","protected":false},"featured_media":1012133,"template":"","meta":[],"pwb-brand":[],"product_brand":[],"product_cat":[622],"product_tag":[],"class_list":{"0":"post-1010637","1":"product","2":"type-product","3":"status-publish","4":"has-post-thumbnail","6":"product_cat-servomotori","8":"first","9":"instock","10":"shipping-taxable","11":"product-type-simple"},"brands":[],"_links":{"self":[{"href":"https:\/\/store.todsystem.com\/es\/wp-json\/wp\/v2\/product\/1010637","targetHints":{"allow":["GET"]}}],"collection":[{"href":"https:\/\/store.todsystem.com\/es\/wp-json\/wp\/v2\/product"}],"about":[{"href":"https:\/\/store.todsystem.com\/es\/wp-json\/wp\/v2\/types\/product"}],"version-history":[{"count":4,"href":"https:\/\/store.todsystem.com\/es\/wp-json\/wp\/v2\/product\/1010637\/revisions"}],"predecessor-version":[{"id":1015034,"href":"https:\/\/store.todsystem.com\/es\/wp-json\/wp\/v2\/product\/1010637\/revisions\/1015034"}],"wp:featuredmedia":[{"embeddable":true,"href":"https:\/\/store.todsystem.com\/es\/wp-json\/wp\/v2\/media\/1012133"}],"wp:attachment":[{"href":"https:\/\/store.todsystem.com\/es\/wp-json\/wp\/v2\/media?parent=1010637"}],"wp:term":[{"taxonomy":"pwb-brand","embeddable":true,"href":"https:\/\/store.todsystem.com\/es\/wp-json\/wp\/v2\/pwb-brand?post=1010637"},{"taxonomy":"product_brand","embeddable":true,"href":"https:\/\/store.todsystem.com\/es\/wp-json\/wp\/v2\/product_brand?post=1010637"},{"taxonomy":"product_cat","embeddable":true,"href":"https:\/\/store.todsystem.com\/es\/wp-json\/wp\/v2\/product_cat?post=1010637"},{"taxonomy":"product_tag","embeddable":true,"href":"https:\/\/store.todsystem.com\/es\/wp-json\/wp\/v2\/product_tag?post=1010637"}],"curies":[{"name":"wp","href":"https:\/\/api.w.org\/{rel}","templated":true}]}}