{"id":1010633,"date":"2024-09-05T09:51:38","date_gmt":"2024-09-05T09:51:38","guid":{"rendered":"https:\/\/store.todsystem.com\/prodotto\/xh430-v350-r\/"},"modified":"2025-06-11T11:59:49","modified_gmt":"2025-06-11T11:59:49","slug":"servomotor-dynamixel-xh430-v350-r","status":"publish","type":"product","link":"https:\/\/store.todsystem.com\/es\/producto\/servomotor-dynamixel-xh430-v350-r\/","title":{"rendered":"Servomotor Dynamixel XH430-V350-R"},"content":{"rendered":"<div class=\"vgblk-rw-wrapper limit-wrapper\">\n<h2>Servomotor Dynamixel XH430-V350-R: Control avanzado para rob\u00f3tica y automatizaci\u00f3n<\/h2>\n<p>Descubra el **servomotor Dynamixel XH430-V350-R**, un componente indispensable para sus proyectos de rob\u00f3tica y automatizaci\u00f3n. Este servomotor es totalmente programable con el 100% mediante el software **RoboPlus**, disponible para Windows, Linux y Mac. Con su **control total**, el XH430-V350-R es perfecto para aplicaciones como m\u00e1quinas m\u00f3viles radiocontroladas, ya que ofrece 6 modos de control, incluido el control PWM, para facilitar todas sus necesidades de dise\u00f1o.<\/p>\n<p>Gracias a la compatibilidad con varios microcontroladores, puede controlar el servomotor mediante el \u00fatil accesorio **USB2Dynamixel**, tambi\u00e9n disponible en nuestro sitio web. Adem\u00e1s, puedes montar el servomotor de forma personalizada: el cableado trasero permite 3 opciones diferentes y ofrece una amplia gama de soportes de montaje compatibles.<\/p>\n<h2>Robustez y fiabilidad: La calidad de los servomotores Robotis<\/h2>\n<p>El servomotor **Dynamixel XH430-V350-R** no s\u00f3lo es un componente de alto rendimiento, sino que tambi\u00e9n est\u00e1 dise\u00f1ado para durar. Forma parte de la conocida serie **XH** de Dynamixel y ofrece una calidad de fabricaci\u00f3n excepcional con una carcasa de pl\u00e1stico y aluminio para una disipaci\u00f3n eficaz del calor. Los engranajes met\u00e1licos y la ergonom\u00eda redise\u00f1ada minimizan el desgaste de los cables, lo que convierte a este servomotor en una gran inversi\u00f3n para sus futuros proyectos.<\/p>\n<h2>Especificaciones t\u00e9cnicas del servomotor Dynamixel XH430-V350-R<\/h2>\n<p>El **XH430-V350-R** se suministra con un kit que incluye:<\/p>\n<ul>\n<li>1 barra separadora HN12-N101<\/li>\n<li>1 arandela de tefl\u00f3n (para montar el separador)<\/li>\n<li>1 cable X3P de 180 mm<\/li>\n<li>1 cable convertible X3P 180 mm<\/li>\n<li>16 tornillos WB perno llave M2.5 x 4<\/li>\n<li>1 tornillo llave WB M2.5 x 6<\/li>\n<li>10 tornillos Tornillo llave WB M2 x 3<\/li>\n<li>8 anillos distanciadores<\/li>\n<li><strong>Especificaciones t\u00e9cnicas:<\/strong><\/li>\n<li>Peso: 82 g<\/li>\n<li>Dimensiones: 28,5 x 46,5 x 34 mm<\/li>\n<li>Relaci\u00f3n de reducci\u00f3n: 212,6 : 1<\/li>\n<li>Par de arranque: 3,3 N.m @ 24 V<\/li>\n<li>Potencia de arranque: 0,7 A @ 24 V<\/li>\n<li>Velocidad en vac\u00edo: 31 RPM @ 24 V<\/li>\n<li>Procesador: ST CORTEX-M3 (STM32F103C8 @ 72MHZ, 32BIT)<\/li>\n<li>Codificador absoluto sin contacto (12 bits, 360\u00b0)<\/li>\n<li>Motor sin n\u00facleo<\/li>\n<li>Resoluci\u00f3n: 0,088\u00b0 x 4,096<\/li>\n<li>Rango de funcionamiento:<\/li>\n<ul>\n<li>En modo de control de posici\u00f3n: 360<\/li>\n<li>Modo de control de velocidad: rotaci\u00f3n continua<\/li>\n<li>Tensi\u00f3n de alimentaci\u00f3n: 24 V (recomendado)<\/li>\n<li>Temperatura de funcionamiento: -5 a 80\u00b0C<\/li>\n<li>Se\u00f1al de control: paquete digital<\/li>\n<li>Protocolo de comunicaci\u00f3n: as\u00edncrono RS485 semid\u00faplex serie (8 bits, 1 parada, sin paridad)<\/li>\n<li>Conexi\u00f3n f\u00edsica: bus multipunto RS485<\/li>\n<li>Direcciones: hasta 253 ID (de 0 a 252)<\/li>\n<li>Velocidad de transmisi\u00f3n: de 9600 bps a 4,5 Mbps<\/li>\n<li>Feedback: posici\u00f3n, velocidad, corriente, tiempo real, trayectoria, temperatura, tensi\u00f3n de alimentaci\u00f3n<\/li>\n<li>Material: carcasa met\u00e1lica y pl\u00e1stico t\u00e9cnico<\/li>\n<li>Engranajes: metal<\/li>\n<li>Corriente de espera: 36 mA<\/li>\n<\/ul>\n<\/ul>\n<\/div>\n<p><!-- .vgblk-rw-wrapper --><\/p>","protected":false},"excerpt":{"rendered":"<p>El Dynamixel XH430-V350-R es un servomotor compacto y potente con alimentaci\u00f3n de 24 V e interfaz RS485.<\/p>","protected":false},"featured_media":1012245,"template":"","meta":[],"pwb-brand":[],"product_brand":[],"product_cat":[622],"product_tag":[],"class_list":{"0":"post-1010633","1":"product","2":"type-product","3":"status-publish","4":"has-post-thumbnail","6":"product_cat-servomotori","8":"first","9":"instock","10":"shipping-taxable","11":"product-type-simple"},"brands":[],"_links":{"self":[{"href":"https:\/\/store.todsystem.com\/es\/wp-json\/wp\/v2\/product\/1010633","targetHints":{"allow":["GET"]}}],"collection":[{"href":"https:\/\/store.todsystem.com\/es\/wp-json\/wp\/v2\/product"}],"about":[{"href":"https:\/\/store.todsystem.com\/es\/wp-json\/wp\/v2\/types\/product"}],"version-history":[{"count":4,"href":"https:\/\/store.todsystem.com\/es\/wp-json\/wp\/v2\/product\/1010633\/revisions"}],"predecessor-version":[{"id":1015030,"href":"https:\/\/store.todsystem.com\/es\/wp-json\/wp\/v2\/product\/1010633\/revisions\/1015030"}],"wp:featuredmedia":[{"embeddable":true,"href":"https:\/\/store.todsystem.com\/es\/wp-json\/wp\/v2\/media\/1012245"}],"wp:attachment":[{"href":"https:\/\/store.todsystem.com\/es\/wp-json\/wp\/v2\/media?parent=1010633"}],"wp:term":[{"taxonomy":"pwb-brand","embeddable":true,"href":"https:\/\/store.todsystem.com\/es\/wp-json\/wp\/v2\/pwb-brand?post=1010633"},{"taxonomy":"product_brand","embeddable":true,"href":"https:\/\/store.todsystem.com\/es\/wp-json\/wp\/v2\/product_brand?post=1010633"},{"taxonomy":"product_cat","embeddable":true,"href":"https:\/\/store.todsystem.com\/es\/wp-json\/wp\/v2\/product_cat?post=1010633"},{"taxonomy":"product_tag","embeddable":true,"href":"https:\/\/store.todsystem.com\/es\/wp-json\/wp\/v2\/product_tag?post=1010633"}],"curies":[{"name":"wp","href":"https:\/\/api.w.org\/{rel}","templated":true}]}}