{"id":1010630,"date":"2024-09-05T09:51:38","date_gmt":"2024-09-05T09:51:38","guid":{"rendered":"https:\/\/store.todsystem.com\/prodotto\/xh430-w350-t\/"},"modified":"2025-06-11T11:59:49","modified_gmt":"2025-06-11T11:59:49","slug":"servomotor-dynamixel-xh430-w350-t","status":"publish","type":"product","link":"https:\/\/store.todsystem.com\/es\/producto\/servomotor-dynamixel-xh430-w350-t\/","title":{"rendered":"Servomotor Dynamixel XH430-W350-T"},"content":{"rendered":"<div class=\"vgblk-rw-wrapper limit-wrapper\">\n<h2>Servomotor Dynamixel XH430-W350-T: rendimiento superior para proyectos rob\u00f3ticos ambiciosos<\/h2>\n<p>Descubra el **Dynamixel XH430-W350-T**, que forma parte de la reconocida <strong>Servomotores Robotis<\/strong> dise\u00f1ado para ofrecer un alto rendimiento y versatilidad. Con una amplia gama de caracter\u00edsticas innovadoras, este modelo es ideal para quienes buscan un servomotor econ\u00f3mico pero potente. Estas son algunas de sus caracter\u00edsticas m\u00e1s destacadas:<\/p>\n<ul>\n<li>Compatibilidad con varias opciones de montaje gracias a una amplia gama de herrajes, con 3 modos de posicionamiento del cable para minimizar la fricci\u00f3n y el desgaste durante el funcionamiento.<\/li>\n<li>Control total del rendimiento: gestiona con precisi\u00f3n la velocidad, la posici\u00f3n, la trayectoria, el par, el consumo, la corriente y el PWM.<\/li>\n<li>Panel de control avanzado, compatible con los sistemas operativos Mac, Windows y Linux, f\u00e1cilmente accesible a trav\u00e9s del dongle USB2Dynamixel o de un controlador compatible.<\/li>\n<li>Robusta carcasa de pl\u00e1stico y aluminio, dise\u00f1ada para evitar el sobrecalentamiento y garantizar la durabilidad.<\/li>\n<\/ul>\n<h2>Servomotor Robotis: la soluci\u00f3n ideal para cualquier proyecto de rob\u00f3tica<\/h2>\n<p>Si desarrollar un <a class=\"catalogue\" title=\"Servomotores Dynamixel para rob\u00f3tica y automatizaci\u00f3n\" href=\"https:\/\/www.generationrobots.com\/it\/169-servomotori-dynamixel\" rel=\"nofollow noopener\" target=\"_blank\">robot humanoide<\/a>Ya sea para construir un brazo rob\u00f3tico articulado o para construir complejos veh\u00edculos de radiocontrol, el servomotor XH430-W350-T est\u00e1 dise\u00f1ado para satisfacer los requisitos m\u00e1s sofisticados. Consulte tambi\u00e9n la versi\u00f3n RS485 para obtener m\u00e1s opciones de conexi\u00f3n.<\/p>\n<h2>Especificaciones t\u00e9cnicas del servomotor Dynamixel XH430-W350-T<\/h2>\n<ul>\n<li>Accesorios incluidos en el paquete:<\/li>\n<li>1 barra separadora HN12-N101<\/li>\n<li>1 arandela de tefl\u00f3n (para instalar el separador)<\/li>\n<li>1 cable X3P de 180 mm<\/li>\n<li>1 cable convertible X3P 180 mm<\/li>\n<li>16 tornillos llave WB M2,5*4<\/li>\n<li>1 tornillo llave WB M2,5*6<\/li>\n<li>10 tornillos WB perno llave M2*3<\/li>\n<li>8 anillos distanciadores<\/li>\n<li>Caracter\u00edsticas t\u00e9cnicas:<\/li>\n<li>Peso: 82 g<\/li>\n<li>Dimensiones: 28,5 x 46,5 x 34 mm<\/li>\n<li>Relaci\u00f3n de reducci\u00f3n: 353,5:1<\/li>\n<li>Par de arranque (N.m): 3,1 @ 11,1 V; 3,4 @ 12 V; 4,2 @ 14,8 V<\/li>\n<li>Potencia de arranque (A): 1,2 @ 11,1 V; 1,3 @ 12 V; 1,5 @ 14,8 V<\/li>\n<li>Velocidad en vac\u00edo (RPM): 27 @ 11,1 V; 30 @ 12 V; 37 @ 14,8 V<\/li>\n<li>Procesador: ST CORTEX-M3 (STM32F103C8 @ 72MHZ, 32BIT)<\/li>\n<li>Codificador absoluto sin contacto (12 bits, 360\u00b0)<\/li>\n<li>Motor sin n\u00facleo<\/li>\n<li>Resoluci\u00f3n: 0,088\u00b0 x 4,096<\/li>\n<li>Modo de funcionamiento:\n<ul>\n<li>Control de posici\u00f3n: 360<\/li>\n<li>Control de velocidad: rotaci\u00f3n continua<\/li>\n<\/ul>\n<\/li>\n<li>Tensi\u00f3n de alimentaci\u00f3n: de 10 a 14,8 V (se recomienda 12 V)<\/li>\n<li>Temperatura de funcionamiento: -5 a 80\u00b0C<\/li>\n<li>Se\u00f1al de control: paquete digital<\/li>\n<li>Protocolo de comunicaci\u00f3n: serie as\u00edncrono semid\u00faplex (8 bits, 1 parada, sin paridad)<\/li>\n<li>Conexi\u00f3n: bus TTL multipunto<\/li>\n<li>Direcciones: 253 ID (0 a 252)<\/li>\n<li>Velocidad de transmisi\u00f3n: de 9600 bps a 4,5 Mbps<\/li>\n<li>Feedback: posici\u00f3n, velocidad, corriente, tiempo real, trayectoria, temperatura, tensi\u00f3n de alimentaci\u00f3n, etc.<\/li>\n<li>Carcasa: metal y pl\u00e1stico t\u00e9cnico<\/li>\n<li>Engranajes: metal<\/li>\n<li>Corriente de espera: 40 mA<\/li>\n<\/ul>\n<p class=\"container-video\">\n<\/div>\n<p><!-- .vgblk-rw-wrapper --><\/p>","protected":false},"excerpt":{"rendered":"<p>El Dynamixel XH430-W350-T representa la c\u00faspide de la tecnolog\u00eda Robotis.<\/p>\n<p>Con un par elevado y una velocidad asombrosa, este servomotor TTL ofrece un rendimiento sin precedentes.<\/p>","protected":false},"featured_media":1012133,"template":"","meta":[],"pwb-brand":[],"product_brand":[],"product_cat":[622],"product_tag":[],"class_list":{"0":"post-1010630","1":"product","2":"type-product","3":"status-publish","4":"has-post-thumbnail","6":"product_cat-servomotori","8":"first","9":"instock","10":"shipping-taxable","11":"product-type-simple"},"brands":[],"_links":{"self":[{"href":"https:\/\/store.todsystem.com\/es\/wp-json\/wp\/v2\/product\/1010630","targetHints":{"allow":["GET"]}}],"collection":[{"href":"https:\/\/store.todsystem.com\/es\/wp-json\/wp\/v2\/product"}],"about":[{"href":"https:\/\/store.todsystem.com\/es\/wp-json\/wp\/v2\/types\/product"}],"version-history":[{"count":4,"href":"https:\/\/store.todsystem.com\/es\/wp-json\/wp\/v2\/product\/1010630\/revisions"}],"predecessor-version":[{"id":1015027,"href":"https:\/\/store.todsystem.com\/es\/wp-json\/wp\/v2\/product\/1010630\/revisions\/1015027"}],"wp:featuredmedia":[{"embeddable":true,"href":"https:\/\/store.todsystem.com\/es\/wp-json\/wp\/v2\/media\/1012133"}],"wp:attachment":[{"href":"https:\/\/store.todsystem.com\/es\/wp-json\/wp\/v2\/media?parent=1010630"}],"wp:term":[{"taxonomy":"pwb-brand","embeddable":true,"href":"https:\/\/store.todsystem.com\/es\/wp-json\/wp\/v2\/pwb-brand?post=1010630"},{"taxonomy":"product_brand","embeddable":true,"href":"https:\/\/store.todsystem.com\/es\/wp-json\/wp\/v2\/product_brand?post=1010630"},{"taxonomy":"product_cat","embeddable":true,"href":"https:\/\/store.todsystem.com\/es\/wp-json\/wp\/v2\/product_cat?post=1010630"},{"taxonomy":"product_tag","embeddable":true,"href":"https:\/\/store.todsystem.com\/es\/wp-json\/wp\/v2\/product_tag?post=1010630"}],"curies":[{"name":"wp","href":"https:\/\/api.w.org\/{rel}","templated":true}]}}