{"id":1010629,"date":"2024-09-05T09:51:38","date_gmt":"2024-09-05T09:51:38","guid":{"rendered":"https:\/\/store.todsystem.com\/prodotto\/xm430-w210-t\/"},"modified":"2025-06-11T11:59:49","modified_gmt":"2025-06-11T11:59:49","slug":"servomotor-dynamixel-xm430-w210-t","status":"publish","type":"product","link":"https:\/\/store.todsystem.com\/es\/producto\/servomotor-dynamixel-xm430-w210-t\/","title":{"rendered":"Servomotor Dynamixel XM430-W210-T"},"content":{"rendered":"<div class=\"vgblk-rw-wrapper limit-wrapper\">\n<h2>Servomotor XM430-W210-T de Robotis: el servomotor de alta precisi\u00f3n para rob\u00f3tica<\/h2>\n<p>En <strong>servomotor <a class=\"catalogue\" title=\"Servomotores Dynamixel para rob\u00f3tica y automatizaci\u00f3n\" href=\"https:\/\/www.generationrobots.com\/it\/169-servomotori-dynamixel\" rel=\"nofollow noopener\" target=\"_blank\">Dynamixel XM430-W210-T<\/a><\/strong> est\u00e1 dise\u00f1ado para satisfacer las necesidades de los entusiastas de la rob\u00f3tica y la ingenier\u00eda. Gracias a su ergonom\u00eda optimizada, minimiza la tensi\u00f3n de los cables, eliminando as\u00ed las inserciones innecesarias. Su carcasa de aluminio garantiza una disipaci\u00f3n t\u00e9rmica superior, mientras que el consumo de energ\u00eda se ha reducido dr\u00e1sticamente. Este servomotor ofrece un control total de la velocidad, la posici\u00f3n, el par y la trayectoria, incluido el control PWM para un rendimiento impecable.<\/p>\n<h2>XM430-W210-T: Servomotor Robotis con versatilidad infinita<\/h2>\n<p>Perfecto para sus creaciones rob\u00f3ticas, como manos articuladas, robots humanoides o robots insecto, el servomotor XM430-W210-T destaca por sus amplias posibilidades de montaje. Su compatibilidad con numerosas piezas de montaje y opciones de cableado lo convierten en un dispositivo vers\u00e1til, ligero y rentable, ideal para sus robots m\u00e1s sofisticados.<\/p>\n<h2>Especificaciones t\u00e9cnicas del servomotor Dynamixel XM430-W210-T<\/h2>\n<ul>\n<li>Contenido del paquete del servomotor Dynamixel XM430-W210-T:\n<ul>\n<li>1 barra separadora HN12-N101<\/li>\n<li>1 arandela de tefl\u00f3n (para montar el separador)<\/li>\n<li>1 cable X3P 180 mm<\/li>\n<li>1 cable convertible X3P 180 mm<\/li>\n<li>16 tornillos llave WB M2,5*4<\/li>\n<li>1 tornillo llave WB M2,5*6<\/li>\n<li>10 tornillos WB perno llave M2*3<\/li>\n<li>8 anillos distanciadores<\/li>\n<\/ul>\n<\/li>\n<\/ul>\n<p>&nbsp;<\/p>\n<ul>\n<li>Caracter\u00edsticas t\u00e9cnicas:\n<ul>\n<li>Peso: 82 g<\/li>\n<li>Dimensiones: 28,5 x 46,5 x 34 mm<\/li>\n<li>Relaci\u00f3n de reducci\u00f3n: 212,6:1<\/li>\n<li>Par de arranque (N.m): 2,7 @ 11,1 V; 3 @ 12 V; 3,7 @ 14,8 V<\/li>\n<li>Potencia de arranque (A): 2,1 @ 11,1 V; 2,3 @ 12 V; 2,7 @ 14,8 V<\/li>\n<li>Velocidad en vac\u00edo (RPM): 70 @ 11,1 V; 77 @ 12 V; 95 @ 14,8 V<\/li>\n<li>Procesador: ST CORTEX-M3 (STM32F103C8 @ 72MHZ, 32BIT)<\/li>\n<li>Codificador absoluto sin contacto (12 bits, 360\u00b0)<\/li>\n<li>Motor sin n\u00facleo para una mayor eficiencia<\/li>\n<li>Resoluci\u00f3n: 0,088\u00b0 x 4,096<\/li>\n<li>Rango de funcionamiento:<\/li>\n<ul>\n<li>Control de posici\u00f3n: 360<\/li>\n<li>Control de velocidad: rotaci\u00f3n continua<\/li>\n<\/ul>\n<li>Tensi\u00f3n de alimentaci\u00f3n: de 10 a 14,8 V (se recomienda 12 V)<\/li>\n<li>Temperatura de funcionamiento: -5 a 80\u00b0C<\/li>\n<li>Se\u00f1al de control: paquete digital<\/li>\n<li>Protocolo de comunicaci\u00f3n: serie as\u00edncrono semid\u00faplex (8 bits, 1 parada, sin paridad)<\/li>\n<li>Conexi\u00f3n f\u00edsica: bus TTL multipunto<\/li>\n<li>Direcciones: 253 ID (0 a 252)<\/li>\n<li>Velocidad de transmisi\u00f3n: de 9600 bps a 4,5 Mbps<\/li>\n<li>Feedback: posici\u00f3n, velocidad, corriente, tiempo real, trayectoria, temperatura, tensi\u00f3n de alimentaci\u00f3n, etc.<\/li>\n<li>Carcasa de metal y pl\u00e1stico t\u00e9cnico para mayor durabilidad<\/li>\n<li>Engranajes met\u00e1licos para mayor resistencia y rendimiento<\/li>\n<li>Corriente de espera: 40 mA<\/li>\n<\/ul>\n<\/li>\n<\/ul>\n<\/div>\n<p><!-- .vgblk-rw-wrapper --><\/p>","protected":false},"excerpt":{"rendered":"<p>En <strong>Dynamixel XM430-W210-T<\/strong> es un actuador inteligente de \u00faltima generaci\u00f3n, perfecto para proyectos avanzados de rob\u00f3tica.<\/p>\n<p>Con su alto par y su comunicaci\u00f3n TTL de alta velocidad, ofrece un control del movimiento preciso y con gran capacidad de respuesta.<\/p>\n<p>Su versatilidad la hace ideal para una amplia gama de aplicaciones, desde la creaci\u00f3n de prototipos hasta la producci\u00f3n.<\/p>","protected":false},"featured_media":1012133,"template":"","meta":[],"pwb-brand":[],"product_brand":[],"product_cat":[622],"product_tag":[],"class_list":{"0":"post-1010629","1":"product","2":"type-product","3":"status-publish","4":"has-post-thumbnail","6":"product_cat-servomotori","8":"first","9":"instock","10":"shipping-taxable","11":"product-type-simple"},"brands":[],"_links":{"self":[{"href":"https:\/\/store.todsystem.com\/es\/wp-json\/wp\/v2\/product\/1010629","targetHints":{"allow":["GET"]}}],"collection":[{"href":"https:\/\/store.todsystem.com\/es\/wp-json\/wp\/v2\/product"}],"about":[{"href":"https:\/\/store.todsystem.com\/es\/wp-json\/wp\/v2\/types\/product"}],"version-history":[{"count":4,"href":"https:\/\/store.todsystem.com\/es\/wp-json\/wp\/v2\/product\/1010629\/revisions"}],"predecessor-version":[{"id":1015026,"href":"https:\/\/store.todsystem.com\/es\/wp-json\/wp\/v2\/product\/1010629\/revisions\/1015026"}],"wp:featuredmedia":[{"embeddable":true,"href":"https:\/\/store.todsystem.com\/es\/wp-json\/wp\/v2\/media\/1012133"}],"wp:attachment":[{"href":"https:\/\/store.todsystem.com\/es\/wp-json\/wp\/v2\/media?parent=1010629"}],"wp:term":[{"taxonomy":"pwb-brand","embeddable":true,"href":"https:\/\/store.todsystem.com\/es\/wp-json\/wp\/v2\/pwb-brand?post=1010629"},{"taxonomy":"product_brand","embeddable":true,"href":"https:\/\/store.todsystem.com\/es\/wp-json\/wp\/v2\/product_brand?post=1010629"},{"taxonomy":"product_cat","embeddable":true,"href":"https:\/\/store.todsystem.com\/es\/wp-json\/wp\/v2\/product_cat?post=1010629"},{"taxonomy":"product_tag","embeddable":true,"href":"https:\/\/store.todsystem.com\/es\/wp-json\/wp\/v2\/product_tag?post=1010629"}],"curies":[{"name":"wp","href":"https:\/\/api.w.org\/{rel}","templated":true}]}}