{"id":1010628,"date":"2024-09-05T09:51:38","date_gmt":"2024-09-05T09:51:38","guid":{"rendered":"https:\/\/store.todsystem.com\/prodotto\/xm430-w350-t\/"},"modified":"2025-06-11T11:59:49","modified_gmt":"2025-06-11T11:59:49","slug":"servomotor-dynamixel-xm430-w350-t","status":"publish","type":"product","link":"https:\/\/store.todsystem.com\/es\/producto\/servomotor-dynamixel-xm430-w350-t\/","title":{"rendered":"Servomotor Dynamixel XM430-W350-T"},"content":{"rendered":"<div class=\"vgblk-rw-wrapper limit-wrapper\">\n<h2>Servomotor Dynamixel XM430-W350-T: potencia y versatilidad para sus proyectos de rob\u00f3tica<\/h2>\n<p>I <a class=\"catalogue\" title=\"Servomotores Dynamixel para rob\u00f3tica y automatizaci\u00f3n\" href=\"https:\/\/www.generationrobots.com\/it\/169-servomotori-dynamixel\" rel=\"nofollow noopener\" target=\"_blank\">Servomotores Dynamixel<\/a> son sin\u00f3nimo de excelencia en rob\u00f3tica y automatizaci\u00f3n. El sitio <strong>Servomotor Dynamixel XM430-W350-T<\/strong> se distingue por sus caracter\u00edsticas \u00fanicas y su funcionalidad avanzada, esencial para aficionados, investigadores y profesores. Este servomotor ofrece m\u00faltiples posibilidades:<\/p>\n<ul>\n<li>Control preciso del par, la velocidad, la posici\u00f3n y la trayectoria, tambi\u00e9n ideal para veh\u00edculos de radiocontrol gracias a la compatibilidad con PWM.<\/li>\n<li>Innovador sistema de conexi\u00f3n trasera que reduce la fricci\u00f3n y mejora la durabilidad.<\/li>\n<li>Compatibilidad con una amplia gama de hardware para la realizaci\u00f3n de proyectos futuristas.<\/li>\n<li>Estructura de aluminio dise\u00f1ada para una disipaci\u00f3n eficaz del calor.<\/li>\n<\/ul>\n<h2>Configure su servomotor Robotis XM430-W350-T para cada necesidad<\/h2>\n<p>La versatilidad del XM430-W350-T lo hace perfecto para multitud de aplicaciones. Tanto si est\u00e1 dise\u00f1ando un robot m\u00f3vil, un brazo articulado o un sofisticado veh\u00edculo de radiocontrol, puede contar con este servomotor para obtener un rendimiento excepcional.<\/p>\n<h2>Especificaciones del servomotor XM430-W350-T<\/h2>\n<ul>\n<li>Incluido con el actuador Dynamixel XM430-W350-T:\n<ul>\n<li>1 barra separadora HN12-N101<\/li>\n<li>Arandela de tefl\u00f3n para el montaje de la barra separadora<\/li>\n<li>1 cable X3P de 180 mm<\/li>\n<li>Cable X3P convertible de 180 mm<\/li>\n<li>16 tornillos WB M2.5*4<\/li>\n<li>Tornillo WB M2.5*6<\/li>\n<li>10 tornillos WB M2*3<\/li>\n<li>Anillos distanciadores<\/li>\n<\/ul>\n<\/li>\n<li><strong>Especificaciones:<\/strong>\n<ul>\n<li>Peso: 82 g<\/li>\n<li>Dimensiones: 28,5 x 46,5 x 34 mm<\/li>\n<li>\u00cdndice de reducci\u00f3n: 353,5 : 1<\/li>\n<li>Par de arranque (N.m): 3,8 @ 11,1 V; 4,1 @ 12 V; 4,8 @ 14,8 V<\/li>\n<li>Potencia de arranque (A): 2,1 @ 11,1 V; 2,3 @ 12 V; 2,7 @ 14,8 V<\/li>\n<li>Velocidad en vac\u00edo (RPM): 43 @ 11,1 V; 46 @ 12 V; 57 @ 14,8 V<\/li>\n<li>Procesador: ST CORTEX-M3 (STM32F103C8 @ 72MHz, 32BIT)<\/li>\n<li>Codificador absoluto sin contacto (12 bits, 360\u00b0)<\/li>\n<li>Motor sin n\u00facleo<\/li>\n<li>Resoluci\u00f3n: 0,088\u00b0 x 4,096<\/li>\n<li>Alcance: 360\u00b0 en modo de control de posici\u00f3n; rotaci\u00f3n continua en modo de control de velocidad<\/li>\n<li>Tensi\u00f3n de alimentaci\u00f3n: de 10 a 14,8 V (se recomienda 12 V)<\/li>\n<li>Temperatura de funcionamiento: -5 a 80\u00b0C<\/li>\n<li>Se\u00f1al de control digital del paquete<\/li>\n<li>Protocolo de comunicaci\u00f3n: serie as\u00edncrono semid\u00faplex (8 bits, 1 parada, sin paridad)<\/li>\n<li>Conexi\u00f3n f\u00edsica: bus TTL multipunto<\/li>\n<li>Direcciones: 253 ID (0 a 252)<\/li>\n<li>Velocidad de transmisi\u00f3n: de 9600 bps a 4,5 Mbps<\/li>\n<li>Feedback: posici\u00f3n, velocidad, corriente, tiempo real, trayectoria, temperatura, tensi\u00f3n de alimentaci\u00f3n, etc.<\/li>\n<li>Carcasa: metal y pl\u00e1stico t\u00e9cnico para mayor resistencia y durabilidad<\/li>\n<li>Ruedas met\u00e1licas para mayor estabilidad<\/li>\n<li>Corriente de espera: 40 mA<\/li>\n<\/ul>\n<\/li>\n<\/ul>\n<\/div>\n<p><!-- .vgblk-rw-wrapper --><\/p>","protected":false},"excerpt":{"rendered":"<p>El servomotor Dynamixel XM430-W330-T ofrece un rendimiento y un control inigualables, lo que lo diferencia de la competencia.<\/p>","protected":false},"featured_media":1012133,"template":"","meta":[],"pwb-brand":[],"product_brand":[],"product_cat":[622],"product_tag":[],"class_list":{"0":"post-1010628","1":"product","2":"type-product","3":"status-publish","4":"has-post-thumbnail","6":"product_cat-servomotori","8":"first","9":"instock","10":"shipping-taxable","11":"product-type-simple"},"brands":[],"_links":{"self":[{"href":"https:\/\/store.todsystem.com\/es\/wp-json\/wp\/v2\/product\/1010628","targetHints":{"allow":["GET"]}}],"collection":[{"href":"https:\/\/store.todsystem.com\/es\/wp-json\/wp\/v2\/product"}],"about":[{"href":"https:\/\/store.todsystem.com\/es\/wp-json\/wp\/v2\/types\/product"}],"version-history":[{"count":4,"href":"https:\/\/store.todsystem.com\/es\/wp-json\/wp\/v2\/product\/1010628\/revisions"}],"predecessor-version":[{"id":1015025,"href":"https:\/\/store.todsystem.com\/es\/wp-json\/wp\/v2\/product\/1010628\/revisions\/1015025"}],"wp:featuredmedia":[{"embeddable":true,"href":"https:\/\/store.todsystem.com\/es\/wp-json\/wp\/v2\/media\/1012133"}],"wp:attachment":[{"href":"https:\/\/store.todsystem.com\/es\/wp-json\/wp\/v2\/media?parent=1010628"}],"wp:term":[{"taxonomy":"pwb-brand","embeddable":true,"href":"https:\/\/store.todsystem.com\/es\/wp-json\/wp\/v2\/pwb-brand?post=1010628"},{"taxonomy":"product_brand","embeddable":true,"href":"https:\/\/store.todsystem.com\/es\/wp-json\/wp\/v2\/product_brand?post=1010628"},{"taxonomy":"product_cat","embeddable":true,"href":"https:\/\/store.todsystem.com\/es\/wp-json\/wp\/v2\/product_cat?post=1010628"},{"taxonomy":"product_tag","embeddable":true,"href":"https:\/\/store.todsystem.com\/es\/wp-json\/wp\/v2\/product_tag?post=1010628"}],"curies":[{"name":"wp","href":"https:\/\/api.w.org\/{rel}","templated":true}]}}