{"id":1010625,"date":"2024-09-05T09:51:38","date_gmt":"2024-09-05T09:51:38","guid":{"rendered":"https:\/\/store.todsystem.com\/prodotto\/xm430-w210-r\/"},"modified":"2025-06-11T11:59:49","modified_gmt":"2025-06-11T11:59:49","slug":"servomotor-dynamixel-xm430-w210-r","status":"publish","type":"product","link":"https:\/\/store.todsystem.com\/es\/producto\/servomotor-dynamixel-xm430-w210-r\/","title":{"rendered":"Servomotor Dynamixel XM430-W210-R"},"content":{"rendered":"<div class=\"vgblk-rw-wrapper limit-wrapper\">\n<h2><strong>Servomotor Dynamixel XM430-W210-R: potencia y precisi\u00f3n para aplicaciones rob\u00f3ticas avanzadas<\/strong><\/h2>\n<p>En <strong>Dynamixel XM430-W210-R<\/strong> es un servomotor de alta precisi\u00f3n dise\u00f1ado para ofrecer un alto rendimiento en diversas aplicaciones rob\u00f3ticas. Con su dise\u00f1o compacto e innovador, es ideal para robots articulados, veh\u00edculos teledirigidos y otras plataformas rob\u00f3ticas que requieren la m\u00e1xima fiabilidad y precisi\u00f3n de funcionamiento. Elija el <strong>Dynamixel XM430-W210-R<\/strong> para que tus creaciones rob\u00f3ticas rindan m\u00e1s.<\/p>\n<h2><strong>Especificaciones t\u00e9cnicas del servomotor Dynamixel XM430-W210-R<\/strong><\/h2>\n<ul>\n<li><strong>Tensi\u00f3n de funcionamiento:<\/strong> 10,0 - 14,8 V (se recomienda 12,0 V)<\/li>\n<li><strong>Par de puestos:<\/strong> 3,7 N-m (a 14,8 V)<\/li>\n<li><strong>Velocidad de aspiraci\u00f3n:<\/strong> 95 rpm (a 14,8 V)<\/li>\n<li><strong>\u00cdndice de reducci\u00f3n:<\/strong> 212,6:1<\/li>\n<li><strong>Resoluci\u00f3n:<\/strong> 4096 impulsos\/revoluci\u00f3n<\/li>\n<li><strong>Temperatura de funcionamiento:<\/strong> -5\u00b0C a 80\u00b0C<\/li>\n<li><strong>Peso:<\/strong> 82 g<\/li>\n<li><strong>Dimensiones:<\/strong> 28,5 x 46,5 x 34 mm<\/li>\n<li><strong>Protocolo de comunicaci\u00f3n:<\/strong> RS485<\/li>\n<li><strong>Modalidades operativas:<\/strong> Control de par, velocidad, posici\u00f3n (0\u00b0 - 360\u00b0), multivuelta, corriente, control PWM<\/li>\n<li><strong>Carga radial m\u00e1xima:<\/strong> 40 N (a 10 mm del eje)<\/li>\n<li><strong>Carga axial m\u00e1xima:<\/strong> 20 N<\/li>\n<\/ul>\n<h2><strong>Caracter\u00edsticas principales del servomotor Dynamixel XM430-W210-R<\/strong><\/h2>\n<p>El servomotor <strong>Dynamixel XM430-W210-R<\/strong> se caracteriza por su dise\u00f1o compacto que ofrece un par elevado, ideal incluso para aplicaciones en espacios reducidos. Su eficiencia energ\u00e9tica es sobresaliente, reduciendo el consumo en modo de espera de 100 mA a 40 mA para una mayor duraci\u00f3n de la bater\u00eda en sistemas m\u00f3viles. Adem\u00e1s, su carcasa de aluminio garantiza una excelente disipaci\u00f3n del calor, manteniendo un alto rendimiento incluso bajo carga. Gracias a la versatilidad de los modos de control admitidos, se adapta f\u00e1cilmente a distintas aplicaciones rob\u00f3ticas, lo que simplifica y facilita la integraci\u00f3n en los sistemas existentes.<\/p>\n<h2><strong>Aplicaciones ideales para el servomotor Dynamixel XM430-W210-R<\/strong><\/h2>\n<p>En <strong>Dynamixel XM430-W210-R<\/strong> es la elecci\u00f3n perfecta para una amplia gama de aplicaciones, como rob\u00f3tica industrial y educativa, veh\u00edculos radiocontrolados y sistemas de control de movimiento. Invertir en este servomotor significa elegir una soluci\u00f3n rob\u00f3tica avanzada que ofrece alto rendimiento, fiabilidad y flexibilidad para todas sus necesidades de automatizaci\u00f3n.<\/p>\n<\/div>\n<p><!-- .vgblk-rw-wrapper --><\/p>","protected":false},"excerpt":{"rendered":"<p>El servomotor Dynamixel XM430-W350-R representa un importante paso adelante en el campo de la rob\u00f3tica, superando las prestaciones de sus predecesores.<\/p>\n<p>Gracias a sus avanzadas prestaciones, este motor est\u00e1 destinado a convertirse en la herramienta de referencia para investigadores, profesores y aficionados a la rob\u00f3tica.<\/p>","protected":false},"featured_media":1012128,"template":"","meta":[],"pwb-brand":[],"product_brand":[],"product_cat":[622],"product_tag":[],"class_list":{"0":"post-1010625","1":"product","2":"type-product","3":"status-publish","4":"has-post-thumbnail","6":"product_cat-servomotori","8":"first","9":"instock","10":"shipping-taxable","11":"product-type-simple"},"brands":[],"_links":{"self":[{"href":"https:\/\/store.todsystem.com\/es\/wp-json\/wp\/v2\/product\/1010625","targetHints":{"allow":["GET"]}}],"collection":[{"href":"https:\/\/store.todsystem.com\/es\/wp-json\/wp\/v2\/product"}],"about":[{"href":"https:\/\/store.todsystem.com\/es\/wp-json\/wp\/v2\/types\/product"}],"version-history":[{"count":9,"href":"https:\/\/store.todsystem.com\/es\/wp-json\/wp\/v2\/product\/1010625\/revisions"}],"predecessor-version":[{"id":1015022,"href":"https:\/\/store.todsystem.com\/es\/wp-json\/wp\/v2\/product\/1010625\/revisions\/1015022"}],"wp:featuredmedia":[{"embeddable":true,"href":"https:\/\/store.todsystem.com\/es\/wp-json\/wp\/v2\/media\/1012128"}],"wp:attachment":[{"href":"https:\/\/store.todsystem.com\/es\/wp-json\/wp\/v2\/media?parent=1010625"}],"wp:term":[{"taxonomy":"pwb-brand","embeddable":true,"href":"https:\/\/store.todsystem.com\/es\/wp-json\/wp\/v2\/pwb-brand?post=1010625"},{"taxonomy":"product_brand","embeddable":true,"href":"https:\/\/store.todsystem.com\/es\/wp-json\/wp\/v2\/product_brand?post=1010625"},{"taxonomy":"product_cat","embeddable":true,"href":"https:\/\/store.todsystem.com\/es\/wp-json\/wp\/v2\/product_cat?post=1010625"},{"taxonomy":"product_tag","embeddable":true,"href":"https:\/\/store.todsystem.com\/es\/wp-json\/wp\/v2\/product_tag?post=1010625"}],"curies":[{"name":"wp","href":"https:\/\/api.w.org\/{rel}","templated":true}]}}