{"id":1010618,"date":"2024-09-05T09:51:37","date_gmt":"2024-09-05T09:51:37","guid":{"rendered":"https:\/\/store.todsystem.com\/prodotto\/mx-28ar-6pcs-bulk\/"},"modified":"2025-06-11T11:59:50","modified_gmt":"2025-06-11T11:59:50","slug":"paquete-de-6-servomotores-dynamixel-mx-28ar","status":"publish","type":"product","link":"https:\/\/store.todsystem.com\/es\/producto\/paquete-de-6-servomotores-dynamixel-mx-28ar\/","title":{"rendered":"Paquete de 6 servomotores Dynamixel MX-28AR"},"content":{"rendered":"<div class=\"vgblk-rw-wrapper limit-wrapper\">\n<h2>Pack de 6 servomotores Dynamixel MX-28AR: excelencia y versatilidad para sus proyectos de rob\u00f3tica<\/h2>\n<p>Descubra las infinitas posibilidades de <a class=\"catalogue\" title=\"Servomotor Dynamixel MX-28AR\" href=\"https:\/\/www.generationrobots.com\/it\/401859-servomotore-dynamixel-mx-28ar.html\" rel=\"nofollow noopener\" target=\"_blank\">Servomotor Robotis MX-28AR<\/a>. Este paquete de seis servomotores est\u00e1 dise\u00f1ado para ofrecer un rendimiento superior en cualquier aplicaci\u00f3n rob\u00f3tica, proporcionando un control y una precisi\u00f3n inigualables.<\/p>\n<p>Con estos servomotores, se beneficiar\u00e1 de:<\/p>\n<ul>\n<li>Un actuador, un excitador y un controlador integrados para una mayor eficacia;<\/li>\n<li>Control de posici\u00f3n de 360\u00b0 sin \u00e1ngulos muertos para movimientos suaves;<\/li>\n<li>Alta velocidad de transmisi\u00f3n de datos para una respuesta inmediata;<\/li>\n<li>Precisi\u00f3n excepcional garantizada por el enc\u00f3der absoluto sin contacto;<\/li>\n<li>Carcasa de aluminio para una disipaci\u00f3n \u00f3ptima del calor.<\/li>\n<\/ul>\n<h2>Compatibilidad total con la serie M de Dynamixel<\/h2>\n<p>Los servomotores de la serie MX est\u00e1n dise\u00f1ados para ser 100% compatibles con todos los equipos que ya utiliza, por lo que su actualizaci\u00f3n ser\u00e1 sencilla y sin complicaciones. Consulte nuestros recursos para obtener m\u00e1s informaci\u00f3n sobre c\u00f3mo integrarlos en su proyecto.<\/p>\n<h2>Especificaciones t\u00e9cnicas de los servomotores Dynamixel MX-28AR<\/h2>\n<ul>\n<li><strong>Peso:<\/strong> 77 g<\/li>\n<li><strong>Dimensiones:<\/strong> 35,6 x 50,6 x 35,5 mm<\/li>\n<li><strong>Coeficiente de reducci\u00f3n:<\/strong> 193:1<\/li>\n<li><strong>Par de bloqueo (N-m):<\/strong> 2,3 @ 10 V; 2,5 @ 12 V; 3,1 @ 14,8 V<\/li>\n<li><strong>Corriente de calado (A):<\/strong> 1,3 @ 10 V; 1,4 @ 12 V; 1,7 @ 14,8 V<\/li>\n<li><strong>Velocidad en vac\u00edo (RPM):<\/strong> 50 @ 10 V; 55 @ 12 V; 67 @ 14,8 V<\/li>\n<li><strong>Motor:<\/strong> Maxon<\/li>\n<li><strong>\u00c1ngulo de control m\u00ednimo:<\/strong> aproximadamente 0,088\u00b0 x 4,096<\/li>\n<li><strong>Modos de funcionamiento:<\/strong> Actuador de 360\u00b0 y rotaci\u00f3n continua<\/li>\n<li><strong>Tensi\u00f3n de funcionamiento:<\/strong> 10 a 14,8 V (tensi\u00f3n recomendada: 12 V)<\/li>\n<li><strong>Temperatura de funcionamiento:<\/strong> -5\u00b0C a 80\u00b0C<\/li>\n<li><strong>Se\u00f1al de control:<\/strong> paquete digital<\/li>\n<li><strong>Protocolo de comunicaci\u00f3n:<\/strong> RS485 (comunicaci\u00f3n serie as\u00edncrona: 8 bits, 1 parada, sin paridad)<\/li>\n<li><strong>Enlace:<\/strong> Bus RS-485 Multi Drop<\/li>\n<li><strong>Identificaciones disponibles:<\/strong> 254 (0-253)<\/li>\n<li><strong>Velocidad de transmisi\u00f3n:<\/strong> 8000 bps hasta 4,5 Mbps<\/li>\n<li><strong>Funciones de retroalimentaci\u00f3n:<\/strong> posici\u00f3n, temperatura, carga, tensi\u00f3n de alimentaci\u00f3n, etc.<\/li>\n<li><strong>Custodia:<\/strong> pl\u00e1stico industrial<\/li>\n<li><strong>Marchas:<\/strong> metal<\/li>\n<li><strong>Sensor de posici\u00f3n:<\/strong> Enc\u00f3der absoluto sin contacto AMS<\/li>\n<li><strong>Posici\u00f3n por defecto:<\/strong> ID#1 - 57600 bps<\/li>\n<\/ul>\n<\/div>\n<p><!-- .vgblk-rw-wrapper --><\/p>","protected":false},"excerpt":{"rendered":"<p>Este pack de 6 servos ofrece un control de posici\u00f3n mejorado, comunicaci\u00f3n RS485 de alta velocidad y un microcontrolador Cortex M3 integrado para un funcionamiento m\u00e1s eficiente.<\/p>\n<p>La robusta construcci\u00f3n de aluminio garantiza una disipaci\u00f3n \u00f3ptima del calor.<\/p>","protected":false},"featured_media":1012148,"template":"","meta":[],"pwb-brand":[],"product_brand":[],"product_cat":[622],"product_tag":[],"class_list":{"0":"post-1010618","1":"product","2":"type-product","3":"status-publish","4":"has-post-thumbnail","6":"product_cat-servomotori","8":"first","9":"instock","10":"shipping-taxable","11":"product-type-simple"},"brands":[],"_links":{"self":[{"href":"https:\/\/store.todsystem.com\/es\/wp-json\/wp\/v2\/product\/1010618","targetHints":{"allow":["GET"]}}],"collection":[{"href":"https:\/\/store.todsystem.com\/es\/wp-json\/wp\/v2\/product"}],"about":[{"href":"https:\/\/store.todsystem.com\/es\/wp-json\/wp\/v2\/types\/product"}],"version-history":[{"count":5,"href":"https:\/\/store.todsystem.com\/es\/wp-json\/wp\/v2\/product\/1010618\/revisions"}],"predecessor-version":[{"id":1015040,"href":"https:\/\/store.todsystem.com\/es\/wp-json\/wp\/v2\/product\/1010618\/revisions\/1015040"}],"wp:featuredmedia":[{"embeddable":true,"href":"https:\/\/store.todsystem.com\/es\/wp-json\/wp\/v2\/media\/1012148"}],"wp:attachment":[{"href":"https:\/\/store.todsystem.com\/es\/wp-json\/wp\/v2\/media?parent=1010618"}],"wp:term":[{"taxonomy":"pwb-brand","embeddable":true,"href":"https:\/\/store.todsystem.com\/es\/wp-json\/wp\/v2\/pwb-brand?post=1010618"},{"taxonomy":"product_brand","embeddable":true,"href":"https:\/\/store.todsystem.com\/es\/wp-json\/wp\/v2\/product_brand?post=1010618"},{"taxonomy":"product_cat","embeddable":true,"href":"https:\/\/store.todsystem.com\/es\/wp-json\/wp\/v2\/product_cat?post=1010618"},{"taxonomy":"product_tag","embeddable":true,"href":"https:\/\/store.todsystem.com\/es\/wp-json\/wp\/v2\/product_tag?post=1010618"}],"curies":[{"name":"wp","href":"https:\/\/api.w.org\/{rel}","templated":true}]}}