{"id":1010614,"date":"2024-09-05T09:51:36","date_gmt":"2024-09-05T09:51:36","guid":{"rendered":"https:\/\/store.todsystem.com\/prodotto\/mx-28ar\/"},"modified":"2025-06-11T11:59:52","modified_gmt":"2025-06-11T11:59:52","slug":"dynamixel-mx-28ar-servomotor","status":"publish","type":"product","link":"https:\/\/store.todsystem.com\/es\/producto\/dynamixel-mx-28ar-servomotor\/","title":{"rendered":"Servomotor Dynamixel MX-28AR"},"content":{"rendered":"<div class=\"vgblk-rw-wrapper limit-wrapper\">\n<h2>Servomotores Dynamixel: actuadores innovadores para el control de posici\u00f3n<\/h2>\n<p>Los servomotores **Dynamixel** son una soluci\u00f3n avanzada para controlar robots y actuadores. Cada unidad integrada ofrece:<\/p>\n<ul>\n<li>Una caja de cambios muy eficaz<\/li>\n<li>Un mando intuitivo<\/li>\n<li>Un controlador integrado para un rendimiento \u00f3ptimo<\/li>\n<\/ul>\n<p>Con un identificador \u00fanico, los servomotores Dynamixel se comunican mediante paquetes digitales, lo que garantiza una interacci\u00f3n fluida y precisa.<\/p>\n<h3>Ventajas de los servomotores Dynamixel<\/h3>\n<p>La gama de actuadores Dynamixel se caracteriza por las siguientes caracter\u00edsticas:<\/p>\n<ul>\n<li><strong>Control de posici\u00f3n extremadamente preciso:<\/strong> 1024 divisiones en los modelos AX, RX y EX, y 4096 en los modelos MX.<\/li>\n<li><strong>Funciones avanzadas de retroalimentaci\u00f3n:<\/strong> Supervisi\u00f3n en tiempo real de variables f\u00edsicas como la posici\u00f3n actual, la velocidad, la tensi\u00f3n y la temperatura interna.<\/li>\n<li><strong>Alarma inteligente:<\/strong> Sistema de aviso activo si se superan los l\u00edmites de temperatura, par o tensi\u00f3n, con correcci\u00f3n autom\u00e1tica de los valores.<\/li>\n<li><strong>Control de la fuerza el\u00e1stica:<\/strong> La \"gu\u00eda conforme\" permite una gesti\u00f3n eficaz de la fuerza del muelle en el control de posici\u00f3n.<\/li>\n<li><strong>Estabilizaci\u00f3n del par:<\/strong> El par puede ajustarse en 1023 pasos, desde el m\u00e1ximo hasta la rotaci\u00f3n libre.<\/li>\n<li><strong>Eficiencia energ\u00e9tica:<\/strong> Funciona a baja corriente y alto voltaje, lo que mejora la eficacia de su sistema robotizado.<\/li>\n<li><strong>LED de estado inteligente:<\/strong> Muestra informaci\u00f3n \u00fatil sobre el estado del servomotor.<\/li>\n<li><strong>Montaje mec\u00e1nico simplificado:<\/strong> Compatible con numerosas piezas mec\u00e1nicas para facilitar el montaje.<\/li>\n<li><strong>Cableado sencillo:<\/strong> Utilizaci\u00f3n de un sistema \"en cadena\" para facilitar las conexiones.<\/li>\n<\/ul>\n<h3>Programaci\u00f3n eficiente de actuadores Dynamixel<\/h3>\n<p>Para hacer funcionar los servomotores **Dynamixel**, es imprescindible conectarlos a un controlador compatible como el <a class=\"catalogue\" title=\"Controlador Dynamixel\" href=\"https:\/\/www.generationrobots.com\/it\/267-controllori-dynamixel\" rel=\"nofollow noopener\" target=\"_blank\">CM-700<\/a>, <strong>CM-5<\/strong>, <strong>CM-510<\/strong>, <a class=\"catalogue\" title=\"Controlador CM-530\" href=\"https:\/\/www.generationrobots.com\/it\/400805-controller-cm-530-robotis.html\" rel=\"nofollow noopener\" target=\"_blank\">CM-530<\/a> o <a class=\"catalogue\" title=\"Controlador OpenCM9.04\" href=\"https:\/\/www.generationrobots.com\/it\/267-controllori-dynamixel\" target=\"_blank\" rel=\"noreferrer noopener nofollow\">OpenCM9.04<\/a>. La programaci\u00f3n se realiza a trav\u00e9s de **RoboPlus**, lo que permite realizar programas complejos incluso a personas con pocos conocimientos previos. Los controladores modernos ofrecen compatibilidad con el lenguaje C y un SDK para desarrollar aplicaciones personalizadas.<\/p>\n<h2>Servomotor Dynamixel MX-28AR: potencia y rendimiento avanzado<\/h2>\n<p>El **Dynamixel MX-28AR** destaca por ser una versi\u00f3n mejorada del MX-28R, con funciones innovadoras para un control sin precedentes. Esta serie est\u00e1 disponible en dos variantes: el MX-28AT y el MX-28R, con tecnolog\u00edas de comunicaci\u00f3n avanzadas y optimizadas.<\/p>\n<h3>Especificaciones t\u00e9cnicas del servomotor Dynamixel MX-28AR<\/h3>\n<ul>\n<li><strong>MCU:<\/strong> ST CORTEX-M3 (ST32F103C8 a 72MHz, 32BIT)<\/li>\n<li><strong>Sensor de posici\u00f3n:<\/strong> Encoder absoluto sin contacto, 12BIT, 360 grados<\/li>\n<li><strong>Par de puestos:<\/strong> 2,3N.m a 11,1V, 2,5N.m a 12V, 3,1N.m a 14,8V<\/li>\n<li><strong>Velocidad de aspiraci\u00f3n:<\/strong> 54 rpm a 12 V<\/li>\n<li><strong>Resoluci\u00f3n:<\/strong> 0.088\u00b0 x 4.096<\/li>\n<li><strong>Rango de movimiento:<\/strong> 360\u00b0<\/li>\n<li><strong>Protocolo de comunicaci\u00f3n:<\/strong> Serie as\u00edncrona semid\u00faplex (8 bits, 1 parada, sin paridad)<\/li>\n<li><strong>Conexi\u00f3n f\u00edsica:<\/strong> Ca\u00edda m\u00faltiple del nivel de bus TTL<\/li>\n<li><strong>Velocidad de comunicaci\u00f3n:<\/strong> De 8000bps a 3Mbps<\/li>\n<li><strong>Peso:<\/strong> 72g<\/li>\n<li><strong>Tensi\u00f3n:<\/strong> 10 ~ 14,8 V (se recomiendan 12 V)<\/li>\n<li><strong>Informe de transmisi\u00f3n:<\/strong> 193:1<\/li>\n<li><strong>ID:<\/strong> 254 (0~253)<\/li>\n<li><strong>Comentarios:<\/strong> Posici\u00f3n, temperatura, carga, tensi\u00f3n de entrada, etc.<\/li>\n<li><strong>Consumo de energ\u00eda en espera:<\/strong> 100 mA<\/li>\n<\/ul>\n<\/div>\n<p><!-- .vgblk-rw-wrapper --><\/p>","protected":false},"excerpt":{"rendered":"<p>El MX-28AR es la versi\u00f3n mejorada del servomotor Dynamixel MX-28R.<\/p>\n<p>Gracias a su construcci\u00f3n en aluminio, ofrece una mayor robustez y una mejor disipaci\u00f3n del calor, garantizando un rendimiento y una durabilidad superiores.<\/p>","protected":false},"featured_media":1012082,"template":"","meta":[],"pwb-brand":[],"product_brand":[],"product_cat":[622],"product_tag":[],"class_list":{"0":"post-1010614","1":"product","2":"type-product","3":"status-publish","4":"has-post-thumbnail","6":"product_cat-servomotori","8":"first","9":"instock","10":"shipping-taxable","11":"product-type-simple"},"brands":[],"_links":{"self":[{"href":"https:\/\/store.todsystem.com\/es\/wp-json\/wp\/v2\/product\/1010614","targetHints":{"allow":["GET"]}}],"collection":[{"href":"https:\/\/store.todsystem.com\/es\/wp-json\/wp\/v2\/product"}],"about":[{"href":"https:\/\/store.todsystem.com\/es\/wp-json\/wp\/v2\/types\/product"}],"version-history":[{"count":5,"href":"https:\/\/store.todsystem.com\/es\/wp-json\/wp\/v2\/product\/1010614\/revisions"}],"predecessor-version":[{"id":1015066,"href":"https:\/\/store.todsystem.com\/es\/wp-json\/wp\/v2\/product\/1010614\/revisions\/1015066"}],"wp:featuredmedia":[{"embeddable":true,"href":"https:\/\/store.todsystem.com\/es\/wp-json\/wp\/v2\/media\/1012082"}],"wp:attachment":[{"href":"https:\/\/store.todsystem.com\/es\/wp-json\/wp\/v2\/media?parent=1010614"}],"wp:term":[{"taxonomy":"pwb-brand","embeddable":true,"href":"https:\/\/store.todsystem.com\/es\/wp-json\/wp\/v2\/pwb-brand?post=1010614"},{"taxonomy":"product_brand","embeddable":true,"href":"https:\/\/store.todsystem.com\/es\/wp-json\/wp\/v2\/product_brand?post=1010614"},{"taxonomy":"product_cat","embeddable":true,"href":"https:\/\/store.todsystem.com\/es\/wp-json\/wp\/v2\/product_cat?post=1010614"},{"taxonomy":"product_tag","embeddable":true,"href":"https:\/\/store.todsystem.com\/es\/wp-json\/wp\/v2\/product_tag?post=1010614"}],"curies":[{"name":"wp","href":"https:\/\/api.w.org\/{rel}","templated":true}]}}