{"id":1010610,"date":"2024-09-05T09:51:36","date_gmt":"2024-09-05T09:51:36","guid":{"rendered":"https:\/\/store.todsystem.com\/prodotto\/xl-320\/"},"modified":"2025-06-11T11:59:51","modified_gmt":"2025-06-11T11:59:51","slug":"servomotor-dynamixel-xl-320","status":"publish","type":"product","link":"https:\/\/store.todsystem.com\/es\/producto\/servomotor-dynamixel-xl-320\/","title":{"rendered":"Servomotor Dynamixel XL-320"},"content":{"rendered":"<div class=\"vgblk-rw-wrapper limit-wrapper\">\n<h2>Servomotor Dynamixel XL-320: potencia y precisi\u00f3n para rob\u00f3tica y prototipos<\/h2>\n<p>Descubra el servomotor **Dynamixel XL-320**, un componente esencial para su experiencia en rob\u00f3tica y prototipado r\u00e1pido. Este servomotor es una opci\u00f3n ideal para la comunidad **DIY (Do It Yourself)** y para aquellos que desean utilizar la **impresi\u00f3n 3D** para crear dise\u00f1os innovadores. Con su tama\u00f1o compacto y su rendimiento superior, el XL-320 destaca en el campo de los **servomotores Dynamixel**.<\/p>\n<p>El servomotor Dynamixel XL-320 est\u00e1 dise\u00f1ado espec\u00edficamente para el robot **Darwin Mini**. Es importante se\u00f1alar que no debe confundirse con los servomotores Ollo, que tienen caracter\u00edsticas diferentes. Puede integrar el XL-320 en sus dise\u00f1os utilizando la funci\u00f3n <a class=\"catalogue\" title=\"Fuente de alimentaci\u00f3n para componentes Dynamixel y servomotores\" href=\"https:\/\/www.generationrobots.com\/it\/134-moduli-e-parti-dynamixel\" rel=\"nofollow noopener\" target=\"_blank\">Cables Dynamixel de 3 clavijas<\/a>ideal para una se\u00f1al de control TTL.<\/p>\n<h2>Especificaciones del servomotor Dynamixel XL-320<\/h2>\n<p>Aqu\u00ed tiene una lista detallada de las caracter\u00edsticas t\u00e9cnicas que hacen del **Dynamixel XL-320** una opci\u00f3n ideal para sus necesidades de rob\u00f3tica:<\/p>\n<ul>\n<li><strong>Peso:<\/strong> 16,7 g<\/li>\n<li><strong>Dimensiones:<\/strong> 24 mm x 36 mm x 27 mm<\/li>\n<li><strong>Resoluci\u00f3n:<\/strong> 0,29\u00b0<\/li>\n<li><strong>Motor:<\/strong> Motor de n\u00facleo<\/li>\n<li><strong>\u00cdndice de reducci\u00f3n:<\/strong> 238:1<\/li>\n<li><strong>Par de puestos:<\/strong> 0,39 N.m (a 7,4V)<\/li>\n<li><strong>Velocidad de aspiraci\u00f3n:<\/strong> 114 rpm (a 7,4 V)<\/li>\n<li><strong>Desviaci\u00f3n:<\/strong>\n<ul>\n<li>0\u00b0 ~ 300\u00b0<\/li>\n<li>Contin\u00faa en<\/li>\n<\/ul>\n<\/li>\n<li><strong>Temperatura de funcionamiento:<\/strong> -5\u00b0 a +70<\/li>\n<li><strong>Tensi\u00f3n:<\/strong> De 6 a 8,4 V (tensi\u00f3n recomendada: 7,4 V)<\/li>\n<li><strong>Se\u00f1al de control:<\/strong> Digital<\/li>\n<li><strong>Protocolo:<\/strong> Comunicaci\u00f3n serie as\u00edncrona semid\u00faplex (8 bits, 1 parada, sin paridad)<\/li>\n<li><strong>Conexi\u00f3n (f\u00edsica):<\/strong> TTL Multi Drop level (conector tipo daisy chain)<\/li>\n<li><strong>ID:<\/strong> 253 ID (0 a 252)<\/li>\n<li><strong>Velocidad de comunicaci\u00f3n:<\/strong> 7343bps a 1 Mbps<\/li>\n<li><strong>Comentarios:<\/strong> Posici\u00f3n, temperatura, carga, tensi\u00f3n de entrada, etc.<\/li>\n<li><strong>Materiales:<\/strong> Pl\u00e1sticos t\u00e9cnicos<\/li>\n<\/ul>\n<\/div>\n<p><!-- .vgblk-rw-wrapper --><\/p>","protected":false},"excerpt":{"rendered":"<p>El Dynamixel XL-320 es un servomotor compacto y potente, ideal para dar vida a sus proyectos de rob\u00f3tica.  Perfecto para peque\u00f1os ensamblajes y prototipado r\u00e1pido, ofrece un rendimiento preciso y fiable.<\/p>\n<p>Gracias al cable de 3 clavijas incluido, la integraci\u00f3n en su proyecto es r\u00e1pida y sencilla.<\/p>","protected":false},"featured_media":1012052,"template":"","meta":[],"pwb-brand":[],"product_brand":[],"product_cat":[622],"product_tag":[],"class_list":{"0":"post-1010610","1":"product","2":"type-product","3":"status-publish","4":"has-post-thumbnail","6":"product_cat-servomotori","8":"first","9":"instock","10":"shipping-taxable","11":"product-type-simple"},"brands":[],"_links":{"self":[{"href":"https:\/\/store.todsystem.com\/es\/wp-json\/wp\/v2\/product\/1010610","targetHints":{"allow":["GET"]}}],"collection":[{"href":"https:\/\/store.todsystem.com\/es\/wp-json\/wp\/v2\/product"}],"about":[{"href":"https:\/\/store.todsystem.com\/es\/wp-json\/wp\/v2\/types\/product"}],"version-history":[{"count":5,"href":"https:\/\/store.todsystem.com\/es\/wp-json\/wp\/v2\/product\/1010610\/revisions"}],"predecessor-version":[{"id":1015062,"href":"https:\/\/store.todsystem.com\/es\/wp-json\/wp\/v2\/product\/1010610\/revisions\/1015062"}],"wp:featuredmedia":[{"embeddable":true,"href":"https:\/\/store.todsystem.com\/es\/wp-json\/wp\/v2\/media\/1012052"}],"wp:attachment":[{"href":"https:\/\/store.todsystem.com\/es\/wp-json\/wp\/v2\/media?parent=1010610"}],"wp:term":[{"taxonomy":"pwb-brand","embeddable":true,"href":"https:\/\/store.todsystem.com\/es\/wp-json\/wp\/v2\/pwb-brand?post=1010610"},{"taxonomy":"product_brand","embeddable":true,"href":"https:\/\/store.todsystem.com\/es\/wp-json\/wp\/v2\/product_brand?post=1010610"},{"taxonomy":"product_cat","embeddable":true,"href":"https:\/\/store.todsystem.com\/es\/wp-json\/wp\/v2\/product_cat?post=1010610"},{"taxonomy":"product_tag","embeddable":true,"href":"https:\/\/store.todsystem.com\/es\/wp-json\/wp\/v2\/product_tag?post=1010610"}],"curies":[{"name":"wp","href":"https:\/\/api.w.org\/{rel}","templated":true}]}}