{"id":1010609,"date":"2024-09-05T09:51:36","date_gmt":"2024-09-05T09:51:36","guid":{"rendered":"https:\/\/store.todsystem.com\/prodotto\/mx-12w\/"},"modified":"2025-06-11T11:59:51","modified_gmt":"2025-06-11T11:59:51","slug":"dynamixel-mx-12w-servomotor","status":"publish","type":"product","link":"https:\/\/store.todsystem.com\/es\/producto\/dynamixel-mx-12w-servomotor\/","title":{"rendered":"Servomotor Dynamixel MX-12W"},"content":{"rendered":"<div class=\"vgblk-rw-wrapper limit-wrapper\"> <strong>Servomotor Dynamixel MX-12W - Servomotor avanzado para proyectos de rob\u00f3tica<\/strong><\/p>\n<p>En <strong>Servomotor Dynamixel MX-12W<\/strong> representa la excelencia tecnol\u00f3gica en rob\u00f3tica gracias a la integraci\u00f3n de un microcontrolador <strong>Cortex M3 32 bits 72 MHz<\/strong>, a <strong>codificador magn\u00e9tico sin contacto<\/strong> y comunicaci\u00f3n TTL, lo que lo hace ideal para multitud de aplicaciones rob\u00f3ticas. Gracias a su innovador dise\u00f1o, este servomotor combina la <strong>dimensiones compactas<\/strong> de la serie AX con el <strong>alto rendimiento<\/strong> de la serie MX, que permite la supervisi\u00f3n avanzada de par\u00e1metros vitales como la velocidad, la temperatura, la posici\u00f3n del eje, la tensi\u00f3n y la carga.<\/p>\n<p>Utilice la <strong>Servomotor Dynamixel MX-12W<\/strong> realizar <strong>proyectos modulares<\/strong> e <strong>redes de servomotores<\/strong>proporcionando a sus robots y estructuras mec\u00e1nicas movimientos suaves y potentes, perfectos para aplicaciones en pinzas, ruedas y mucho m\u00e1s. Gracias a la <strong>TTL Comunicaci\u00f3n serie half-duplex<\/strong>puede crear una red formada por <strong>hasta 254 servomotores<\/strong> con direcciones independientes, optimizando as\u00ed sus proyectos.<\/p>\n<p>El innovador microcontrolador integrado no s\u00f3lo se encarga del control de posici\u00f3n mediante encoders, sino que tambi\u00e9n libera la placa principal del microcontrolador, permiti\u00e9ndole centrarse en otras funciones importantes. El <strong>nuevo algoritmo de control PID<\/strong> permite ajustar individualmente la velocidad y la fuerza de cada servomotor, para un control preciso y personalizado.<\/p>\n<p>El servomotor MX-12W funciona con un <strong>tensi\u00f3n de funcionamiento recomendada de 12 V<\/strong>que permite un uso sencillo junto con los servomotores de la <a href=\"https:\/\/www.robotstore.it\/Robotis\" target=\"_self\" rel=\"noopener nofollow\">Serie AX<\/a> sin necesidad de separar las fuentes de alimentaci\u00f3n.<\/p>\n<p>Este servomotor es extremadamente vers\u00e1til y funciona en <strong>modo servomotor<\/strong> con una rotaci\u00f3n de 360\u00b0, o en <strong>modo motorreductor<\/strong> con rotaci\u00f3n continua en ambas direcciones. Funciona eficazmente con un rango de tensi\u00f3n de 10 V a 14,8 V (<strong>tensi\u00f3n recomendada 12V<\/strong>) y desarrolla un par de parada @12V de aprox. <strong>2Kg-cm<\/strong> (0,2N-m), junto con una velocidad de <strong>470 rpm<\/strong>.<\/p>\n<p>La programaci\u00f3n se simplifica a\u00fan m\u00e1s con la ayuda del <a href=\"http:\/\/support.robotis.com\/en\/techsupport_eng.htm#software\/roboplus_main.htm\" target=\"_blank\" rel=\"noopener nofollow\">Software RoboPlus(R+)<\/a>.<\/p>\n<h2>Contenido del paquete<\/h2>\n<ul>\n<li>1x servomotor Dynamixel MX-12W<\/li>\n<li>1x Cable de conexi\u00f3n (longitud 20 cm)<\/li>\n<li>1x Soporte de servomotor con espaciador<\/li>\n<li>1x Juego de tornillos y tuercas para el montaje<\/li>\n<\/ul>\n<h2>Especificaciones t\u00e9cnicas<\/h2>\n<ul>\n<li>Tipo de motor: Cored<\/li>\n<li>Reductor: Pl\u00e1stico<\/li>\n<li>Tensi\u00f3n de funcionamiento: 10V~14,8V (se recomienda 12V)<\/li>\n<li>Temperatura de funcionamiento: -5\u00b0C ~ +80\u00b0C<\/li>\n<li>\u00cdndice de reducci\u00f3n: 32:1<\/li>\n<li>Par de arranque: @12V: 2,0Kg-cm (0,2N-m)<\/li>\n<li>Velocidad en vac\u00edo: @12V: 470rpm<\/li>\n<li>Corriente de parada: @12V: 0,6A<\/li>\n<li>Resoluci\u00f3n: 0,088\u00b0.<\/li>\n<li>Modo de funcionamiento:\n<ul>\n<li>Modo servomotor: rotaci\u00f3n de 360<\/li>\n<li>Modo motorreductor: rotaci\u00f3n continua en ambas direcciones<\/li>\n<\/ul>\n<\/li>\n<li>Protocolo: Comunicaci\u00f3n serie as\u00edncrona semid\u00faplex (8 bits, 1 parada, sin paridad)<\/li>\n<li>Comunicaci\u00f3n: TTL Multi Drop (conector en cascada)<\/li>\n<li>ID: 254 (0~253)<\/li>\n<li>Velocidad en baudios: 8000bps~4,5Mbps<\/li>\n<li>Datos de realimentaci\u00f3n: Posici\u00f3n, temperatura, carga, tensi\u00f3n de entrada, etc.<\/li>\n<li>Sensor de posici\u00f3n: codificador magn\u00e9tico sin contacto<\/li>\n<li>Dimensiones: 32 x 50 x 40 mm<\/li>\n<li>Peso: 55 g<\/li>\n<\/ul>\n<p><strong>N.B:<\/strong> El par de calado indicado es el valor de par est\u00e1tico m\u00e1ximo; para garantizar <strong>movimientos estables<\/strong> en sus proyectos de rob\u00f3tica, considere siempre la idoneidad de la aplicaci\u00f3n.<\/p>\n<h2>Servomotor Dynamixel MX-106T: potencia y precisi\u00f3n para sus proyectos de rob\u00f3tica<\/h2>\n<p>En <strong>Servomotor Dynamixel MX-106T<\/strong> es una opci\u00f3n excelente para ingenieros y entusiastas de la rob\u00f3tica que buscan un par y una precisi\u00f3n elevados. Ideal para aplicaciones que requieren un control preciso y una alta fiabilidad, este servomotor est\u00e1 dise\u00f1ado para desempe\u00f1ar un papel crucial en el movimiento de sus robots.<\/p>\n<p>Al dise\u00f1ar un sistema rob\u00f3tico, es fundamental tener en cuenta el uso \u00f3ptimo del par. Se recomienda no superar <strong>1\/5 del par de bloqueo<\/strong> para garantizar la longevidad y un rendimiento \u00f3ptimo.<\/p>\n<h3>Documentaci\u00f3n y recursos \u00fatiles<\/h3>\n<ul>\n<li>Para m\u00e1s informaci\u00f3n, consulte el<a href=\"http:\/\/support.robotis.com\/en\/product\/actuator\/dynamixel\/mx_series\/mx-12w.htm\" target=\"_blank\" rel=\"noopener nofollow\">e-Manual<\/a>.<\/li>\n<li>Descargue dibujos t\u00e9cnicos en los siguientes formatos:\n<ul>\n<li><a href=\"https:\/\/www.robotstore.it\/rsdocs\/documents\/Servomotore_Dynamixel_AX-12W_disegno-tecnico.pdf\" target=\"_blank\" rel=\"noopener nofollow\">PDF<\/a><\/li>\n<li><a href=\"https:\/\/www.robotstore.it\/rsdocs\/documents\/Servomotore_Dynamixel_AX-12W_disegno-tecnico(dwg).zip\" target=\"_blank\" rel=\"noopener nofollow\">DWG (.zip)<\/a><\/li>\n<\/ul>\n<\/li>\n<li>Utilice la <a href=\"http:\/\/support.robotis.com\/en\/software\/dynamixelsdk.htm\" target=\"_blank\" rel=\"noopener nofollow\">Biblioteca Dynamixel<\/a> para facilitar la integraci\u00f3n.<\/li>\n<li>Descargar el <a href=\"http:\/\/support.robotis.com\/en\/techsupport_eng.htm#software\/roboplus_main.htm\" target=\"_blank\" rel=\"noopener nofollow\">Software RoboPlus (R+)<\/a> para configurar y programar su servomotor.<\/li>\n<li>Compruebe el <a href=\"http:\/\/support.robotis.com\/en\/techsupport_eng.htm#product\/controller_main.htm\" target=\"_blank\" rel=\"noopener nofollow\">compatibilidad entre los servomotores Dynamixel y los microcontroladores Robotis<\/a>.<\/li>\n<li>Descubra c\u00f3mo <a href=\"http:\/\/support.robotis.com\/en\/product\/actuator\/dynamixel\/dxl_mx_main.htm\" target=\"_blank\" rel=\"noopener nofollow\">conectar servomotores de la serie MX<\/a> a sus proyectos de rob\u00f3tica.<\/li>\n<\/ul>\n<\/div>\n<p><!-- .vgblk-rw-wrapper --><\/p>","protected":false},"excerpt":{"rendered":"<p>Tan compacta como la serie AX, tan potente como la serie MX.<\/p>\n<p>Este servomotor ofrece un alto rendimiento y flexibilidad, gracias a su electr\u00f3nica avanzada y a la comunicaci\u00f3n TTL.<\/p>\n<p>Ideal para crear redes de servomotores y realizar proyectos de rob\u00f3tica personalizados.<\/p>\n<p>Con un par de inmovilizaci\u00f3n de 2 kg-cm, garantiza un control preciso y fiable.<\/p>","protected":false},"featured_media":1013153,"template":"","meta":[],"pwb-brand":[],"product_brand":[],"product_cat":[622],"product_tag":[],"class_list":{"0":"post-1010609","1":"product","2":"type-product","3":"status-publish","4":"has-post-thumbnail","6":"product_cat-servomotori","8":"first","9":"instock","10":"shipping-taxable","11":"product-type-simple"},"brands":[],"_links":{"self":[{"href":"https:\/\/store.todsystem.com\/es\/wp-json\/wp\/v2\/product\/1010609","targetHints":{"allow":["GET"]}}],"collection":[{"href":"https:\/\/store.todsystem.com\/es\/wp-json\/wp\/v2\/product"}],"about":[{"href":"https:\/\/store.todsystem.com\/es\/wp-json\/wp\/v2\/types\/product"}],"version-history":[{"count":5,"href":"https:\/\/store.todsystem.com\/es\/wp-json\/wp\/v2\/product\/1010609\/revisions"}],"predecessor-version":[{"id":1015061,"href":"https:\/\/store.todsystem.com\/es\/wp-json\/wp\/v2\/product\/1010609\/revisions\/1015061"}],"wp:featuredmedia":[{"embeddable":true,"href":"https:\/\/store.todsystem.com\/es\/wp-json\/wp\/v2\/media\/1013153"}],"wp:attachment":[{"href":"https:\/\/store.todsystem.com\/es\/wp-json\/wp\/v2\/media?parent=1010609"}],"wp:term":[{"taxonomy":"pwb-brand","embeddable":true,"href":"https:\/\/store.todsystem.com\/es\/wp-json\/wp\/v2\/pwb-brand?post=1010609"},{"taxonomy":"product_brand","embeddable":true,"href":"https:\/\/store.todsystem.com\/es\/wp-json\/wp\/v2\/product_brand?post=1010609"},{"taxonomy":"product_cat","embeddable":true,"href":"https:\/\/store.todsystem.com\/es\/wp-json\/wp\/v2\/product_cat?post=1010609"},{"taxonomy":"product_tag","embeddable":true,"href":"https:\/\/store.todsystem.com\/es\/wp-json\/wp\/v2\/product_tag?post=1010609"}],"curies":[{"name":"wp","href":"https:\/\/api.w.org\/{rel}","templated":true}]}}