{"id":1010601,"date":"2024-09-05T09:51:36","date_gmt":"2024-09-05T09:51:36","guid":{"rendered":"https:\/\/store.todsystem.com\/prodotto\/h54p-200-s500-r\/"},"modified":"2025-06-11T11:59:51","modified_gmt":"2025-06-11T11:59:51","slug":"servomotore-dynamixel-p-ph54-200-s500-r","status":"publish","type":"product","link":"https:\/\/store.todsystem.com\/es\/producto\/servomotore-dynamixel-p-ph54-200-s500-r\/","title":{"rendered":"Servomotor Dynamixel-P PH54-200-S500-R"},"content":{"rendered":"<div class=\"vgblk-rw-wrapper limit-wrapper\">\n<h2><span>Servomotore Innovativo Dynamixel-P H54P-200-S500-R: Scopri le Prestazioni Superiori<\/span><\/h2>\n<p><span>La serie <\/span><span>Dynamixel-P<\/span><span> migliora l&#8217;efficienza dei servomotori, offrendo vantaggi significativi rispetto ai modelli precedenti, come il <a class=\"catalogue\" title=\"Servomotores Dynamixel-P\" href=\"https:\/\/www.generationrobots.com\/fr\/216-servomoteurs-dynamixel-p\" rel=\"nofollow noopener\" target=\"_blank\"><span>Dynamixel-P<\/span><\/a>. <\/span><\/p>\n<p><span>Conosciuto per le sue 5 modalit\u00e0 di controllo, questo servomotore si distingue per una risoluzione amplificata, progettata per soddisfare le elevatissime esigenze della robotica industriale moderna. Il <\/span><span>Dynamixel H54-200-S500-R<\/span><span> offre un incremento della risoluzione del 100% rispetto al predecessore, mantenendo una velocit\u00e0 di rotazione e una coppia ai vertici del settore.<\/span><\/p>\n<h2><span>Servomotore Dynamixel-P H54P-200-S500-R: Elevati Standard per Applicazioni Avanzate<\/span><\/h2>\n<p><span>En <strong>Servomotor Dynamixel-P H54P-200-S500-R<\/strong> garantisce una risoluzione impressionante di oltre 1 milione di impulsi per giro, rendendolo ideale per operazioni delicate in ambienti industriali e applicazioni di robotica avanzata.<\/span><\/p>\n<p><span>Dotato di una comunicazione RS-485 stabile ed efficiente, questo servomotore ad alte prestazioni offre controlli per velocit\u00e0, coppia, e posizione, permettendoti di personalizzarlo in base alle tue necessit\u00e0. \u00c8 completamente programmabile e facilmente adattabile a diverse configurazioni, per integrarsi perfettamente nei tuoi progetti innovativi.<\/span><\/p>\n<h2><span>Specifiche Tecniche del Servomotore Dynamixel-P H54P-200-S500-R<\/span><\/h2>\n<ul>\n<li><span><strong>Tipo di motore:<\/strong> BLDC Maxon<\/span><\/li>\n<li><span><strong>Velocidad de transmisi\u00f3n:<\/strong> da 9600 bps a 10,5 Mbps<\/span><\/li>\n<li><span><strong>Modos de funcionamiento:<\/strong>\n<ul>\n<li><span>Control de par<\/span><\/li>\n<li><span>Control de velocidad<\/span><\/li>\n<li><span>Control de posici\u00f3n<\/span><\/li>\n<li><span>Control de posici\u00f3n ampliado<\/span><\/li>\n<li><span>Controllo PWM (tensione)<\/span><\/li>\n<\/ul>\n<p><\/span><\/li>\n<li><span><strong>Peso:<\/strong> 855 g<\/span><\/li>\n<li><span><strong>Dimensiones:<\/strong> 54 x 126 x 54 mm<\/span><\/li>\n<li><span><strong>Resoluci\u00f3n:<\/strong> 1.003.846 impulsi per giro<\/span><\/li>\n<li><span><strong>Coeficiente de reducci\u00f3n:<\/strong> 501,923:1<\/span><\/li>\n<li><span><strong>Gioco angolare:<\/strong> &lt;6 [arcmin], 0,1 [\u00b0]<\/span><\/li>\n<li><span><strong>Carico radiale:<\/strong> 370 [N] (a 10 [mm] dal timone)<\/span><\/li>\n<li><span><strong>Carico assiale:<\/strong> 130 [N]<\/span><\/li>\n<li><span><strong>Velocidad en vac\u00edo:<\/strong> 33,1 [giri\/min]<\/span><\/li>\n<li><span><strong>Corriente en vac\u00edo:<\/strong> 1,65 [A]<\/span><\/li>\n<li><span><strong>Velocit\u00e0 continua:<\/strong> 29 [giri\/min]<\/span><\/li>\n<li><span><strong>Coppia continua:<\/strong> 44,7 [Nm]<\/span><\/li>\n<li><span><strong>Corrente continua:<\/strong> 9,3 [A]<\/span><\/li>\n<li><span><strong>Potenza:<\/strong> 200 [W]<\/span><\/li>\n<li><span><strong>Temperatura de funcionamiento:<\/strong> -5 ~ 55 [\u00b0C]<\/span><\/li>\n<li><span><strong>Voltaggio in ingresso:<\/strong> 24 [V]<\/span><\/li>\n<li><span><strong>Se\u00f1al de control:<\/strong> paquete digital<\/span><\/li>\n<li><span><strong>Protocolo:<\/strong> comunicazione seriale asincrona RS485 (8 bit, 1 stop, nessuna parit\u00e0)<\/span><\/li>\n<li><span><strong>Connessione fisica:<\/strong> bus multidrop RS485<\/span><\/li>\n<li><span><strong>ID:<\/strong> 253 ID (0 ~ 252)<\/span><\/li>\n<li><span><strong>Corrente in standby:<\/strong> 40 [mA]<\/span><\/li>\n<\/ul>\n<\/div>\n<p><!-- .vgblk-rw-wrapper --><\/p>","protected":false},"excerpt":{"rendered":"<p>El Dynamixel-P H54P-200-S500-R es un servomotor de \u00faltima generaci\u00f3n dise\u00f1ado para ofrecer un rendimiento excepcional y la m\u00e1xima precisi\u00f3n.<\/p>\n<p>Ideal para los usuarios m\u00e1s exigentes, este servo motorizado permite un control granular de cada movimiento, gracias a su alta resoluci\u00f3n y elevado par. Perfecto para proyectos rob\u00f3ticos avanzados y aplicaciones industriales que requieren fiabilidad y rendimiento sin concesiones.<\/p>","protected":false},"featured_media":1012029,"template":"","meta":[],"pwb-brand":[],"product_brand":[],"product_cat":[622],"product_tag":[],"class_list":{"0":"post-1010601","1":"product","2":"type-product","3":"status-publish","4":"has-post-thumbnail","6":"product_cat-servomotori","8":"first","9":"instock","10":"shipping-taxable","11":"product-type-simple"},"brands":[],"_links":{"self":[{"href":"https:\/\/store.todsystem.com\/es\/wp-json\/wp\/v2\/product\/1010601","targetHints":{"allow":["GET"]}}],"collection":[{"href":"https:\/\/store.todsystem.com\/es\/wp-json\/wp\/v2\/product"}],"about":[{"href":"https:\/\/store.todsystem.com\/es\/wp-json\/wp\/v2\/types\/product"}],"version-history":[{"count":7,"href":"https:\/\/store.todsystem.com\/es\/wp-json\/wp\/v2\/product\/1010601\/revisions"}],"predecessor-version":[{"id":1015053,"href":"https:\/\/store.todsystem.com\/es\/wp-json\/wp\/v2\/product\/1010601\/revisions\/1015053"}],"wp:featuredmedia":[{"embeddable":true,"href":"https:\/\/store.todsystem.com\/es\/wp-json\/wp\/v2\/media\/1012029"}],"wp:attachment":[{"href":"https:\/\/store.todsystem.com\/es\/wp-json\/wp\/v2\/media?parent=1010601"}],"wp:term":[{"taxonomy":"pwb-brand","embeddable":true,"href":"https:\/\/store.todsystem.com\/es\/wp-json\/wp\/v2\/pwb-brand?post=1010601"},{"taxonomy":"product_brand","embeddable":true,"href":"https:\/\/store.todsystem.com\/es\/wp-json\/wp\/v2\/product_brand?post=1010601"},{"taxonomy":"product_cat","embeddable":true,"href":"https:\/\/store.todsystem.com\/es\/wp-json\/wp\/v2\/product_cat?post=1010601"},{"taxonomy":"product_tag","embeddable":true,"href":"https:\/\/store.todsystem.com\/es\/wp-json\/wp\/v2\/product_tag?post=1010601"}],"curies":[{"name":"wp","href":"https:\/\/api.w.org\/{rel}","templated":true}]}}