{"id":1010598,"date":"2024-09-05T09:51:36","date_gmt":"2024-09-05T09:51:36","guid":{"rendered":"https:\/\/store.todsystem.com\/prodotto\/mx-106r-6pcs-bulk\/"},"modified":"2025-06-11T11:59:51","modified_gmt":"2025-06-11T11:59:51","slug":"pack-de-6-servomotores-dynamixel-mx-106r","status":"publish","type":"product","link":"https:\/\/store.todsystem.com\/es\/producto\/pack-de-6-servomotores-dynamixel-mx-106r\/","title":{"rendered":"Lote de 6 servomotores Dynamixel MX-106R"},"content":{"rendered":"<div class=\"vgblk-rw-wrapper limit-wrapper\">\n<h2>Lote de 6 servomotores Dynamixel MX-106R<\/h2>\n<p>Descubre nuestra <strong>Paquete de 6 servomotores Dynamixel MX-106R<\/strong>dise\u00f1ados para ofrecer un alto rendimiento y versatilidad en sus proyectos de rob\u00f3tica y automatizaci\u00f3n. Estos servomotores de alta calidad son ideales para aplicaciones que requieren accionamientos precisos y fiables.<\/p>\n<p>Tenga en cuenta que el <strong>Servomotores Dynamixel MX-106R<\/strong> se entregan sin accesorios, como tornillos, separadores o cables. En nuestro cat\u00e1logo en l\u00ednea encontrar\u00e1 f\u00e1cilmente todos los accesorios necesarios para completar su kit y optimizar su construcci\u00f3n.<\/p>\n<p>Estos servomotores son perfectos para desarrolladores, aficionados y estudiantes que deseen realizar proyectos innovadores y de calidad. Aproveche el potencial de <a class=\"catalogue\" title=\"Servomotor Dynamixel MX-106R\" href=\"https:\/\/www.generationrobots.com\/it\/401078-servomotore-dynamixel-mx-106r.html\" rel=\"nofollow noopener\" target=\"_blank\">Servomotores Dynamixel<\/a> y lleve sus robots al siguiente nivel.<\/p>\n<p><meta name=\"description\" content=\"Compre el pack de 6 servomotores Dynamixel MX-106R, perfecto para proyectos de rob\u00f3tica. Los accesorios deben adquirirse por separado.\"><\/div>\n<p><!-- .vgblk-rw-wrapper --><\/p>","protected":false},"excerpt":{"rendered":"<p>Paquete de 6 servomotores Dynamixel MX-106R, la elecci\u00f3n ideal para proyectos rob\u00f3ticos avanzados. Estos potentes actuadores ofrecen un control preciso y un par elevado, perfectos para movimientos suaves y complejos.  No se incluyen tornillos, espaciadores ni cables, que deben adquirirse en otro lugar de este sitio.<\/p>","protected":false},"featured_media":1012200,"template":"","meta":[],"pwb-brand":[],"product_brand":[],"product_cat":[622],"product_tag":[],"class_list":{"0":"post-1010598","1":"product","2":"type-product","3":"status-publish","4":"has-post-thumbnail","6":"product_cat-servomotori","8":"first","9":"instock","10":"shipping-taxable","11":"product-type-simple"},"brands":[],"_links":{"self":[{"href":"https:\/\/store.todsystem.com\/es\/wp-json\/wp\/v2\/product\/1010598","targetHints":{"allow":["GET"]}}],"collection":[{"href":"https:\/\/store.todsystem.com\/es\/wp-json\/wp\/v2\/product"}],"about":[{"href":"https:\/\/store.todsystem.com\/es\/wp-json\/wp\/v2\/types\/product"}],"version-history":[{"count":6,"href":"https:\/\/store.todsystem.com\/es\/wp-json\/wp\/v2\/product\/1010598\/revisions"}],"predecessor-version":[{"id":1015050,"href":"https:\/\/store.todsystem.com\/es\/wp-json\/wp\/v2\/product\/1010598\/revisions\/1015050"}],"wp:featuredmedia":[{"embeddable":true,"href":"https:\/\/store.todsystem.com\/es\/wp-json\/wp\/v2\/media\/1012200"}],"wp:attachment":[{"href":"https:\/\/store.todsystem.com\/es\/wp-json\/wp\/v2\/media?parent=1010598"}],"wp:term":[{"taxonomy":"pwb-brand","embeddable":true,"href":"https:\/\/store.todsystem.com\/es\/wp-json\/wp\/v2\/pwb-brand?post=1010598"},{"taxonomy":"product_brand","embeddable":true,"href":"https:\/\/store.todsystem.com\/es\/wp-json\/wp\/v2\/product_brand?post=1010598"},{"taxonomy":"product_cat","embeddable":true,"href":"https:\/\/store.todsystem.com\/es\/wp-json\/wp\/v2\/product_cat?post=1010598"},{"taxonomy":"product_tag","embeddable":true,"href":"https:\/\/store.todsystem.com\/es\/wp-json\/wp\/v2\/product_tag?post=1010598"}],"curies":[{"name":"wp","href":"https:\/\/api.w.org\/{rel}","templated":true}]}}