{"id":1010595,"date":"2024-09-05T09:51:36","date_gmt":"2024-09-05T09:51:36","guid":{"rendered":"https:\/\/store.todsystem.com\/prodotto\/mx-64t-6pcs-bulk\/"},"modified":"2025-06-11T11:59:50","modified_gmt":"2025-06-11T11:59:50","slug":"confezione-di-6-servomotori-mx-64t-dynamixel","status":"publish","type":"product","link":"https:\/\/store.todsystem.com\/es\/producto\/confezione-di-6-servomotori-mx-64t-dynamixel\/","title":{"rendered":"Lote de 6 servomotores MX-64T Dynamixel"},"content":{"rendered":"<div class=\"vgblk-rw-wrapper limit-wrapper\">\n<h2>Confezione di 6 Servomotori Dynamixel MX-64R: Prestazioni Avanzate per il Tuo Robot Mobile<\/h2>\n<p>Se desideri costruire il <strong>robot mobile dei tuoi sogni<\/strong>El <strong>confezione di 6 servomotori Dynamixel MX-64R<\/strong> \u00e8 la scelta ideale. Con queste caratteristiche, il tuo robot raggiunger\u00e0 performance senza precedenti:<\/p>\n<ul>\n<li>Controllo di velocit\u00e0 e posizione senza pari grazie a una risoluzione eccezionale.<\/li>\n<li>Costruiti con un alloggiamento in alluminio di alta qualit\u00e0, leggeri e resistenti al surriscaldamento.<\/li>\n<li>Collegamento RS-485 multi-drop che garantisce comunicazione fluida e immediata.<\/li>\n<li>Velocit\u00e0 di trasmissione dati fino a 4,5 Mbps, per operazioni rapide ed efficienti!<\/li>\n<\/ul>\n<p>I servomotori Dynamixel MX-64R mantengono le stesse dimensioni del servo RX-64, garantendo un&#8217;eccellente compatibilit\u00e0 con telai, staffe di montaggio e accessori.<\/p>\n<p>**Nota:** Questa confezione include esclusivamente 6 servomotori senza accessori tradizionali come <a class=\"catalogue\" title=\"Fuente de alimentaci\u00f3n para componentes Dynamixel y servomotores\" href=\"https:\/\/www.generationrobots.com\/it\/134-moduli-e-parti-dynamixel\" rel=\"nofollow noopener\" target=\"_blank\">tornillos, marcos y cruces<\/a>. Solo servomotori nudi sono inclusi.<\/p>\n<h2>Inizia con i 6 Servomotori MX-64R: Versatilit\u00e0 Illimitata<\/h2>\n<p>Dai vita a progetti innovativi come robot a 6 ruote, treppiedi filanti, bracci articolati o robot umanoidi; con i <a class=\"catalogue\" title=\"Servomotor Dynamixel MX-64R\" href=\"https:\/\/www.generationrobots.com\/it\/401081-servomotore-dynamixel-mx-64r.html\" rel=\"nofollow noopener\" target=\"_blank\">Servomotores Dynamixel MX-64R<\/a> le possibilit\u00e0 sono infinite! Disponibili in varie forme e dimensioni, questi servomotori sono progettati per essere utilizzati in sinergia, aumentando le potenzialit\u00e0 del tuo progetto.<\/p>\n<p>Ogni servomotore MX-64R \u00e8 dotato di un sensore di posizione assoluta senza contatto con precisione a 12 bit, permettendo un controllo della posizione a 360\u00b0 e una rotazione continua con stima della coppia basata sulla corrente.<\/p>\n<p>Il controllo PID (\u00a0<a class=\"catalogue\" title=\"Articolo di Wikipedia sul regolatore proporzionale integrale derivato utilizzato nel servomotore Dynamixel MX-64R\" href=\"http:\/\/fr.wikipedia.org\/wiki\/R%C3%A9gulateur_PID\" rel=\"nofollow noopener\" target=\"_blank\">integral proporcional derivada<\/a>) \u00e8 altamente regolabile, consentendo di modificare i parametri per ogni motore. I servomotori supportano anche il protocollo di comunicazione RS485, rendendo l\u2019integrazione semplice e veloce.<\/p>\n<h2>Specifiche Tecniche dei Servomotori 6 902-0070-000<\/h2>\n<ul>\n<li>Peso: 126 g<\/li>\n<li>Dimensiones: 40,2 x 61,1 x 41 mm<\/li>\n<li>\u00cdndice de reducci\u00f3n: 200 : 1<\/li>\n<li>Par de bloqueo (N.m): 5,5 @ 10 V; 6 @ 12 V; 7,3 @ 14,8 V<\/li>\n<li>Corriente de calado (A): 3,9 @ 10 V; 4,1 @ 12 V; 5,2 @ 14,8 V<\/li>\n<li>Velocidad en vac\u00edo (RPM): 58 @ 10 V; 63 @ 12 V; 78 @ 14,8 V<\/li>\n<li>Motor Maxon<\/li>\n<li>Angolo di controllo minimo: circa 0,088\u00b0 x 4,096<\/li>\n<li>\u00c1mbito de actuaci\u00f3n:\n<ul>\n<li>Modo de accionamiento: 360<\/li>\n<li>Modo servo: rotaci\u00f3n continua<\/li>\n<li>Tensi\u00f3n de funcionamiento: de 10 a 14,8 V (tensi\u00f3n recomendada: 12 V)<\/li>\n<li>Temperatura de funcionamiento: de -5\u00b0C a 80\u00b0C<\/li>\n<li>Se\u00f1al digital de control del paquete<\/li>\n<li>Protocollo di comunicazione: RS485 (seriale asincrona: 8 bit, 1 stop, nessuna parit\u00e0)<\/li>\n<li>Conexi\u00f3n: bus RS-485 multipunto<\/li>\n<li>254 ID (0-253)<\/li>\n<li>Tasso di trasmissione: 8000 bps a circa 4,5 Mbps<\/li>\n<li>Funciones de realimentaci\u00f3n: posici\u00f3n, temperatura, carga, tensi\u00f3n de alimentaci\u00f3n, etc.<\/li>\n<li>Carcasa de pl\u00e1stico industrial<\/li>\n<li>Engranajes met\u00e1licos<\/li>\n<li>Sensor de posici\u00f3n: encoder absoluto sin contacto AMS<\/li>\n<li>Posici\u00f3n por defecto: ID#1 - 57600 bps<\/li>\n<\/ul>\n<\/li>\n<\/ul>\n<p>&nbsp;<\/p><\/div>\n<p><!-- .vgblk-rw-wrapper --><\/p>","protected":false},"excerpt":{"rendered":"<p>Este pack de 6 servomotores le ofrece todo lo que necesita para construir robots de alto rendimiento.<\/p>\n<p>Gracias a la comunicaci\u00f3n RS-485 y a sus avanzadas prestaciones, los MX-64T son perfectos para realizar proyectos rob\u00f3ticos din\u00e1micos y precisos<\/p>","protected":false},"featured_media":1012209,"template":"","meta":[],"pwb-brand":[],"product_brand":[],"product_cat":[622],"product_tag":[],"class_list":{"0":"post-1010595","1":"product","2":"type-product","3":"status-publish","4":"has-post-thumbnail","6":"product_cat-servomotori","8":"first","9":"instock","10":"shipping-taxable","11":"product-type-simple"},"brands":[],"_links":{"self":[{"href":"https:\/\/store.todsystem.com\/es\/wp-json\/wp\/v2\/product\/1010595","targetHints":{"allow":["GET"]}}],"collection":[{"href":"https:\/\/store.todsystem.com\/es\/wp-json\/wp\/v2\/product"}],"about":[{"href":"https:\/\/store.todsystem.com\/es\/wp-json\/wp\/v2\/types\/product"}],"version-history":[{"count":6,"href":"https:\/\/store.todsystem.com\/es\/wp-json\/wp\/v2\/product\/1010595\/revisions"}],"predecessor-version":[{"id":1015069,"href":"https:\/\/store.todsystem.com\/es\/wp-json\/wp\/v2\/product\/1010595\/revisions\/1015069"}],"wp:featuredmedia":[{"embeddable":true,"href":"https:\/\/store.todsystem.com\/es\/wp-json\/wp\/v2\/media\/1012209"}],"wp:attachment":[{"href":"https:\/\/store.todsystem.com\/es\/wp-json\/wp\/v2\/media?parent=1010595"}],"wp:term":[{"taxonomy":"pwb-brand","embeddable":true,"href":"https:\/\/store.todsystem.com\/es\/wp-json\/wp\/v2\/pwb-brand?post=1010595"},{"taxonomy":"product_brand","embeddable":true,"href":"https:\/\/store.todsystem.com\/es\/wp-json\/wp\/v2\/product_brand?post=1010595"},{"taxonomy":"product_cat","embeddable":true,"href":"https:\/\/store.todsystem.com\/es\/wp-json\/wp\/v2\/product_cat?post=1010595"},{"taxonomy":"product_tag","embeddable":true,"href":"https:\/\/store.todsystem.com\/es\/wp-json\/wp\/v2\/product_tag?post=1010595"}],"curies":[{"name":"wp","href":"https:\/\/api.w.org\/{rel}","templated":true}]}}