{"id":1010594,"date":"2024-09-05T09:51:35","date_gmt":"2024-09-05T09:51:35","guid":{"rendered":"https:\/\/store.todsystem.com\/prodotto\/mx-28r-6pcs-bulk\/"},"modified":"2025-06-11T11:59:52","modified_gmt":"2025-06-11T11:59:52","slug":"confezione-da-6-servomotori-dynamixel-mx-28r","status":"publish","type":"product","link":"https:\/\/store.todsystem.com\/es\/producto\/confezione-da-6-servomotori-dynamixel-mx-28r\/","title":{"rendered":"Lote de 6 servomotores Dynamixel MX-28R"},"content":{"rendered":"<div class=\"vgblk-rw-wrapper limit-wrapper\">\n<h2>Servomotore Dynamixel MX-28R: L&#8217;alternativa Potente e Versatile<\/h2>\n<p>Descubre la <strong><a class=\"catalogue\" title=\"Servomotor Dynamixel MX-28R\" href=\"https:\/\/www.generationrobots.com\/it\/401088-servomotore-dynamixel-mx-28r-robotis.html\" rel=\"nofollow noopener\" target=\"_blank\">Servomotor Dynamixel MX-28R<\/a><\/strong>, un&#8217;evoluzione del popolare MX-28T che integra il protocollo di comunicazione RS485 per una maggiore efficienza. Realizzato con un alloggiamento in plastica ingegnerizzata e ingranaggi metallici di alta qualit\u00e0, questo servomotore offre prestazioni elevate e compatibilit\u00e0 con una vasta gamma di applicazioni robotiche.<\/p>\n<h2>Caratteristiche Avanzate per Prestazioni Ottimali<\/h2>\n<p>Il servomotore MX-28R \u00e8 equipaggiato con un driver integrato e un encoder assoluto senza contatto, garantendo a utenti e sviluppatori un\u2019esperienza di programmazione fluida e reattiva. Il supporto per la retroazione programmabile permette di personalizzare il funzionamento in base alle esigenze specifiche del tuo progetto. <\/p>\n<p>A differenza del modello precedente, l\u2019MX-28T, l&#8217;MX-28R utilizza il bus Multi Drop RS485, consentendo una comunicazione pi\u00f9 rapida e affidabile tra pi\u00f9 servomotori. <\/p>\n<p>**Nota Importante:** Questa confezione include solo 6 servomotori senza accessori tradizionali: <a class=\"catalogue\" title=\"Fuente de alimentaci\u00f3n para componentes Dynamixel y servomotores\" href=\"https:\/\/www.generationrobots.com\/it\/134-moduli-e-parti-dynamixel\" rel=\"nofollow noopener\" target=\"_blank\">tornillos, marcos y cruces<\/a> non sono inclusi.<\/p>\n<h2>Vasta Gamma di Opzioni di Programmazione<\/h2>\n<p>I servomotori Dynamixel della nuova generazione possono essere programmati non solo mediante l&#8217;applicazione RoboPlus, ma anche utilizzando il linguaggio di programmazione C. Puoi anche trovare un Kit di Sviluppo Software-SDK compatibile con l\u2019MX-28R nella nostra sezione risorse.<\/p>\n<h2>Specifiche Tecniche del Servomotore MX-28R<\/h2>\n<ul>\n<li>Peso: 72 g<\/li>\n<li>Dimensioni: 35,6 x 50,6 x 35,5 mm<\/li>\n<li>Rapporto di riduzione: 193:1<\/li>\n<li>Coppia di stallo (N\u00b7m): 2,3 @ 10 V; 2,5 @ 12 V; 3,1 @ 14,8 V<\/li>\n<li>Corrente di stallo (A): 1,3 @ 10 V; 1,4 @ 12 V; 1,7 @ 14,8 V<\/li>\n<li>Velocidad en vac\u00edo (RPM): 50 @ 10 V; 55 @ 12 V; 67 @ 14,8 V<\/li>\n<li>Motor: Maxon<\/li>\n<li>\u00c1ngulo m\u00ednimo de control: aprox. 0,088\u00b0 x 4,096<\/li>\n<li>Rango de funcionamiento:<\/li>\n<li>Modo de accionamiento: 360<\/li>\n<li>Modalit\u00e0 servomotore: rotazione continua<\/li>\n<li>Tensi\u00f3n de funcionamiento: de 10 a 14,8 V (tensi\u00f3n recomendada: 12 V)<\/li>\n<li>Temperatura de funcionamiento: de -5\u00b0C a 80\u00b0C<\/li>\n<li>Se\u00f1al de control: paquete digital<\/li>\n<li>Protocolo de comunicaci\u00f3n: RS485 (comunicaci\u00f3n serie as\u00edncrona: 8 bits, 1 parada, sin paridad)<\/li>\n<li>Collegamento: bus RS-485 Multi Drop<\/li>\n<li>254 ID (0-253)<\/li>\n<li>Velocit\u00e0 di trasmissione: da 8000 bps fino a 4,5 Mbps<\/li>\n<li>Funciones de realimentaci\u00f3n: posici\u00f3n, temperatura, carga, tensi\u00f3n de alimentaci\u00f3n, etc.<\/li>\n<li>Custodia: industriale in plastica<\/li>\n<li>Engranajes: metal<\/li>\n<li>Sensor de posici\u00f3n: encoder absoluto sin contacto AMS<\/li>\n<li>Posici\u00f3n por defecto: ID#1 - 57600 bps<\/li>\n<\/ul>\n<\/div>\n<p><!-- .vgblk-rw-wrapper --><\/p>","protected":false},"excerpt":{"rendered":"<p>Cada servomotor integra reductor, excitador y controlador, ofreciendo un alto rendimiento y flexibilidad en un paquete compacto.<\/p>\n<p>Ideal para robots m\u00f3viles y aplicaciones que requieren un control preciso y fiable.<\/p>","protected":false},"featured_media":1011998,"template":"","meta":[],"pwb-brand":[],"product_brand":[],"product_cat":[622],"product_tag":[],"class_list":{"0":"post-1010594","1":"product","2":"type-product","3":"status-publish","4":"has-post-thumbnail","6":"product_cat-servomotori","8":"first","9":"instock","10":"shipping-taxable","11":"product-type-simple"},"brands":[],"_links":{"self":[{"href":"https:\/\/store.todsystem.com\/es\/wp-json\/wp\/v2\/product\/1010594","targetHints":{"allow":["GET"]}}],"collection":[{"href":"https:\/\/store.todsystem.com\/es\/wp-json\/wp\/v2\/product"}],"about":[{"href":"https:\/\/store.todsystem.com\/es\/wp-json\/wp\/v2\/types\/product"}],"version-history":[{"count":5,"href":"https:\/\/store.todsystem.com\/es\/wp-json\/wp\/v2\/product\/1010594\/revisions"}],"predecessor-version":[{"id":1015075,"href":"https:\/\/store.todsystem.com\/es\/wp-json\/wp\/v2\/product\/1010594\/revisions\/1015075"}],"wp:featuredmedia":[{"embeddable":true,"href":"https:\/\/store.todsystem.com\/es\/wp-json\/wp\/v2\/media\/1011998"}],"wp:attachment":[{"href":"https:\/\/store.todsystem.com\/es\/wp-json\/wp\/v2\/media?parent=1010594"}],"wp:term":[{"taxonomy":"pwb-brand","embeddable":true,"href":"https:\/\/store.todsystem.com\/es\/wp-json\/wp\/v2\/pwb-brand?post=1010594"},{"taxonomy":"product_brand","embeddable":true,"href":"https:\/\/store.todsystem.com\/es\/wp-json\/wp\/v2\/product_brand?post=1010594"},{"taxonomy":"product_cat","embeddable":true,"href":"https:\/\/store.todsystem.com\/es\/wp-json\/wp\/v2\/product_cat?post=1010594"},{"taxonomy":"product_tag","embeddable":true,"href":"https:\/\/store.todsystem.com\/es\/wp-json\/wp\/v2\/product_tag?post=1010594"}],"curies":[{"name":"wp","href":"https:\/\/api.w.org\/{rel}","templated":true}]}}