{"id":1010586,"date":"2024-09-05T09:51:34","date_gmt":"2024-09-05T09:51:34","guid":{"rendered":"https:\/\/store.todsystem.com\/prodotto\/mx-64t\/"},"modified":"2025-06-11T11:59:53","modified_gmt":"2025-06-11T11:59:53","slug":"servomotor-dynamixel-mx-64t","status":"publish","type":"product","link":"https:\/\/store.todsystem.com\/es\/producto\/servomotor-dynamixel-mx-64t\/","title":{"rendered":"Servomotor Dynamixel MX-64T"},"content":{"rendered":"<div class=\"vgblk-rw-wrapper limit-wrapper\">\n<h2>Servomotor Dynamixel MX-64T para rob\u00f3tica avanzada<\/h2>\n<p>Descubre la <strong>Servomotor Dynamixel MX-64T<\/strong>una excelencia de ingenier\u00eda dise\u00f1ada para satisfacer los requisitos m\u00e1s exigentes en el campo de la rob\u00f3tica. Con un rendimiento superior al de su predecesora, la <a class=\"catalogue\" title=\"Servomotor Dynamixel MX-64R\" href=\"https:\/\/www.generationrobots.com\/it\/401081-servomotore-dynamixel-mx-64r.html\" rel=\"nofollow noopener\" target=\"_blank\">MX-64R<\/a>este servomotor integra un <strong>sistema de control PID adaptable<\/strong> y un <strong>Codificador absoluto sin contacto<\/strong> que ofrece una resoluci\u00f3n de 12 bits, lo que garantiza una precisi\u00f3n inigualable en cada movimiento.<\/p>\n<p>Gracias a su <strong>Control de posici\u00f3n de 360<\/strong> y el <strong>estimaci\u00f3n del par basada en la corriente<\/strong>El MX-64T es la elecci\u00f3n ideal para robots aut\u00f3nomos, brazos rob\u00f3ticos y cualquier aplicaci\u00f3n que requiera un <strong>control de movimiento fiable<\/strong>. Admite el <strong>TTL de alta velocidad (hasta 3 Mbps)<\/strong>compatible con una gama de controladores que incluye <strong>CM-510<\/strong>, <strong>CM-530<\/strong> e <strong>CM-700<\/strong>.<\/p>\n<h3>Especificaciones t\u00e9cnicas del servomotor Dynamixel MX-64T<\/h3>\n<ul>\n<li><strong>MCU<\/strong> ST CORTEX-M3 (ST32F103C8 @ 72MHz, 32BIT)<\/li>\n<li><strong>Motor<\/strong> : Maxon<\/li>\n<li><strong>Sensor de posici\u00f3n<\/strong> Codificador absoluto sin contacto (12BIT, 360 grados)<\/li>\n<li><strong>Par<\/strong> : 5,5N.m (11,1V, 3,9A); 6,0N.m (12V, 4,1A); 7,3N.m (14,8V, 5,2A)<\/li>\n<li><strong>Velocidad en vac\u00edo<\/strong> : 58 rpm (11,1 V), 63 rpm (12 V), 78 rpm (14,8 V)<\/li>\n<li><strong>Resoluci\u00f3n<\/strong> : 0.088\u00b0 x 4.096<\/li>\n<li><strong>Amplitud de movimiento<\/strong> : 360\u00b0<\/li>\n<li><strong>Algoritmo de control<\/strong> PID<\/li>\n<li><strong>Comando<\/strong> paquete digital, velocidad de transmisi\u00f3n: 8000 bps - 3 Mbps<\/li>\n<li><strong>Protocolo<\/strong> Comunicaci\u00f3n serie as\u00edncrona semid\u00faplex (8 bits, 1 parada, sin paridad)<\/li>\n<li><strong>Conexi\u00f3n f\u00edsica<\/strong> Ca\u00edda m\u00faltiple del nivel de bus TTL<\/li>\n<li><strong>Peso<\/strong> : 126g<\/li>\n<li><strong>Tensi\u00f3n<\/strong> : 10 ~ 14,8V (Tensi\u00f3n recomendada 12V)<\/li>\n<li><strong>Relaci\u00f3n de transmisi\u00f3n<\/strong> : 200 : 1<\/li>\n<li><strong>ID<\/strong> : 254 ID (0-253)<\/li>\n<li><strong>Comentarios<\/strong> Posici\u00f3n, temperatura, carga, tensi\u00f3n de entrada, corriente, etc.<\/li>\n<li><strong>Consumo en espera<\/strong> 100 mA<\/li>\n<li><strong>Dimensiones<\/strong> : 40,2mm x 61,1mm x 41mm (descubre las dimensiones exactas <a class=\"catalogue\" href=\"https:\/\/www.generationrobots.com\/media\/servomoteur-dynamixel-mx-64R-robotis.pdf\" target=\"_blank\" rel=\"noreferrer noopener nofollow\">aqu\u00ed<\/a>)<\/li>\n<li><strong>Material<\/strong> engranajes met\u00e1licos, carcasa de pl\u00e1stico t\u00e9cnico<\/li>\n<\/ul>\n<h2>Comparaci\u00f3n de servomotores Dynamixel<\/h2>\n<p>\u00bfQuiere saber m\u00e1s sobre c\u00f3mo elegir el servomotor adecuado para su proyecto? Eche un vistazo a nuestro <a class=\"catalogue\" title=\"\u00bfC\u00f3mo elegir un servomotor Dynamixel?\" href=\"https:\/\/www.generationrobots.com\/blog\/en\/how-to-choose-the-right-dynamixel-servomotor\/\" target=\"_blank\" rel=\"noreferrer noopener nofollow\">Comparaci\u00f3n detallada de los servomotores Dynamixel<\/a>donde analizamos las especificaciones y prestaciones de los distintos modelos para ayudarle a elegir la mejor opci\u00f3n.<\/p>\n<\/div>\n<p><!-- .vgblk-rw-wrapper --><\/p>","protected":false},"excerpt":{"rendered":"<p>El Dynamixel MX-64T: potencia y precisi\u00f3n en un solo servomotor.<\/p>\n<p>Ofrece un control avanzado y un rendimiento superior al MX-28T, al tiempo que mantiene un perfil compacto.<\/p>\n<p>Ideal para proyectos rob\u00f3ticos que requieren un equilibrio \u00f3ptimo entre potencia y precisi\u00f3n.<\/p>","protected":false},"featured_media":1011955,"template":"","meta":[],"pwb-brand":[],"product_brand":[],"product_cat":[622],"product_tag":[],"class_list":{"0":"post-1010586","1":"product","2":"type-product","3":"status-publish","4":"has-post-thumbnail","6":"product_cat-servomotori","8":"first","9":"instock","10":"shipping-taxable","11":"product-type-simple"},"brands":[],"_links":{"self":[{"href":"https:\/\/store.todsystem.com\/es\/wp-json\/wp\/v2\/product\/1010586","targetHints":{"allow":["GET"]}}],"collection":[{"href":"https:\/\/store.todsystem.com\/es\/wp-json\/wp\/v2\/product"}],"about":[{"href":"https:\/\/store.todsystem.com\/es\/wp-json\/wp\/v2\/types\/product"}],"version-history":[{"count":5,"href":"https:\/\/store.todsystem.com\/es\/wp-json\/wp\/v2\/product\/1010586\/revisions"}],"predecessor-version":[{"id":1015093,"href":"https:\/\/store.todsystem.com\/es\/wp-json\/wp\/v2\/product\/1010586\/revisions\/1015093"}],"wp:featuredmedia":[{"embeddable":true,"href":"https:\/\/store.todsystem.com\/es\/wp-json\/wp\/v2\/media\/1011955"}],"wp:attachment":[{"href":"https:\/\/store.todsystem.com\/es\/wp-json\/wp\/v2\/media?parent=1010586"}],"wp:term":[{"taxonomy":"pwb-brand","embeddable":true,"href":"https:\/\/store.todsystem.com\/es\/wp-json\/wp\/v2\/pwb-brand?post=1010586"},{"taxonomy":"product_brand","embeddable":true,"href":"https:\/\/store.todsystem.com\/es\/wp-json\/wp\/v2\/product_brand?post=1010586"},{"taxonomy":"product_cat","embeddable":true,"href":"https:\/\/store.todsystem.com\/es\/wp-json\/wp\/v2\/product_cat?post=1010586"},{"taxonomy":"product_tag","embeddable":true,"href":"https:\/\/store.todsystem.com\/es\/wp-json\/wp\/v2\/product_tag?post=1010586"}],"curies":[{"name":"wp","href":"https:\/\/api.w.org\/{rel}","templated":true}]}}